{"id":1055,"date":"2020-03-05T06:01:35","date_gmt":"2020-03-05T06:01:35","guid":{"rendered":"http:\/\/wp.dynamiclayers.net\/charitian-import\/?page_id=1055"},"modified":"2025-04-11T16:28:48","modified_gmt":"2025-04-11T16:28:48","slug":"our-causes","status":"publish","type":"page","link":"https:\/\/thevoiceofourseniors.ca\/fr\/our-causes\/","title":{"rendered":"Our Causes"},"content":{"rendered":"<div data-elementor-type=\"wp-page\" data-elementor-id=\"1055\" class=\"elementor elementor-1055\">\n\t\t\t\t\t\t<section class=\"elementor-section elementor-top-section elementor-element elementor-element-651bee56 elementor-section-stretched elementor-section-full_width elementor-section-height-default elementor-section-height-default\" data-id=\"651bee56\" data-element_type=\"section\" data-e-type=\"section\" data-settings=\"{&quot;stretch_section&quot;:&quot;section-stretched&quot;}\">\n\t\t\t\t\t\t<div class=\"elementor-container elementor-column-gap-no\">\n\t\t\t\t\t<div class=\"elementor-column elementor-col-100 elementor-top-column elementor-element elementor-element-7d8726b7\" data-id=\"7d8726b7\" data-element_type=\"column\" data-e-type=\"column\">\n\t\t\t<div class=\"elementor-widget-wrap elementor-element-populated\">\n\t\t\t\t\t\t<div class=\"elementor-element elementor-element-7367ff96 el-align-center elementor-widget elementor-widget-dl_page_header\" data-id=\"7367ff96\" data-element_type=\"widget\" data-e-type=\"widget\" data-widget_type=\"dl_page_header.default\">\n\t\t\t\t<div class=\"elementor-widget-container\">\n\t\t\t\t\t\t\t<div class=\"el-page-header\">\r\n\t\t\t<div class=\"overlay\"><\/div>\t\t\t<div class=\"container\">\r\n\t\t\t\t<div class=\"el-ph-content\">\r\n\t\t\t\t\t<h2 >Fundraising For People<\/h2>\t\t\t\t\t<p >Les dons de charit\u00e9, en tant qu&#039;acte ou devoir religieux, sont appel\u00e9s aum\u00f4nes.<br> \nd\u00e9coule de l\u2019expression la plus \u00e9vidente de la vertu de charit\u00e9.<\/p>\t\t\t\t\t\t\t\t\t\t<ol class=\"breadcrumb-wrap\">\r\n\t\t\t\t\t\t<li><a href=\"https:\/\/thevoiceofourseniors.ca\/fr\/\">\r\n\t\t\t\t\t\t<i class=\"ti-home\"><\/i>Maison\t\t\t\t\t\t<\/a><\/li>\r\n\t\t\t\t\t\t<li class=\"active\">\r\n\t\t\t\t\t\tFundraising For People\t\t\t\t\t\t<\/li>\r\n\t\t\t\t\t<\/ol>\r\n\t\t\t\t\t\t\t\t\t<\/div>\r\n\t\t\t<\/div>\r\n\t\t<\/div>\r\n\t\t\t\t\t\t<\/div>\n\t\t\t\t<\/div>\n\t\t\t\t\t<\/div>\n\t\t<\/div>\n\t\t\t\t\t<\/div>\n\t\t<\/section>\n\t\t\t\t<section class=\"elementor-section elementor-top-section elementor-element elementor-element-50ed401d elementor-section-boxed elementor-section-height-default elementor-section-height-default\" data-id=\"50ed401d\" data-element_type=\"section\" data-e-type=\"section\" data-settings=\"{&quot;background_background&quot;:&quot;classic&quot;}\">\n\t\t\t\t\t\t<div class=\"elementor-container elementor-column-gap-default\">\n\t\t\t\t\t<div class=\"elementor-column elementor-col-100 elementor-top-column elementor-element elementor-element-1cc2e561\" data-id=\"1cc2e561\" data-element_type=\"column\" data-e-type=\"column\">\n\t\t\t<div class=\"elementor-widget-wrap elementor-element-populated\">\n\t\t\t\t\t\t<section class=\"elementor-section elementor-inner-section elementor-element elementor-element-21629ba4 elementor-section-boxed elementor-section-height-default elementor-section-height-default\" data-id=\"21629ba4\" data-element_type=\"section\" data-e-type=\"section\">\n\t\t\t\t\t\t<div class=\"elementor-container elementor-column-gap-default\">\n\t\t\t\t\t<div class=\"elementor-column elementor-col-100 elementor-inner-column elementor-element elementor-element-69857e14\" data-id=\"69857e14\" data-element_type=\"column\" data-e-type=\"column\">\n\t\t\t<div class=\"elementor-widget-wrap elementor-element-populated\">\n\t\t\t\t\t\t<div class=\"elementor-element elementor-element-590a7e96 elementor-widget elementor-widget-dl-donations\" data-id=\"590a7e96\" data-element_type=\"widget\" data-e-type=\"widget\" data-settings=\"{&quot;dl_col_desktop&quot;:&quot;col-lg-4&quot;,&quot;dl_col_tablet&quot;:&quot;col-md-6&quot;,&quot;dl_col_mobile&quot;:&quot;col-sm-6&quot;}\" data-widget_type=\"dl-donations.default\">\n\t\t\t\t<div class=\"elementor-widget-container\">\n\t\t\t\t\t\r\n\t\t\r\n\t\t<div class=\"row donation-list\">\r\n\r\n\t\t\t\t\t\t\t\t<article class=\"donation-item col-lg-4 col-md-6 col-sm-6 post-1619 give_forms type-give_forms status-publish\" id=\"post-1619\">\r\n\t\t\t\t\t\t\t<div class=\"dl-donation-item\">\r\n\t\t\t\t\t<div class=\"donation-thumb\">\r\n\t\t\t\t\t\t<img decoding=\"async\" src=\"https:\/\/thevoiceofourseniors.ca\/wp-content\/plugins\/give\/build\/assets\/dist\/images\/give-placeholder.jpg\" alt=\"Espace r\u00e9serv\u00e9\" \/>\t\t\t\t\t\t<a id=\"give-card-1619\" class=\"give-card donate-btn\" style=\"background-color: \" href=\"https:\/\/thevoiceofourseniors.ca\/fr\/donations\/make-a-donation\/\">Faire un don maintenant<\/a>\t\t\t\t\t\t\t\t\t\t\t\t<div class=\"progress\">\r\n\t\t\t\t\t\t\t<div class=\"progress-bar\" role=\"progressbar\" style=\"width: 163.6%; background-color: \" aria-valuenow=\"163.6\" aria-valuemin=\"0\" aria-valuemax=\"100\">\r\n\t\t\t\t\t\t\t\t<span class=\"wow cssanimation fadeInLeft\" style=\"visibility: visible; animation-name: bfadeInLeft; background-color: \">163.6%<b style=\"border-color: rgb(0,0,0)\"><\/b><\/span>\r\n\t\t\t\t\t\t\t<\/div>\r\n\t\t\t\t\t\t<\/div>\r\n\t\t\t\t\t\t\t\t\t\t\t<\/div>\r\n\t\t\t\t\t<div class=\"donation-details\">\r\n\t\t\t\t\t\t\t\t\t\t\t<h3><a href=\"https:\/\/thevoiceofourseniors.ca\/fr\/donations\/make-a-donation\/\">Formulaire de don<\/a><\/h3>\r\n\t\t\t\t\t\t\t\t\t\t\t\t\t\t<ul class=\"fund-info\">\r\n\t\t\t\t\t\t<li><i class=\"ti-bar-chart\"><\/i>Goal: &#36;1,000<\/li>\r\n\t\t\t\t\t\t<li><i class=\"ti-thumb-up\"><\/i>Raised: &#36;1,636<\/li>\r\n\t\t\t\t\t<\/ul>\r\n\t\t\t\t\t\t\t<\/div>\r\n\t\t\t\t<\/div>\r\n\t\t\t\t\t\t\t<\/article>\r\n\t\t\t\t\t\t\t\t\t<article class=\"donation-item col-lg-4 col-md-6 col-sm-6 post-442 give_forms type-give_forms status-publish\" id=\"post-442\">\r\n\t\t\t\t\t\t\t<div class=\"dl-donation-item\">\r\n\t\t\t\t\t<div class=\"donation-thumb\">\r\n\t\t\t\t\t\t<img decoding=\"async\" src=\"https:\/\/thevoiceofourseniors.ca\/wp-content\/plugins\/give\/build\/assets\/dist\/images\/give-placeholder.jpg\" alt=\"Espace r\u00e9serv\u00e9\" \/>\t\t\t\t\t\t<a id=\"give-card-442\" class=\"give-card donate-btn\" style=\"background-color: \" href=\"https:\/\/thevoiceofourseniors.ca\/fr\/donations\/clean-water-for-poor-children-in-asia\/\">Faire un don maintenant<\/a>\t\t\t\t\t\t\t\t\t\t\t<\/div>\r\n\t\t\t\t\t<div class=\"donation-details\">\r\n\t\t\t\t\t\t\t\t\t\t\t<h3><a href=\"https:\/\/thevoiceofourseniors.ca\/fr\/donations\/clean-water-for-poor-children-in-asia\/\">Clean Water For Poor Children in Asia<\/a><\/h3>\r\n\t\t\t\t\t\t\t\t\t\t\t\t\t\t\t\t\t<\/div>\r\n\t\t\t\t<\/div>\r\n\t\t\t\t\t\t\t<\/article>\r\n\t\t\t\t\t\t\t\t\t<article class=\"donation-item col-lg-4 col-md-6 col-sm-6 post-458 give_forms type-give_forms status-publish\" id=\"post-458\">\r\n\t\t\t\t\t\t\t<div class=\"dl-donation-item\">\r\n\t\t\t\t\t<div class=\"donation-thumb\">\r\n\t\t\t\t\t\t<img decoding=\"async\" src=\"https:\/\/thevoiceofourseniors.ca\/wp-content\/plugins\/give\/build\/assets\/dist\/images\/give-placeholder.jpg\" alt=\"Espace r\u00e9serv\u00e9\" \/>\t\t\t\t\t\t<a id=\"give-card-458\" class=\"give-card donate-btn\" style=\"background-color: \" href=\"https:\/\/thevoiceofourseniors.ca\/fr\/donations\/help-us-for-build-a-new-church\/\">Faire un don maintenant<\/a>\t\t\t\t\t\t\t\t\t\t\t<\/div>\r\n\t\t\t\t\t<div class=\"donation-details\">\r\n\t\t\t\t\t\t\t\t\t\t\t<h3><a href=\"https:\/\/thevoiceofourseniors.ca\/fr\/donations\/help-us-for-build-a-new-church\/\">Help Us For Build a New Church<\/a><\/h3>\r\n\t\t\t\t\t\t\t\t\t\t\t\t\t\t\t\t\t<\/div>\r\n\t\t\t\t<\/div>\r\n\t\t\t\t\t\t\t<\/article>\r\n\t\t\t\t\t\t\t\t\t<article class=\"donation-item col-lg-4 col-md-6 col-sm-6 post-466 give_forms type-give_forms status-publish\" id=\"post-466\">\r\n\t\t\t\t\t\t\t<div class=\"dl-donation-item\">\r\n\t\t\t\t\t<div class=\"donation-thumb\">\r\n\t\t\t\t\t\t<img decoding=\"async\" src=\"https:\/\/thevoiceofourseniors.ca\/wp-content\/plugins\/give\/build\/assets\/dist\/images\/give-placeholder.jpg\" alt=\"Espace r\u00e9serv\u00e9\" \/>\t\t\t\t\t\t<a id=\"give-card-466\" class=\"give-card donate-btn\" style=\"background-color: \" href=\"https:\/\/thevoiceofourseniors.ca\/fr\/donations\/build-school-for-children-in-africa\/\">Faire un don maintenant<\/a>\t\t\t\t\t\t\t\t\t\t\t<\/div>\r\n\t\t\t\t\t<div class=\"donation-details\">\r\n\t\t\t\t\t\t\t\t\t\t\t<h3><a href=\"https:\/\/thevoiceofourseniors.ca\/fr\/donations\/build-school-for-children-in-africa\/\">Build School For Children in Africa<\/a><\/h3>\r\n\t\t\t\t\t\t\t\t\t\t\t\t\t\t\t\t\t<\/div>\r\n\t\t\t\t<\/div>\r\n\t\t\t\t\t\t\t<\/article>\r\n\t\t\t\t\t\t\t\t\t<article class=\"donation-item col-lg-4 col-md-6 col-sm-6 post-470 give_forms type-give_forms status-publish\" id=\"post-470\">\r\n\t\t\t\t\t\t\t<div class=\"dl-donation-item\">\r\n\t\t\t\t\t<div class=\"donation-thumb\">\r\n\t\t\t\t\t\t<img decoding=\"async\" src=\"https:\/\/thevoiceofourseniors.ca\/wp-content\/plugins\/give\/build\/assets\/dist\/images\/give-placeholder.jpg\" alt=\"Espace r\u00e9serv\u00e9\" \/>\t\t\t\t\t\t<a id=\"give-card-470\" class=\"give-card donate-btn\" style=\"background-color: \" href=\"https:\/\/thevoiceofourseniors.ca\/fr\/donations\/medical-facilities-for-people-in-ghana\/\">Faire un don maintenant<\/a>\t\t\t\t\t\t\t\t\t\t\t<\/div>\r\n\t\t\t\t\t<div class=\"donation-details\">\r\n\t\t\t\t\t\t\t\t\t\t\t<h3><a href=\"https:\/\/thevoiceofourseniors.ca\/fr\/donations\/medical-facilities-for-people-in-ghana\/\">Medical Facilities For People in Ghana<\/a><\/h3>\r\n\t\t\t\t\t\t\t\t\t\t\t\t\t\t\t\t\t<\/div>\r\n\t\t\t\t<\/div>\r\n\t\t\t\t\t\t\t<\/article>\r\n\t\t\t\t\t\t\t\t\t<article class=\"donation-item col-lg-4 col-md-6 col-sm-6 post-474 give_forms type-give_forms status-publish\" id=\"post-474\">\r\n\t\t\t\t\t\t\t<div class=\"dl-donation-item\">\r\n\t\t\t\t\t<div class=\"donation-thumb\">\r\n\t\t\t\t\t\t<img decoding=\"async\" src=\"https:\/\/thevoiceofourseniors.ca\/wp-content\/plugins\/give\/build\/assets\/dist\/images\/give-placeholder.jpg\" alt=\"Espace r\u00e9serv\u00e9\" \/>\t\t\t\t\t\t<a id=\"give-card-474\" class=\"give-card donate-btn\" style=\"background-color: \" href=\"https:\/\/thevoiceofourseniors.ca\/fr\/donations\/home-facilities-for-rohinga-muslims\/\">Faire un don maintenant<\/a>\t\t\t\t\t\t\t\t\t\t\t<\/div>\r\n\t\t\t\t\t<div class=\"donation-details\">\r\n\t\t\t\t\t\t\t\t\t\t\t<h3><a href=\"https:\/\/thevoiceofourseniors.ca\/fr\/donations\/home-facilities-for-rohinga-muslims\/\">Home Facilities For Rohinga Muslims<\/a><\/h3>\r\n\t\t\t\t\t\t\t\t\t\t\t\t\t\t\t\t\t<\/div>\r\n\t\t\t\t<\/div>\r\n\t\t\t\t\t\t\t<\/article>\r\n\t\t\t\t\t<\/div>\r\n\t\t\t\t\t\t<\/div>\n\t\t\t\t<\/div>\n\t\t\t\t\t<\/div>\n\t\t<\/div>\n\t\t\t\t\t<\/div>\n\t\t<\/section>\n\t\t\t\t\t<\/div>\n\t\t<\/div>\n\t\t\t\t\t<\/div>\n\t\t<\/section>\n\t\t\t\t<section class=\"elementor-section elementor-top-section elementor-element elementor-element-6da5714a elementor-section-boxed elementor-section-height-default elementor-section-height-default\" data-id=\"6da5714a\" data-element_type=\"section\" data-e-type=\"section\">\n\t\t\t\t\t\t<div class=\"elementor-container elementor-column-gap-default\">\n\t\t\t\t\t<div class=\"elementor-column elementor-col-100 elementor-top-column elementor-element elementor-element-44982aae\" data-id=\"44982aae\" data-element_type=\"column\" data-e-type=\"column\">\n\t\t\t<div class=\"elementor-widget-wrap elementor-element-populated\">\n\t\t\t\t\t\t<div class=\"elementor-element elementor-element-3eb1bf8a elementor-arrows-position-inside elementor-widget elementor-widget-image-carousel\" data-id=\"3eb1bf8a\" data-element_type=\"widget\" data-e-type=\"widget\" data-settings=\"{&quot;slides_to_show&quot;:&quot;6&quot;,&quot;slides_to_show_tablet&quot;:&quot;4&quot;,&quot;slides_to_show_mobile&quot;:&quot;2&quot;,&quot;navigation&quot;:&quot;arrows&quot;,&quot;autoplay&quot;:&quot;yes&quot;,&quot;pause_on_hover&quot;:&quot;yes&quot;,&quot;pause_on_interaction&quot;:&quot;yes&quot;,&quot;autoplay_speed&quot;:5000,&quot;infinite&quot;:&quot;yes&quot;,&quot;speed&quot;:500}\" data-widget_type=\"image-carousel.default\">\n\t\t\t\t<div class=\"elementor-widget-container\">\n\t\t\t\t\t\t\t<div class=\"elementor-image-carousel-wrapper swiper\" role=\"region\" aria-roledescription=\"carousel\" aria-label=\"Carrousel d&#039;images\" dir=\"ltr\">\n\t\t\t<div class=\"elementor-image-carousel swiper-wrapper\" aria-live=\"off\">\n\t\t\t\t\t\t\t\t<div class=\"swiper-slide\" role=\"group\" aria-roledescription=\"slide\" aria-label=\"1 of 6\"><figure class=\"swiper-slide-inner\"><img decoding=\"async\" class=\"swiper-slide-image\" src=\"https:\/\/thevoiceofourseniors.ca\/wp-content\/uploads\/2020\/03\/sponsor-1.png\" alt=\"sponsor-1\" \/><\/figure><\/div><div class=\"swiper-slide\" role=\"group\" aria-roledescription=\"slide\" aria-label=\"2 of 6\"><figure class=\"swiper-slide-inner\"><img decoding=\"async\" class=\"swiper-slide-image\" src=\"https:\/\/thevoiceofourseniors.ca\/wp-content\/uploads\/2020\/03\/sponsor-2.png\" alt=\"sponsor-2\" \/><\/figure><\/div><div class=\"swiper-slide\" role=\"group\" aria-roledescription=\"slide\" aria-label=\"3 of 6\"><figure class=\"swiper-slide-inner\"><img decoding=\"async\" class=\"swiper-slide-image\" src=\"https:\/\/thevoiceofourseniors.ca\/wp-content\/uploads\/2020\/03\/sponsor-3.png\" alt=\"sponsor-3\" \/><\/figure><\/div><div class=\"swiper-slide\" role=\"group\" aria-roledescription=\"slide\" aria-label=\"4 of 6\"><figure class=\"swiper-slide-inner\"><img decoding=\"async\" class=\"swiper-slide-image\" src=\"https:\/\/thevoiceofourseniors.ca\/wp-content\/uploads\/2020\/03\/sponsor-4.png\" alt=\"sponsor-4\" \/><\/figure><\/div><div class=\"swiper-slide\" role=\"group\" aria-roledescription=\"slide\" aria-label=\"5 of 6\"><figure class=\"swiper-slide-inner\"><img decoding=\"async\" class=\"swiper-slide-image\" src=\"https:\/\/thevoiceofourseniors.ca\/wp-content\/uploads\/2020\/03\/sponsor-5.png\" alt=\"sponsor-5\" \/><\/figure><\/div><div class=\"swiper-slide\" role=\"group\" aria-roledescription=\"slide\" aria-label=\"6 of 6\"><figure class=\"swiper-slide-inner\"><img decoding=\"async\" class=\"swiper-slide-image\" src=\"https:\/\/thevoiceofourseniors.ca\/wp-content\/uploads\/2020\/03\/sponsor-6.png\" alt=\"sponsor-6\" \/><\/figure><\/div>\t\t\t<\/div>\n\t\t\t\t\t\t\t\t\t\t\t\t<div class=\"elementor-swiper-button elementor-swiper-button-prev\" role=\"button\" tabindex=\"0\">\n\t\t\t\t\t\t<svg aria-hidden=\"true\" class=\"e-font-icon-svg e-eicon-chevron-left\" viewbox=\"0 0 1000 1000\" xmlns=\"http:\/\/www.w3.org\/2000\/svg\"><path d=\"M646 125C629 125 613 133 604 142L308 442C296 454 292 471 292 487 292 504 296 521 308 533L604 854C617 867 629 875 646 875 663 875 679 871 692 858 704 846 713 829 713 812 713 796 708 779 692 767L438 487 692 225C700 217 708 204 708 187 708 171 704 154 692 142 675 129 663 125 646 125Z\"><\/path><\/svg>\t\t\t\t\t<\/div>\n\t\t\t\t\t<div class=\"elementor-swiper-button elementor-swiper-button-next\" role=\"button\" tabindex=\"0\">\n\t\t\t\t\t\t<svg aria-hidden=\"true\" class=\"e-font-icon-svg e-eicon-chevron-right\" viewbox=\"0 0 1000 1000\" xmlns=\"http:\/\/www.w3.org\/2000\/svg\"><path d=\"M696 533C708 521 713 504 713 487 713 471 708 454 696 446L400 146C388 133 375 125 354 125 338 125 325 129 313 142 300 154 292 171 292 187 292 204 296 221 308 233L563 492 304 771C292 783 288 800 288 817 288 833 296 850 308 863 321 871 338 875 354 875 371 875 388 867 400 854L696 533Z\"><\/path><\/svg>\t\t\t\t\t<\/div>\n\t\t\t\t\n\t\t\t\t\t\t\t\t\t<\/div>\n\t\t\t\t\t\t<\/div>\n\t\t\t\t<\/div>\n\t\t\t\t\t<\/div>\n\t\t<\/div>\n\t\t\t\t\t<\/div>\n\t\t<\/section>\n\t\t\t\t<\/div>","protected":false},"excerpt":{"rendered":"<p>Fundraising For People Charitable giving as a religious act or duty is referred to as alms. The name stems from the most obvious expression of the virtue of charity. Home Fundraising For People Donate Now -1% Clean Water For Poor Children in Asia Goal: &#036;1 Donate Now -1% Help Us For Build a New Church<\/p>","protected":false},"author":1,"featured_media":0,"parent":0,"menu_order":0,"comment_status":"closed","ping_status":"closed","template":"empty-template.php","meta":{"_acf_changed":false,"give_campaign_id":0,"_monsterinsights_skip_tracking":false,"_monsterinsights_sitenote_active":false,"_monsterinsights_sitenote_note":"","_monsterinsights_sitenote_category":0,"footnotes":""},"class_list":["post-1055","page","type-page","status-publish","hentry"],"acf":[],"aioseo_notices":[],"campaignId":"","_links":{"self":[{"href":"https:\/\/thevoiceofourseniors.ca\/fr\/wp-json\/wp\/v2\/pages\/1055","targetHints":{"allow":["GET"]}}],"collection":[{"href":"https:\/\/thevoiceofourseniors.ca\/fr\/wp-json\/wp\/v2\/pages"}],"about":[{"href":"https:\/\/thevoiceofourseniors.ca\/fr\/wp-json\/wp\/v2\/types\/page"}],"author":[{"embeddable":true,"href":"https:\/\/thevoiceofourseniors.ca\/fr\/wp-json\/wp\/v2\/users\/1"}],"replies":[{"embeddable":true,"href":"https:\/\/thevoiceofourseniors.ca\/fr\/wp-json\/wp\/v2\/comments?post=1055"}],"version-history":[{"count":1,"href":"https:\/\/thevoiceofourseniors.ca\/fr\/wp-json\/wp\/v2\/pages\/1055\/revisions"}],"predecessor-version":[{"id":1291,"href":"https:\/\/thevoiceofourseniors.ca\/fr\/wp-json\/wp\/v2\/pages\/1055\/revisions\/1291"}],"wp:attachment":[{"href":"https:\/\/thevoiceofourseniors.ca\/fr\/wp-json\/wp\/v2\/media?parent=1055"}],"curies":[{"name":"wp","href":"https:\/\/api.w.org\/{rel}","templated":true}]}}