{"id":1476,"date":"2025-04-17T14:44:12","date_gmt":"2025-04-17T14:44:12","guid":{"rendered":"https:\/\/thevoiceofourseniors.ca\/?page_id=1476"},"modified":"2025-09-18T23:27:40","modified_gmt":"2025-09-18T23:27:40","slug":"education-and-digital-safety","status":"publish","type":"page","link":"https:\/\/thevoiceofourseniors.ca\/fr\/education-and-digital-safety\/","title":{"rendered":"\u00c9ducation et s\u00e9curit\u00e9 num\u00e9rique"},"content":{"rendered":"<div data-elementor-type=\"wp-page\" data-elementor-id=\"1476\" class=\"elementor elementor-1476\">\n\t\t\t\t\t\t<section class=\"elementor-section elementor-top-section elementor-element elementor-element-22ddacc elementor-section-stretched elementor-section-full_width elementor-section-height-default elementor-section-height-default\" data-id=\"22ddacc\" data-element_type=\"section\" data-e-type=\"section\" data-settings=\"{&quot;stretch_section&quot;:&quot;section-stretched&quot;}\">\n\t\t\t\t\t\t\t<div class=\"elementor-background-overlay\"><\/div>\n\t\t\t\t\t\t\t<div class=\"elementor-container elementor-column-gap-no\">\n\t\t\t\t\t<div class=\"elementor-column elementor-col-100 elementor-top-column elementor-element elementor-element-fb865d5\" data-id=\"fb865d5\" data-element_type=\"column\" data-e-type=\"column\">\n\t\t\t<div class=\"elementor-widget-wrap elementor-element-populated\">\n\t\t\t\t\t\t<div class=\"elementor-element elementor-element-de5b760 el-align-left elementor-widget elementor-widget-dl_page_header\" data-id=\"de5b760\" data-element_type=\"widget\" data-e-type=\"widget\" data-widget_type=\"dl_page_header.default\">\n\t\t\t\t<div class=\"elementor-widget-container\">\n\t\t\t\t\t\t\t<div class=\"el-page-header\">\r\n\t\t\t<div class=\"overlay\"><\/div>\t\t\t<div class=\"container\">\r\n\t\t\t\t<div class=\"el-ph-content\">\r\n\t\t\t\t\t<h2 >\u00c9ducation et s\u00e9curit\u00e9 num\u00e9rique<\/h2>\t\t\t\t\t\t\t\t\t\t\t\t\t\t\t<ol class=\"breadcrumb-wrap\">\r\n\t\t\t\t\t\t<li><a href=\"https:\/\/thevoiceofourseniors.ca\/fr\/\">\r\n\t\t\t\t\t\t<i class=\"ti-home\"><\/i>Maison\t\t\t\t\t\t<\/a><\/li>\r\n\t\t\t\t\t\t<li class=\"active\">\r\n\t\t\t\t\t\t\u00c9ducation et s\u00e9curit\u00e9 num\u00e9rique\t\t\t\t\t\t<\/li>\r\n\t\t\t\t\t<\/ol>\r\n\t\t\t\t\t\t\t\t\t<\/div>\r\n\t\t\t<\/div>\r\n\t\t<\/div>\r\n\t\t\t\t\t\t<\/div>\n\t\t\t\t<\/div>\n\t\t\t\t\t<\/div>\n\t\t<\/div>\n\t\t\t\t\t<\/div>\n\t\t<\/section>\n\t\t<div class=\"elementor-element elementor-element-3a85622 e-flex e-con-boxed e-con e-parent\" data-id=\"3a85622\" data-element_type=\"container\" data-e-type=\"container\">\n\t\t\t\t\t<div class=\"e-con-inner\">\n\t\t\t\t<div class=\"elementor-element elementor-element-16e60cd elementor-widget elementor-widget-heading\" data-id=\"16e60cd\" data-element_type=\"widget\" data-e-type=\"widget\" data-widget_type=\"heading.default\">\n\t\t\t\t<div class=\"elementor-widget-container\">\n\t\t\t\t\t<h2 class=\"elementor-heading-title elementor-size-default\">Donner du pouvoir aux a\u00een\u00e9s gr\u00e2ce \u00e0 la technologie<\/h2>\t\t\t\t<\/div>\n\t\t\t\t<\/div>\n\t\t\t\t\t<\/div>\n\t\t\t\t<\/div>\n\t\t<div class=\"elementor-element elementor-element-184c0b1 e-flex e-con-boxed e-con e-parent\" data-id=\"184c0b1\" data-element_type=\"container\" data-e-type=\"container\">\n\t\t\t\t\t<div class=\"e-con-inner\">\n\t\t\t\t<div class=\"elementor-element elementor-element-0175e94 elementor-widget elementor-widget-text-editor\" data-id=\"0175e94\" data-element_type=\"widget\" data-e-type=\"widget\" data-widget_type=\"text-editor.default\">\n\t\t\t\t<div class=\"elementor-widget-container\">\n\t\t\t\t\t\t\t\t\t<p data-pm-slice=\"1 1 []\">Nous pensons que la ma\u00eetrise du num\u00e9rique n&#039;est pas un luxe, mais une bou\u00e9e de sauvetage. De l&#039;acc\u00e8s aux soins de sant\u00e9 au maintien du contact avec la famille, le monde num\u00e9rique peut ouvrir des portes aux personnes \u00e2g\u00e9es. Mais sans soutien, de nombreuses personnes \u00e2g\u00e9es sont laiss\u00e9es pour compte, vuln\u00e9rables \u00e0 la fraude, \u00e0 la confusion et \u00e0 l&#039;isolement. Notre <strong>\u00c9ducation et s\u00e9curit\u00e9 num\u00e9rique<\/strong> Le programme est l\u00e0 pour changer cela.<\/p><p>Cette initiative vise \u00e0 construire <strong>confiance, s\u00e9curit\u00e9 et ind\u00e9pendance<\/strong> gr\u00e2ce \u00e0 une \u00e9ducation technologique culturellement sensible.<\/p>\t\t\t\t\t\t\t\t<\/div>\n\t\t\t\t<\/div>\n\t\t\t\t\t<\/div>\n\t\t\t\t<\/div>\n\t\t<div class=\"elementor-element elementor-element-1c2ae1e e-flex e-con-boxed e-con e-parent\" data-id=\"1c2ae1e\" data-element_type=\"container\" data-e-type=\"container\">\n\t\t\t\t\t<div class=\"e-con-inner\">\n\t\t<div class=\"elementor-element elementor-element-63f7d7f e-con-full e-flex e-con e-child\" data-id=\"63f7d7f\" data-element_type=\"container\" data-e-type=\"container\">\n\t\t\t\t<div class=\"elementor-element elementor-element-a7bae0d elementor-widget elementor-widget-heading\" data-id=\"a7bae0d\" data-element_type=\"widget\" data-e-type=\"widget\" data-widget_type=\"heading.default\">\n\t\t\t\t<div class=\"elementor-widget-container\">\n\t\t\t\t\t<h2 class=\"elementor-heading-title elementor-size-default\">Ce que propose le programme<\/h2>\t\t\t\t<\/div>\n\t\t\t\t<\/div>\n\t\t\t\t<div class=\"elementor-element elementor-element-aaffd29 elementor-widget elementor-widget-text-editor\" data-id=\"aaffd29\" data-element_type=\"widget\" data-e-type=\"widget\" data-widget_type=\"text-editor.default\">\n\t\t\t\t<div class=\"elementor-widget-container\">\n\t\t\t\t\t\t\t\t\t<ul data-spread=\"false\" data-pm-slice=\"3 3 []\"><li><p><strong>Ateliers pour d\u00e9butants<\/strong>:S\u00e9ances pratiques enseignant les bases de l&#039;utilisation des smartphones, des tablettes, des ordinateurs et d&#039;Internet<\/p><\/li><li><p><strong>Assistance technique individuelle<\/strong>:Aide personnalis\u00e9e aux personnes \u00e2g\u00e9es qui ont besoin de temps et de soins suppl\u00e9mentaires<\/p><\/li><li><p><strong>Formation \u00e0 la s\u00e9curit\u00e9 en ligne<\/strong>: Des le\u00e7ons sur l&#039;identification des escroqueries, la pr\u00e9vention de la fraude et la protection des informations personnelles<\/p><\/li><li><p><strong>Outils de connexion sociale<\/strong>: Apprendre aux a\u00een\u00e9s \u00e0 passer des appels vid\u00e9o, \u00e0 utiliser WhatsApp, \u00e0 envoyer des e-mails et \u00e0 acc\u00e9der aux applications communautaires<\/p><\/li><li><p><strong>Soutien culturel et linguistique<\/strong>:Sessions disponibles en anglais, en fran\u00e7ais et dans d&#039;autres langues communautaires (dans la mesure du possible)<\/p><\/li><li><p><strong>Guides imprim\u00e9s<\/strong>: Des livrets simples et illustr\u00e9s, \u00e9tape par \u00e9tape, pour un usage domestique<\/p><\/li><\/ul>\t\t\t\t\t\t\t\t<\/div>\n\t\t\t\t<\/div>\n\t\t\t\t<\/div>\n\t\t<div class=\"elementor-element elementor-element-6c9f8c2 e-con-full e-flex e-con e-child\" data-id=\"6c9f8c2\" data-element_type=\"container\" data-e-type=\"container\">\n\t\t\t\t<div class=\"elementor-element elementor-element-2ce19b7 elementor-widget elementor-widget-image\" data-id=\"2ce19b7\" data-element_type=\"widget\" data-e-type=\"widget\" data-widget_type=\"image.default\">\n\t\t\t\t<div class=\"elementor-widget-container\">\n\t\t\t\t\t\t\t\t\t\t\t\t\t\t\t<img fetchpriority=\"high\" decoding=\"async\" width=\"810\" height=\"825\" src=\"https:\/\/thevoiceofourseniors.ca\/wp-content\/uploads\/2025\/04\/Untitled-design-59.png\" class=\"attachment-large size-large wp-image-1480\" alt=\"\" srcset=\"https:\/\/thevoiceofourseniors.ca\/wp-content\/uploads\/2025\/04\/Untitled-design-59.png 810w, https:\/\/thevoiceofourseniors.ca\/wp-content\/uploads\/2025\/04\/Untitled-design-59-295x300.png 295w, https:\/\/thevoiceofourseniors.ca\/wp-content\/uploads\/2025\/04\/Untitled-design-59-768x782.png 768w\" sizes=\"(max-width: 810px) 100vw, 810px\" \/>\t\t\t\t\t\t\t\t\t\t\t\t\t\t\t<\/div>\n\t\t\t\t<\/div>\n\t\t\t\t<\/div>\n\t\t\t\t\t<\/div>\n\t\t\t\t<\/div>\n\t\t<div class=\"elementor-element elementor-element-9808ae8 e-flex e-con-boxed e-con e-parent\" data-id=\"9808ae8\" data-element_type=\"container\" data-e-type=\"container\" data-settings=\"{&quot;background_background&quot;:&quot;classic&quot;}\">\n\t\t\t\t\t<div class=\"e-con-inner\">\n\t\t<div class=\"elementor-element elementor-element-b1aff54 e-con-full e-flex e-con e-child\" data-id=\"b1aff54\" data-element_type=\"container\" data-e-type=\"container\">\n\t\t\t\t<div class=\"elementor-element elementor-element-fb317d2 elementor-widget elementor-widget-heading\" data-id=\"fb317d2\" data-element_type=\"widget\" data-e-type=\"widget\" data-widget_type=\"heading.default\">\n\t\t\t\t<div class=\"elementor-widget-container\">\n\t\t\t\t\t<h2 class=\"elementor-heading-title elementor-size-default\">\u00c0 qui s&#039;adresse ce programme<\/h2>\t\t\t\t<\/div>\n\t\t\t\t<\/div>\n\t\t\t\t<div class=\"elementor-element elementor-element-e87a09c elementor-widget elementor-widget-text-editor\" data-id=\"e87a09c\" data-element_type=\"widget\" data-e-type=\"widget\" data-widget_type=\"text-editor.default\">\n\t\t\t\t<div class=\"elementor-widget-container\">\n\t\t\t\t\t\t\t\t\t<ol><li>Les personnes \u00e2g\u00e9es de 55 ans et plus qui se sentent d\u00e9connect\u00e9es de la technologie<\/li><li>Les a\u00een\u00e9s qui ont \u00e9t\u00e9 victimes de fraude ou de vol d&#039;identit\u00e9<\/li><li>Les personnes \u00e2g\u00e9es noires et racialis\u00e9es dont les besoins culturels ou linguistiques sont souvent n\u00e9glig\u00e9s dans la formation technologique traditionnelle<\/li><li>Les membres de la famille ou les soignants qui souhaitent soutenir la croissance num\u00e9rique de leurs proches<\/li><\/ol>\t\t\t\t\t\t\t\t<\/div>\n\t\t\t\t<\/div>\n\t\t\t\t<\/div>\n\t\t\t\t\t<\/div>\n\t\t\t\t<\/div>\n\t\t<div class=\"elementor-element elementor-element-a5dbc66 e-flex e-con-boxed e-con e-parent\" data-id=\"a5dbc66\" data-element_type=\"container\" data-e-type=\"container\" data-settings=\"{&quot;background_background&quot;:&quot;classic&quot;}\">\n\t\t\t\t\t<div class=\"e-con-inner\">\n\t\t<div class=\"elementor-element elementor-element-6a9b1a1 e-con-full e-flex e-con e-child\" data-id=\"6a9b1a1\" data-element_type=\"container\" data-e-type=\"container\">\n\t\t\t\t<div class=\"elementor-element elementor-element-5e76e84 elementor-widget elementor-widget-heading\" data-id=\"5e76e84\" data-element_type=\"widget\" data-e-type=\"widget\" data-widget_type=\"heading.default\">\n\t\t\t\t<div class=\"elementor-widget-container\">\n\t\t\t\t\t<h2 class=\"elementor-heading-title elementor-size-default\">Comment soutenir ce programme<\/h2>\t\t\t\t<\/div>\n\t\t\t\t<\/div>\n\t\t\t\t<div class=\"elementor-element elementor-element-30d99b5 elementor-widget elementor-widget-image\" data-id=\"30d99b5\" data-element_type=\"widget\" data-e-type=\"widget\" data-widget_type=\"image.default\">\n\t\t\t\t<div class=\"elementor-widget-container\">\n\t\t\t\t\t\t\t\t\t\t\t\t\t\t\t<img decoding=\"async\" width=\"825\" height=\"387\" src=\"https:\/\/thevoiceofourseniors.ca\/wp-content\/uploads\/2025\/04\/Untitled-design-58-1024x480.png\" class=\"attachment-large size-large wp-image-1479\" alt=\"Empowering Elders Through Technology\" srcset=\"https:\/\/thevoiceofourseniors.ca\/wp-content\/uploads\/2025\/04\/Untitled-design-58-1024x480.png 1024w, https:\/\/thevoiceofourseniors.ca\/wp-content\/uploads\/2025\/04\/Untitled-design-58-300x141.png 300w, https:\/\/thevoiceofourseniors.ca\/wp-content\/uploads\/2025\/04\/Untitled-design-58-768x360.png 768w, https:\/\/thevoiceofourseniors.ca\/wp-content\/uploads\/2025\/04\/Untitled-design-58-1536x720.png 1536w, https:\/\/thevoiceofourseniors.ca\/wp-content\/uploads\/2025\/04\/Untitled-design-58.png 1920w\" sizes=\"(max-width: 825px) 100vw, 825px\" \/>\t\t\t\t\t\t\t\t\t\t\t\t\t\t\t<\/div>\n\t\t\t\t<\/div>\n\t\t\t\t<\/div>\n\t\t<div class=\"elementor-element elementor-element-c179aa1 e-con-full e-flex e-con e-child\" data-id=\"c179aa1\" data-element_type=\"container\" data-e-type=\"container\">\n\t\t\t\t<div class=\"elementor-element elementor-element-bc8a52d elementor-widget elementor-widget-text-editor\" data-id=\"bc8a52d\" data-element_type=\"widget\" data-e-type=\"widget\" data-widget_type=\"text-editor.default\">\n\t\t\t\t<div class=\"elementor-widget-container\">\n\t\t\t\t\t\t\t\t\t<p data-pm-slice=\"1 1 []\"><span style=\"color: #ff0000;\"><strong>Faire un don<\/strong><\/span>:Vos contributions financent les tablettes, l\u2019acc\u00e8s \u00e0 Internet, l\u2019impression de guides et le soutien \u00e0 la traduction linguistique.<\/p><p><span style=\"color: #ff0000;\"><strong>Parrainer une session<\/strong><\/span>:Nous invitons les entreprises locales ou les partenaires communautaires \u00e0 parrainer des \u00e9v\u00e9nements de formation sp\u00e9cifiques.<\/p><p><span style=\"color: #ff0000;\"><strong>Parrainer un a\u00een\u00e9<\/strong><\/span>Si vous connaissez quelqu&#039;un qui a besoin de ce soutien, contactez-nous. Nous sommes l\u00e0 pour vous aider.<\/p><p><span style=\"color: #ff0000;\"><strong>Passez le mot<\/strong><\/span>: Partagez notre programme avec les centres communautaires, les \u00e9glises, les maisons de retraite et les groupes en ligne.<\/p>\t\t\t\t\t\t\t\t<\/div>\n\t\t\t\t<\/div>\n\t\t\t\t<\/div>\n\t\t\t\t\t<\/div>\n\t\t\t\t<\/div>\n\t\t\t\t<section class=\"elementor-section elementor-top-section elementor-element elementor-element-48d3213 elementor-section-content-middle elementor-section-boxed elementor-section-height-default elementor-section-height-default\" data-id=\"48d3213\" data-element_type=\"section\" data-e-type=\"section\">\n\t\t\t\t\t\t<div class=\"elementor-container elementor-column-gap-default\">\n\t\t\t\t\t<div class=\"elementor-column elementor-col-50 elementor-top-column elementor-element elementor-element-63bb423\" data-id=\"63bb423\" data-element_type=\"column\" data-e-type=\"column\">\n\t\t\t<div class=\"elementor-widget-wrap elementor-element-populated\">\n\t\t\t\t\t\t<div class=\"elementor-element elementor-element-3d76f0a elementor-widget elementor-widget-image\" data-id=\"3d76f0a\" data-element_type=\"widget\" data-e-type=\"widget\" data-widget_type=\"image.default\">\n\t\t\t\t<div class=\"elementor-widget-container\">\n\t\t\t\t\t\t\t\t\t\t\t\t\t\t\t<img decoding=\"async\" width=\"450\" height=\"420\" src=\"https:\/\/thevoiceofourseniors.ca\/wp-content\/uploads\/2025\/04\/Untitled-design-51-450x420.png\" class=\"attachment-charitian_450x420 size-charitian_450x420 wp-image-1339\" alt=\"Seniors\" \/>\t\t\t\t\t\t\t\t\t\t\t\t\t\t\t<\/div>\n\t\t\t\t<\/div>\n\t\t\t\t\t<\/div>\n\t\t<\/div>\n\t\t\t\t<div class=\"elementor-column elementor-col-50 elementor-top-column elementor-element elementor-element-cf8c479\" data-id=\"cf8c479\" data-element_type=\"column\" data-e-type=\"column\">\n\t\t\t<div class=\"elementor-widget-wrap elementor-element-populated\">\n\t\t\t\t\t\t<div class=\"elementor-element elementor-element-2bdf761 elementor-widget elementor-widget-heading\" data-id=\"2bdf761\" data-element_type=\"widget\" data-e-type=\"widget\" data-widget_type=\"heading.default\">\n\t\t\t\t<div class=\"elementor-widget-container\">\n\t\t\t\t\t<h2 class=\"elementor-heading-title elementor-size-default\">Pourquoi c&#039;est important<\/h2>\t\t\t\t<\/div>\n\t\t\t\t<\/div>\n\t\t\t\t<div class=\"elementor-element elementor-element-71668f2 elementor-widget elementor-widget-text-editor\" data-id=\"71668f2\" data-element_type=\"widget\" data-e-type=\"widget\" data-widget_type=\"text-editor.default\">\n\t\t\t\t<div class=\"elementor-widget-container\">\n\t\t\t\t\t\t\t\t\t<p data-pm-slice=\"1 1 []\">Sans acc\u00e8s \u00e0 la technologie et sans comp\u00e9tences en mati\u00e8re de s\u00e9curit\u00e9, de nombreuses personnes \u00e2g\u00e9es :<\/p><ul><li>Difficult\u00e9 \u00e0 prendre des rendez-vous m\u00e9dicaux<\/li><li>Se sentir isol\u00e9 de ses enfants et petits-enfants<\/li><li>\u00catre victime d&#039;escroqueries ou d&#039;abus num\u00e9riques<\/li><li>Manquez les \u00e9v\u00e9nements et le soutien communautaires<\/li><\/ul><p data-pm-slice=\"1 1 []\">Nous accordons la priorit\u00e9 aux personnes de 55 ans et plus, y compris celles souffrant d\u2019un handicap, de d\u00e9mence ou de barri\u00e8res linguistiques.<\/p>\t\t\t\t\t\t\t\t<\/div>\n\t\t\t\t<\/div>\n\t\t\t\t<div class=\"elementor-element elementor-element-09083ea wt-align-left elementor-widget elementor-widget-sc_button\" data-id=\"09083ea\" data-element_type=\"widget\" data-e-type=\"widget\" data-settings=\"{&quot;btn_style&quot;:&quot;1&quot;}\" data-widget_type=\"sc_button.default\">\n\t\t\t\t<div class=\"elementor-widget-container\">\n\t\t\t\t\t\t\t<div id=\"wt-at-09083ea\" class=\"wt-button-wrap\">\r\n\t\t\t<a href=\"https:\/\/thevoiceofourseniors.ca\/fr\/fundraising-campaign\/\" class=\"dl-btn-2\">Faire un don<span><\/span><\/a>\t\t<\/div>\r\n\r\n\t\t\t\t\t<\/div>\n\t\t\t\t<\/div>\n\t\t\t\t\t<\/div>\n\t\t<\/div>\n\t\t\t\t\t<\/div>\n\t\t<\/section>\n\t\t\t\t<section class=\"elementor-section elementor-top-section elementor-element elementor-element-143cec0 elementor-section-boxed elementor-section-height-default elementor-section-height-default\" data-id=\"143cec0\" data-element_type=\"section\" data-e-type=\"section\">\n\t\t\t\t\t\t<div class=\"elementor-container elementor-column-gap-default\">\n\t\t\t\t\t<div class=\"elementor-column elementor-col-100 elementor-top-column elementor-element elementor-element-dc3a7a5\" data-id=\"dc3a7a5\" data-element_type=\"column\" data-e-type=\"column\">\n\t\t\t<div class=\"elementor-widget-wrap elementor-element-populated\">\n\t\t\t\t\t\t<div class=\"elementor-element elementor-element-6ad0894 elementor-widget elementor-widget-heading\" data-id=\"6ad0894\" data-element_type=\"widget\" data-e-type=\"widget\" data-widget_type=\"heading.default\">\n\t\t\t\t<div class=\"elementor-widget-container\">\n\t\t\t\t\t<h2 class=\"elementor-heading-title elementor-size-default\">Partenaires<\/h2>\t\t\t\t<\/div>\n\t\t\t\t<\/div>\n\t\t\t\t\t<\/div>\n\t\t<\/div>\n\t\t\t\t\t<\/div>\n\t\t<\/section>\n\t\t<div class=\"elementor-element elementor-element-6c8f90f e-flex e-con-boxed e-con e-parent\" data-id=\"6c8f90f\" data-element_type=\"container\" data-e-type=\"container\">\n\t\t\t\t\t<div class=\"e-con-inner\">\n\t\t<div class=\"elementor-element elementor-element-b809664 e-con-full e-flex e-con e-child\" data-id=\"b809664\" data-element_type=\"container\" data-e-type=\"container\">\n\t\t\t\t<\/div>\n\t\t<div class=\"elementor-element elementor-element-c97b1e3 e-con-full e-flex e-con e-child\" data-id=\"c97b1e3\" data-element_type=\"container\" data-e-type=\"container\">\n\t\t\t\t<div class=\"elementor-element elementor-element-999889d elementor-widget elementor-widget-image\" data-id=\"999889d\" data-element_type=\"widget\" data-e-type=\"widget\" data-widget_type=\"image.default\">\n\t\t\t\t<div class=\"elementor-widget-container\">\n\t\t\t\t\t\t\t\t\t\t\t\t\t\t\t<img loading=\"lazy\" decoding=\"async\" width=\"300\" height=\"157\" src=\"https:\/\/thevoiceofourseniors.ca\/wp-content\/uploads\/2025\/04\/ATEHO-fullcolour-vertical-300x157.png\" class=\"attachment-medium size-medium wp-image-1668\" alt=\"ATEHO\" srcset=\"https:\/\/thevoiceofourseniors.ca\/wp-content\/uploads\/2025\/04\/ATEHO-fullcolour-vertical-300x157.png 300w, https:\/\/thevoiceofourseniors.ca\/wp-content\/uploads\/2025\/04\/ATEHO-fullcolour-vertical-1024x535.png 1024w, https:\/\/thevoiceofourseniors.ca\/wp-content\/uploads\/2025\/04\/ATEHO-fullcolour-vertical-768x401.png 768w, https:\/\/thevoiceofourseniors.ca\/wp-content\/uploads\/2025\/04\/ATEHO-fullcolour-vertical.png 1244w\" sizes=\"(max-width: 300px) 100vw, 300px\" \/>\t\t\t\t\t\t\t\t\t\t\t\t\t\t\t<\/div>\n\t\t\t\t<\/div>\n\t\t\t\t<\/div>\n\t\t<div class=\"elementor-element elementor-element-477f0a2 e-con-full e-flex e-con e-child\" data-id=\"477f0a2\" data-element_type=\"container\" data-e-type=\"container\">\n\t\t\t\t<div class=\"elementor-element elementor-element-f1eed65 elementor-widget elementor-widget-image\" data-id=\"f1eed65\" data-element_type=\"widget\" data-e-type=\"widget\" data-widget_type=\"image.default\">\n\t\t\t\t<div class=\"elementor-widget-container\">\n\t\t\t\t\t\t\t\t\t\t\t\t\t\t\t<img loading=\"lazy\" decoding=\"async\" width=\"300\" height=\"129\" src=\"https:\/\/thevoiceofourseniors.ca\/wp-content\/uploads\/2025\/09\/unnamed-e1758237230585-300x129.png\" class=\"attachment-medium size-medium wp-image-2174\" alt=\"RTO\" srcset=\"https:\/\/thevoiceofourseniors.ca\/wp-content\/uploads\/2025\/09\/unnamed-e1758237230585-300x130.png 300w, https:\/\/thevoiceofourseniors.ca\/wp-content\/uploads\/2025\/09\/unnamed-e1758237230585-18x8.png 18w, https:\/\/thevoiceofourseniors.ca\/wp-content\/uploads\/2025\/09\/unnamed-e1758237230585.png 303w\" sizes=\"(max-width: 300px) 100vw, 300px\" \/>\t\t\t\t\t\t\t\t\t\t\t\t\t\t\t<\/div>\n\t\t\t\t<\/div>\n\t\t\t\t<\/div>\n\t\t<div class=\"elementor-element elementor-element-4be093f e-con-full e-flex e-con e-child\" data-id=\"4be093f\" data-element_type=\"container\" data-e-type=\"container\">\n\t\t\t\t<\/div>\n\t\t\t\t\t<\/div>\n\t\t\t\t<\/div>\n\t\t\t\t<\/div>","protected":false},"excerpt":{"rendered":"<p>Education &amp; Digital Safety Home Education &amp; Digital Safety Empowering Elders Through Technology We believe that digital literacy is not a luxury\u2014it&#8217;s a lifeline. From accessing healthcare to staying in touch with family, the digital world can open doors for older adults. But without support, many elders are left behind, vulnerable to fraud, confusion, and<\/p>","protected":false},"author":1,"featured_media":0,"parent":0,"menu_order":0,"comment_status":"closed","ping_status":"closed","template":"empty-template.php","meta":{"_acf_changed":false,"give_campaign_id":0,"_monsterinsights_skip_tracking":false,"_monsterinsights_sitenote_active":false,"_monsterinsights_sitenote_note":"","_monsterinsights_sitenote_category":0,"footnotes":""},"class_list":["post-1476","page","type-page","status-publish","hentry"],"acf":[],"aioseo_notices":[],"campaignId":"","_links":{"self":[{"href":"https:\/\/thevoiceofourseniors.ca\/fr\/wp-json\/wp\/v2\/pages\/1476","targetHints":{"allow":["GET"]}}],"collection":[{"href":"https:\/\/thevoiceofourseniors.ca\/fr\/wp-json\/wp\/v2\/pages"}],"about":[{"href":"https:\/\/thevoiceofourseniors.ca\/fr\/wp-json\/wp\/v2\/types\/page"}],"author":[{"embeddable":true,"href":"https:\/\/thevoiceofourseniors.ca\/fr\/wp-json\/wp\/v2\/users\/1"}],"replies":[{"embeddable":true,"href":"https:\/\/thevoiceofourseniors.ca\/fr\/wp-json\/wp\/v2\/comments?post=1476"}],"version-history":[{"count":20,"href":"https:\/\/thevoiceofourseniors.ca\/fr\/wp-json\/wp\/v2\/pages\/1476\/revisions"}],"predecessor-version":[{"id":2192,"href":"https:\/\/thevoiceofourseniors.ca\/fr\/wp-json\/wp\/v2\/pages\/1476\/revisions\/2192"}],"wp:attachment":[{"href":"https:\/\/thevoiceofourseniors.ca\/fr\/wp-json\/wp\/v2\/media?parent=1476"}],"curies":[{"name":"wp","href":"https:\/\/api.w.org\/{rel}","templated":true}]}}