{"id":1489,"date":"2025-04-17T15:50:04","date_gmt":"2025-04-17T15:50:04","guid":{"rendered":"https:\/\/thevoiceofourseniors.ca\/?page_id=1489"},"modified":"2025-09-18T23:28:42","modified_gmt":"2025-09-18T23:28:42","slug":"research-legal-advocacy","status":"publish","type":"page","link":"https:\/\/thevoiceofourseniors.ca\/fr\/research-legal-advocacy\/","title":{"rendered":"Recherche et plaidoyer juridique"},"content":{"rendered":"<div data-elementor-type=\"wp-page\" data-elementor-id=\"1489\" class=\"elementor elementor-1489\">\n\t\t\t\t\t\t<section class=\"elementor-section elementor-top-section elementor-element elementor-element-22ddacc elementor-section-stretched elementor-section-full_width elementor-section-height-default elementor-section-height-default\" data-id=\"22ddacc\" data-element_type=\"section\" data-e-type=\"section\" data-settings=\"{&quot;stretch_section&quot;:&quot;section-stretched&quot;}\">\n\t\t\t\t\t\t\t<div class=\"elementor-background-overlay\"><\/div>\n\t\t\t\t\t\t\t<div class=\"elementor-container elementor-column-gap-no\">\n\t\t\t\t\t<div class=\"elementor-column elementor-col-100 elementor-top-column elementor-element elementor-element-fb865d5\" data-id=\"fb865d5\" data-element_type=\"column\" data-e-type=\"column\">\n\t\t\t<div class=\"elementor-widget-wrap elementor-element-populated\">\n\t\t\t\t\t\t<div class=\"elementor-element elementor-element-de5b760 el-align-left elementor-widget elementor-widget-dl_page_header\" data-id=\"de5b760\" data-element_type=\"widget\" data-e-type=\"widget\" data-widget_type=\"dl_page_header.default\">\n\t\t\t\t<div class=\"elementor-widget-container\">\n\t\t\t\t\t\t\t<div class=\"el-page-header\">\r\n\t\t\t<div class=\"overlay\"><\/div>\t\t\t<div class=\"container\">\r\n\t\t\t\t<div class=\"el-ph-content\">\r\n\t\t\t\t\t<h2 >Recherche et plaidoyer juridique<\/h2>\t\t\t\t\t\t\t\t\t\t\t\t\t\t\t<ol class=\"breadcrumb-wrap\">\r\n\t\t\t\t\t\t<li><a href=\"https:\/\/thevoiceofourseniors.ca\/fr\/\">\r\n\t\t\t\t\t\t<i class=\"ti-home\"><\/i>Maison\t\t\t\t\t\t<\/a><\/li>\r\n\t\t\t\t\t\t<li class=\"active\">\r\n\t\t\t\t\t\tRecherche et plaidoyer juridique\t\t\t\t\t\t<\/li>\r\n\t\t\t\t\t<\/ol>\r\n\t\t\t\t\t\t\t\t\t<\/div>\r\n\t\t\t<\/div>\r\n\t\t<\/div>\r\n\t\t\t\t\t\t<\/div>\n\t\t\t\t<\/div>\n\t\t\t\t\t<\/div>\n\t\t<\/div>\n\t\t\t\t\t<\/div>\n\t\t<\/section>\n\t\t<div class=\"elementor-element elementor-element-3a85622 e-flex e-con-boxed e-con e-parent\" data-id=\"3a85622\" data-element_type=\"container\" data-e-type=\"container\">\n\t\t\t\t\t<div class=\"e-con-inner\">\n\t\t\t\t<div class=\"elementor-element elementor-element-16e60cd elementor-widget elementor-widget-heading\" data-id=\"16e60cd\" data-element_type=\"widget\" data-e-type=\"widget\" data-widget_type=\"heading.default\">\n\t\t\t\t<div class=\"elementor-widget-container\">\n\t\t\t\t\t<h2 class=\"elementor-heading-title elementor-size-default\">Faire progresser les droits des a\u00een\u00e9s gr\u00e2ce \u00e0 la connaissance et aux politiques<\/h2>\t\t\t\t<\/div>\n\t\t\t\t<\/div>\n\t\t\t\t\t<\/div>\n\t\t\t\t<\/div>\n\t\t<div class=\"elementor-element elementor-element-184c0b1 e-flex e-con-boxed e-con e-parent\" data-id=\"184c0b1\" data-element_type=\"container\" data-e-type=\"container\">\n\t\t\t\t\t<div class=\"e-con-inner\">\n\t\t\t\t<div class=\"elementor-element elementor-element-0175e94 elementor-widget elementor-widget-text-editor\" data-id=\"0175e94\" data-element_type=\"widget\" data-e-type=\"widget\" data-widget_type=\"text-editor.default\">\n\t\t\t\t<div class=\"elementor-widget-container\">\n\t\t\t\t\t\t\t\t\t<p data-pm-slice=\"1 1 []\">\u00c0 <span style=\"color: #ff0000;\"><strong><em>La voix de nos a\u00een\u00e9s<\/em><\/strong><\/span>, nous pensons que le plaidoyer doit commencer par la sensibilisation. Notre <strong>Recherche et plaidoyer juridique<\/strong> Le programme vise \u00e0 d\u00e9couvrir les obstacles syst\u00e9miques auxquels sont confront\u00e9es les personnes \u00e2g\u00e9es, en particulier les personnes \u00e2g\u00e9es noires canadiennes, et \u00e0 transformer ces connaissances en solutions concr\u00e8tes.<\/p><p>Ce programme utilise la recherche, la narration, l\u2019\u00e9ducation juridique et la sensibilisation aux politiques pour garantir que nos a\u00een\u00e9s ne sont pas seulement pris en charge, mais \u00e9galement prot\u00e9g\u00e9s, respect\u00e9s et autonomes.<\/p>\t\t\t\t\t\t\t\t<\/div>\n\t\t\t\t<\/div>\n\t\t\t\t\t<\/div>\n\t\t\t\t<\/div>\n\t\t<div class=\"elementor-element elementor-element-1c2ae1e e-flex e-con-boxed e-con e-parent\" data-id=\"1c2ae1e\" data-element_type=\"container\" data-e-type=\"container\">\n\t\t\t\t\t<div class=\"e-con-inner\">\n\t\t<div class=\"elementor-element elementor-element-63f7d7f e-con-full e-flex e-con e-child\" data-id=\"63f7d7f\" data-element_type=\"container\" data-e-type=\"container\">\n\t\t\t\t<div class=\"elementor-element elementor-element-a7bae0d elementor-widget elementor-widget-heading\" data-id=\"a7bae0d\" data-element_type=\"widget\" data-e-type=\"widget\" data-widget_type=\"heading.default\">\n\t\t\t\t<div class=\"elementor-widget-container\">\n\t\t\t\t\t<h2 class=\"elementor-heading-title elementor-size-default\">Ce que propose le programme<\/h2>\t\t\t\t<\/div>\n\t\t\t\t<\/div>\n\t\t\t\t<div class=\"elementor-element elementor-element-aaffd29 elementor-widget elementor-widget-text-editor\" data-id=\"aaffd29\" data-element_type=\"widget\" data-e-type=\"widget\" data-widget_type=\"text-editor.default\">\n\t\t\t\t<div class=\"elementor-widget-container\">\n\t\t\t\t\t\t\t\t\t<ul><li><strong>Recherche communautaire<\/strong>:Nous documentons les exp\u00e9riences v\u00e9cues, menons des entretiens et recueillons des donn\u00e9es sur l\u2019\u00e2gisme, la n\u00e9gligence envers les personnes \u00e2g\u00e9es et les lacunes en mati\u00e8re de soins.<br \/><br \/><\/li><li><strong>Plaidoyer politique<\/strong>:Nous partageons les r\u00e9sultats avec les d\u00e9cideurs politiques afin d\u2019influencer les soins aux personnes \u00e2g\u00e9es, le soutien aux personnes atteintes de d\u00e9mence et les pratiques de sant\u00e9 culturellement s\u00fbres.<br \/><br \/><\/li><li><strong>\u00c9ducation aux droits l\u00e9gaux<\/strong>:Nous organisons des ateliers et des webinaires pour les personnes \u00e2g\u00e9es et les familles afin de comprendre les protections juridiques, les procurations, la maltraitance des personnes \u00e2g\u00e9es, les droits au logement et la navigation dans les syst\u00e8mes de soins.<br \/><br \/><\/li><li><strong>Rapports publics et bo\u00eetes \u00e0 outils<\/strong>:Nous publions des r\u00e9sum\u00e9s de recherche accessibles \u00e0 la communaut\u00e9 et des bo\u00eetes \u00e0 outils pour les soignants.<\/li><\/ul>\t\t\t\t\t\t\t\t<\/div>\n\t\t\t\t<\/div>\n\t\t\t\t<\/div>\n\t\t<div class=\"elementor-element elementor-element-6c9f8c2 e-con-full e-flex e-con e-child\" data-id=\"6c9f8c2\" data-element_type=\"container\" data-e-type=\"container\">\n\t\t\t\t<div class=\"elementor-element elementor-element-2ce19b7 elementor-widget elementor-widget-image\" data-id=\"2ce19b7\" data-element_type=\"widget\" data-e-type=\"widget\" data-widget_type=\"image.default\">\n\t\t\t\t<div class=\"elementor-widget-container\">\n\t\t\t\t\t\t\t\t\t\t\t\t\t\t\t<img fetchpriority=\"high\" decoding=\"async\" width=\"810\" height=\"825\" src=\"https:\/\/thevoiceofourseniors.ca\/wp-content\/uploads\/2025\/04\/5-3.png\" class=\"attachment-large size-large wp-image-1498\" alt=\"\" srcset=\"https:\/\/thevoiceofourseniors.ca\/wp-content\/uploads\/2025\/04\/5-3.png 810w, https:\/\/thevoiceofourseniors.ca\/wp-content\/uploads\/2025\/04\/5-3-295x300.png 295w, https:\/\/thevoiceofourseniors.ca\/wp-content\/uploads\/2025\/04\/5-3-768x782.png 768w\" sizes=\"(max-width: 810px) 100vw, 810px\" \/>\t\t\t\t\t\t\t\t\t\t\t\t\t\t\t<\/div>\n\t\t\t\t<\/div>\n\t\t\t\t<\/div>\n\t\t\t\t\t<\/div>\n\t\t\t\t<\/div>\n\t\t<div class=\"elementor-element elementor-element-9808ae8 e-flex e-con-boxed e-con e-parent\" data-id=\"9808ae8\" data-element_type=\"container\" data-e-type=\"container\" data-settings=\"{&quot;background_background&quot;:&quot;classic&quot;}\">\n\t\t\t\t\t<div class=\"e-con-inner\">\n\t\t<div class=\"elementor-element elementor-element-b1aff54 e-con-full e-flex e-con e-child\" data-id=\"b1aff54\" data-element_type=\"container\" data-e-type=\"container\">\n\t\t\t\t<div class=\"elementor-element elementor-element-fb317d2 elementor-widget elementor-widget-heading\" data-id=\"fb317d2\" data-element_type=\"widget\" data-e-type=\"widget\" data-widget_type=\"heading.default\">\n\t\t\t\t<div class=\"elementor-widget-container\">\n\t\t\t\t\t<h2 class=\"elementor-heading-title elementor-size-default\">\u00c0 qui s&#039;adresse ce programme<\/h2>\t\t\t\t<\/div>\n\t\t\t\t<\/div>\n\t\t\t\t<div class=\"elementor-element elementor-element-e87a09c elementor-widget elementor-widget-text-editor\" data-id=\"e87a09c\" data-element_type=\"widget\" data-e-type=\"widget\" data-widget_type=\"text-editor.default\">\n\t\t\t\t<div class=\"elementor-widget-container\">\n\t\t\t\t\t\t\t\t\t<ol><li><p>Les personnes \u00e2g\u00e9es vivant avec ou \u00e0 risque de d\u00e9mence, en particulier dans les communaut\u00e9s noires<\/p><\/li><li><p>Aidants familiaux et d\u00e9fenseurs de la communaut\u00e9<\/p><\/li><li><p>Prestataires de services \u00e0 la recherche de pratiques culturellement inform\u00e9es<\/p><\/li><li><p>D\u00e9cideurs politiques, d\u00e9fenseurs juridiques et professionnels de la sant\u00e9<\/p><\/li><\/ol>\t\t\t\t\t\t\t\t<\/div>\n\t\t\t\t<\/div>\n\t\t\t\t<\/div>\n\t\t\t\t\t<\/div>\n\t\t\t\t<\/div>\n\t\t<div class=\"elementor-element elementor-element-a5dbc66 e-flex e-con-boxed e-con e-parent\" data-id=\"a5dbc66\" data-element_type=\"container\" data-e-type=\"container\" data-settings=\"{&quot;background_background&quot;:&quot;classic&quot;}\">\n\t\t\t\t\t<div class=\"e-con-inner\">\n\t\t<div class=\"elementor-element elementor-element-6a9b1a1 e-con-full e-flex e-con e-child\" data-id=\"6a9b1a1\" data-element_type=\"container\" data-e-type=\"container\">\n\t\t\t\t<div class=\"elementor-element elementor-element-5e76e84 elementor-widget elementor-widget-heading\" data-id=\"5e76e84\" data-element_type=\"widget\" data-e-type=\"widget\" data-widget_type=\"heading.default\">\n\t\t\t\t<div class=\"elementor-widget-container\">\n\t\t\t\t\t<h2 class=\"elementor-heading-title elementor-size-default\">Comment soutenir ce programme<\/h2>\t\t\t\t<\/div>\n\t\t\t\t<\/div>\n\t\t\t\t<div class=\"elementor-element elementor-element-30d99b5 elementor-widget elementor-widget-image\" data-id=\"30d99b5\" data-element_type=\"widget\" data-e-type=\"widget\" data-widget_type=\"image.default\">\n\t\t\t\t<div class=\"elementor-widget-container\">\n\t\t\t\t\t\t\t\t\t\t\t\t\t\t\t<img decoding=\"async\" width=\"825\" height=\"387\" src=\"https:\/\/thevoiceofourseniors.ca\/wp-content\/uploads\/2025\/04\/Untitled-design-60-1024x480.png\" class=\"attachment-large size-large wp-image-1495\" alt=\"Seniors Support\" srcset=\"https:\/\/thevoiceofourseniors.ca\/wp-content\/uploads\/2025\/04\/Untitled-design-60-1024x480.png 1024w, https:\/\/thevoiceofourseniors.ca\/wp-content\/uploads\/2025\/04\/Untitled-design-60-300x141.png 300w, https:\/\/thevoiceofourseniors.ca\/wp-content\/uploads\/2025\/04\/Untitled-design-60-768x360.png 768w, https:\/\/thevoiceofourseniors.ca\/wp-content\/uploads\/2025\/04\/Untitled-design-60-1536x720.png 1536w, https:\/\/thevoiceofourseniors.ca\/wp-content\/uploads\/2025\/04\/Untitled-design-60.png 1920w\" sizes=\"(max-width: 825px) 100vw, 825px\" \/>\t\t\t\t\t\t\t\t\t\t\t\t\t\t\t<\/div>\n\t\t\t\t<\/div>\n\t\t\t\t<\/div>\n\t\t<div class=\"elementor-element elementor-element-c179aa1 e-con-full e-flex e-con e-child\" data-id=\"c179aa1\" data-element_type=\"container\" data-e-type=\"container\">\n\t\t\t\t<div class=\"elementor-element elementor-element-bc8a52d elementor-widget elementor-widget-text-editor\" data-id=\"bc8a52d\" data-element_type=\"widget\" data-e-type=\"widget\" data-widget_type=\"text-editor.default\">\n\t\t\t\t<div class=\"elementor-widget-container\">\n\t\t\t\t\t\t\t\t\t<p data-pm-slice=\"1 1 []\"><span style=\"color: #ff0000;\"><strong>Faire un don<\/strong>:<\/span> Aidez-nous \u00e0 publier davantage de rapports, \u00e0 financer des formations et \u00e0 r\u00e9mun\u00e9rer les contributeurs plus \u00e2g\u00e9s.<br \/><br \/><span style=\"color: #ff0000;\"><strong>Partagez votre histoire<\/strong>:<\/span> Si vous \u00eates une personne \u00e2g\u00e9e ou un aidant, votre exp\u00e9rience compte. Contactez-nous pour participer \u00e0 nos entretiens.<br \/><br \/><span style=\"color: #ff0000;\"><strong>Assister \u00e0 un \u00e9v\u00e9nement<\/strong>:<\/span> Rejoignez l\u2019un de nos prochains panels, conf\u00e9rences juridiques ou pr\u00e9sentations de recherche.<br \/><br \/><span style=\"color: #ff0000;\"><strong>Connectez-nous aux d\u00e9cideurs politiques<\/strong>:<\/span> Connaissez-vous quelqu&#039;un qui aimerait entendre nos d\u00e9couvertes\u00a0? Collaborons ensemble.<\/p>\t\t\t\t\t\t\t\t<\/div>\n\t\t\t\t<\/div>\n\t\t\t\t<\/div>\n\t\t\t\t\t<\/div>\n\t\t\t\t<\/div>\n\t\t\t\t<section class=\"elementor-section elementor-top-section elementor-element elementor-element-48d3213 elementor-section-content-middle elementor-section-boxed elementor-section-height-default elementor-section-height-default\" data-id=\"48d3213\" data-element_type=\"section\" data-e-type=\"section\">\n\t\t\t\t\t\t<div class=\"elementor-container elementor-column-gap-default\">\n\t\t\t\t\t<div class=\"elementor-column elementor-col-100 elementor-top-column elementor-element elementor-element-cf8c479\" data-id=\"cf8c479\" data-element_type=\"column\" data-e-type=\"column\">\n\t\t\t<div class=\"elementor-widget-wrap elementor-element-populated\">\n\t\t\t\t\t\t<div class=\"elementor-element elementor-element-2bdf761 elementor-widget elementor-widget-heading\" data-id=\"2bdf761\" data-element_type=\"widget\" data-e-type=\"widget\" data-widget_type=\"heading.default\">\n\t\t\t\t<div class=\"elementor-widget-container\">\n\t\t\t\t\t<h2 class=\"elementor-heading-title elementor-size-default\">Pourquoi c&#039;est important<\/h2>\t\t\t\t<\/div>\n\t\t\t\t<\/div>\n\t\t\t\t<div class=\"elementor-element elementor-element-71668f2 elementor-widget elementor-widget-text-editor\" data-id=\"71668f2\" data-element_type=\"widget\" data-e-type=\"widget\" data-widget_type=\"text-editor.default\">\n\t\t\t\t<div class=\"elementor-widget-container\">\n\t\t\t\t\t\t\t\t\t<p data-pm-slice=\"1 1 []\">Nos communaut\u00e9s ne peuvent soutenir ce qu&#039;elles ne comprennent pas. Sans repr\u00e9sentation dans la recherche, le droit et le d\u00e9bat public, les a\u00een\u00e9s les plus vuln\u00e9rables sont souvent r\u00e9duits au silence.<\/p><p data-pm-slice=\"1 1 []\">Nos travaux mettent en avant :<\/p><ul><li><p>Les voix des a\u00een\u00e9s noirs atteints de d\u00e9mence<\/p><\/li><li><p>Obstacles rencontr\u00e9s par les personnes \u00e2g\u00e9es racialis\u00e9es dans les syst\u00e8mes juridiques et de sant\u00e9<\/p><\/li><li><p>Des donn\u00e9es qui refl\u00e8tent les r\u00e9alit\u00e9s r\u00e9elles de la communaut\u00e9, et pas seulement les moyennes nationales<\/p><\/li><\/ul>\t\t\t\t\t\t\t\t<\/div>\n\t\t\t\t<\/div>\n\t\t\t\t<div class=\"elementor-element elementor-element-09083ea wt-align-left elementor-widget elementor-widget-sc_button\" data-id=\"09083ea\" data-element_type=\"widget\" data-e-type=\"widget\" data-settings=\"{&quot;btn_style&quot;:&quot;1&quot;}\" data-widget_type=\"sc_button.default\">\n\t\t\t\t<div class=\"elementor-widget-container\">\n\t\t\t\t\t\t\t<div id=\"wt-at-09083ea\" class=\"wt-button-wrap\">\r\n\t\t\t<a href=\"https:\/\/thevoiceofourseniors.ca\/fr\/fundraising-campaign\/\" class=\"dl-btn-2\">Faire un don<span><\/span><\/a>\t\t<\/div>\r\n\r\n\t\t\t\t\t<\/div>\n\t\t\t\t<\/div>\n\t\t\t\t\t<\/div>\n\t\t<\/div>\n\t\t\t\t\t<\/div>\n\t\t<\/section>\n\t\t\t\t<section class=\"elementor-section elementor-top-section elementor-element elementor-element-db944b7 elementor-section-boxed elementor-section-height-default elementor-section-height-default\" data-id=\"db944b7\" data-element_type=\"section\" data-e-type=\"section\">\n\t\t\t\t\t\t<div class=\"elementor-container elementor-column-gap-default\">\n\t\t\t\t\t<div class=\"elementor-column elementor-col-100 elementor-top-column elementor-element elementor-element-3edaaa2\" data-id=\"3edaaa2\" data-element_type=\"column\" data-e-type=\"column\">\n\t\t\t<div class=\"elementor-widget-wrap elementor-element-populated\">\n\t\t\t\t\t\t<div class=\"elementor-element elementor-element-38a0c1b elementor-widget elementor-widget-heading\" data-id=\"38a0c1b\" data-element_type=\"widget\" data-e-type=\"widget\" data-widget_type=\"heading.default\">\n\t\t\t\t<div class=\"elementor-widget-container\">\n\t\t\t\t\t<h2 class=\"elementor-heading-title elementor-size-default\">Partenaires<\/h2>\t\t\t\t<\/div>\n\t\t\t\t<\/div>\n\t\t\t\t\t<\/div>\n\t\t<\/div>\n\t\t\t\t\t<\/div>\n\t\t<\/section>\n\t\t<div class=\"elementor-element elementor-element-238157e e-flex e-con-boxed e-con e-parent\" data-id=\"238157e\" data-element_type=\"container\" data-e-type=\"container\">\n\t\t\t\t\t<div class=\"e-con-inner\">\n\t\t<div class=\"elementor-element elementor-element-225bc52 e-con-full e-flex e-con e-child\" data-id=\"225bc52\" data-element_type=\"container\" data-e-type=\"container\">\n\t\t\t\t<\/div>\n\t\t<div class=\"elementor-element elementor-element-c1e6698 e-con-full e-flex e-con e-child\" data-id=\"c1e6698\" data-element_type=\"container\" data-e-type=\"container\">\n\t\t\t\t<div class=\"elementor-element elementor-element-691dcd1 elementor-widget elementor-widget-image\" data-id=\"691dcd1\" data-element_type=\"widget\" data-e-type=\"widget\" data-widget_type=\"image.default\">\n\t\t\t\t<div class=\"elementor-widget-container\">\n\t\t\t\t\t\t\t\t\t\t\t\t\t\t\t<img decoding=\"async\" width=\"300\" height=\"157\" src=\"https:\/\/thevoiceofourseniors.ca\/wp-content\/uploads\/2025\/04\/ATEHO-fullcolour-vertical-300x157.png\" class=\"attachment-medium size-medium wp-image-1668\" alt=\"ATEHO\" srcset=\"https:\/\/thevoiceofourseniors.ca\/wp-content\/uploads\/2025\/04\/ATEHO-fullcolour-vertical-300x157.png 300w, https:\/\/thevoiceofourseniors.ca\/wp-content\/uploads\/2025\/04\/ATEHO-fullcolour-vertical-1024x535.png 1024w, https:\/\/thevoiceofourseniors.ca\/wp-content\/uploads\/2025\/04\/ATEHO-fullcolour-vertical-768x401.png 768w, https:\/\/thevoiceofourseniors.ca\/wp-content\/uploads\/2025\/04\/ATEHO-fullcolour-vertical.png 1244w\" sizes=\"(max-width: 300px) 100vw, 300px\" \/>\t\t\t\t\t\t\t\t\t\t\t\t\t\t\t<\/div>\n\t\t\t\t<\/div>\n\t\t\t\t<\/div>\n\t\t<div class=\"elementor-element elementor-element-afcd5e0 e-con-full e-flex e-con e-child\" data-id=\"afcd5e0\" data-element_type=\"container\" data-e-type=\"container\">\n\t\t\t\t<div class=\"elementor-element elementor-element-48a1731 elementor-widget elementor-widget-image\" data-id=\"48a1731\" data-element_type=\"widget\" data-e-type=\"widget\" data-widget_type=\"image.default\">\n\t\t\t\t<div class=\"elementor-widget-container\">\n\t\t\t\t\t\t\t\t\t\t\t\t\t\t\t<img loading=\"lazy\" decoding=\"async\" width=\"300\" height=\"129\" src=\"https:\/\/thevoiceofourseniors.ca\/wp-content\/uploads\/2025\/09\/unnamed-e1758237230585-300x129.png\" class=\"attachment-medium size-medium wp-image-2174\" alt=\"RTO\" srcset=\"https:\/\/thevoiceofourseniors.ca\/wp-content\/uploads\/2025\/09\/unnamed-e1758237230585-300x130.png 300w, https:\/\/thevoiceofourseniors.ca\/wp-content\/uploads\/2025\/09\/unnamed-e1758237230585-18x8.png 18w, https:\/\/thevoiceofourseniors.ca\/wp-content\/uploads\/2025\/09\/unnamed-e1758237230585.png 303w\" sizes=\"(max-width: 300px) 100vw, 300px\" \/>\t\t\t\t\t\t\t\t\t\t\t\t\t\t\t<\/div>\n\t\t\t\t<\/div>\n\t\t\t\t<\/div>\n\t\t<div class=\"elementor-element elementor-element-809a30c e-con-full e-flex e-con e-child\" data-id=\"809a30c\" data-element_type=\"container\" data-e-type=\"container\">\n\t\t\t\t<\/div>\n\t\t\t\t\t<\/div>\n\t\t\t\t<\/div>\n\t\t\t\t<\/div>","protected":false},"excerpt":{"rendered":"<p>Research &amp; Legal Advocacy Home Research &amp; Legal Advocacy Advancing Elder Rights Through Knowledge and Policy At The Voice of Our Seniors, we believe that advocacy must begin with awareness. Our Research &amp; Legal Advocacy program is focused on uncovering the systemic barriers that older adults\u2014especially Black Canadian seniors\u2014face and transforming that knowledge into real-world<\/p>","protected":false},"author":1,"featured_media":0,"parent":0,"menu_order":0,"comment_status":"closed","ping_status":"closed","template":"empty-template.php","meta":{"_acf_changed":false,"give_campaign_id":0,"_monsterinsights_skip_tracking":false,"_monsterinsights_sitenote_active":false,"_monsterinsights_sitenote_note":"","_monsterinsights_sitenote_category":0,"footnotes":""},"class_list":["post-1489","page","type-page","status-publish","hentry"],"acf":[],"aioseo_notices":[],"campaignId":"","_links":{"self":[{"href":"https:\/\/thevoiceofourseniors.ca\/fr\/wp-json\/wp\/v2\/pages\/1489","targetHints":{"allow":["GET"]}}],"collection":[{"href":"https:\/\/thevoiceofourseniors.ca\/fr\/wp-json\/wp\/v2\/pages"}],"about":[{"href":"https:\/\/thevoiceofourseniors.ca\/fr\/wp-json\/wp\/v2\/types\/page"}],"author":[{"embeddable":true,"href":"https:\/\/thevoiceofourseniors.ca\/fr\/wp-json\/wp\/v2\/users\/1"}],"replies":[{"embeddable":true,"href":"https:\/\/thevoiceofourseniors.ca\/fr\/wp-json\/wp\/v2\/comments?post=1489"}],"version-history":[{"count":25,"href":"https:\/\/thevoiceofourseniors.ca\/fr\/wp-json\/wp\/v2\/pages\/1489\/revisions"}],"predecessor-version":[{"id":2195,"href":"https:\/\/thevoiceofourseniors.ca\/fr\/wp-json\/wp\/v2\/pages\/1489\/revisions\/2195"}],"wp:attachment":[{"href":"https:\/\/thevoiceofourseniors.ca\/fr\/wp-json\/wp\/v2\/media?parent=1489"}],"curies":[{"name":"wp","href":"https:\/\/api.w.org\/{rel}","templated":true}]}}