{"id":1620,"date":"2025-04-23T18:58:58","date_gmt":"2025-04-23T18:58:58","guid":{"rendered":"https:\/\/thevoiceofourseniors.ca\/?page_id=1620"},"modified":"2025-04-24T20:57:23","modified_gmt":"2025-04-24T20:57:23","slug":"fundraising-campaign","status":"publish","type":"page","link":"https:\/\/thevoiceofourseniors.ca\/fr\/fundraising-campaign\/","title":{"rendered":"Make a Donation"},"content":{"rendered":"<div data-elementor-type=\"wp-page\" data-elementor-id=\"1620\" class=\"elementor elementor-1620\">\n\t\t\t\t<div class=\"elementor-element elementor-element-0331a54 e-flex e-con-boxed e-con e-parent\" data-id=\"0331a54\" data-element_type=\"container\" data-e-type=\"container\" data-settings=\"{&quot;background_background&quot;:&quot;classic&quot;}\">\n\t\t\t\t\t<div class=\"e-con-inner\">\n\t\t\t\t<div class=\"elementor-element elementor-element-96d5327 elementor-widget elementor-widget-image\" data-id=\"96d5327\" data-element_type=\"widget\" data-e-type=\"widget\" data-widget_type=\"image.default\">\n\t\t\t\t<div class=\"elementor-widget-container\">\n\t\t\t\t\t\t\t\t\t\t\t\t\t\t\t<img decoding=\"async\" src=\"https:\/\/thevoiceofourseniors.ca\/wp-content\/uploads\/elementor\/thumbs\/Screenshot-2025-04-24-at-4.07.07\u202fPM-r4ugfvfotx0s2acp5vimssjk91s2dytz0g9zpr4kt2.png\" title=\"Capture d&#039;\u00e9cran du 24\/04\/2025 \u00e0 16h07\" alt=\"small logo\" loading=\"lazy\" \/>\t\t\t\t\t\t\t\t\t\t\t\t\t\t\t<\/div>\n\t\t\t\t<\/div>\n\t\t\t\t\t<\/div>\n\t\t\t\t<\/div>\n\t\t<div class=\"elementor-element elementor-element-9a6beb3 e-flex e-con-boxed e-con e-parent\" data-id=\"9a6beb3\" data-element_type=\"container\" data-e-type=\"container\">\n\t\t\t\t\t<div class=\"e-con-inner\">\n\t\t\t\t<div class=\"elementor-element elementor-element-7eddaed elementor-widget elementor-widget-heading\" data-id=\"7eddaed\" data-element_type=\"widget\" data-e-type=\"widget\" data-widget_type=\"heading.default\">\n\t\t\t\t<div class=\"elementor-widget-container\">\n\t\t\t\t\t<h5 class=\"elementor-heading-title elementor-size-default\">Votre don favorise le changement. Votre soutien renforce la communaut\u00e9.<\/h5>\t\t\t\t<\/div>\n\t\t\t\t<\/div>\n\t\t\t\t<div class=\"elementor-element elementor-element-e928e73 elementor-widget elementor-widget-heading\" data-id=\"e928e73\" data-element_type=\"widget\" data-e-type=\"widget\" data-widget_type=\"heading.default\">\n\t\t\t\t<div class=\"elementor-widget-container\">\n\t\t\t\t\t<h2 class=\"elementor-heading-title elementor-size-default\">Soutenez la voix de nos a\u00een\u00e9s<\/h2>\t\t\t\t<\/div>\n\t\t\t\t<\/div>\n\t\t\t\t\t<\/div>\n\t\t\t\t<\/div>\n\t\t<div class=\"elementor-element elementor-element-6dacd92 e-flex e-con-boxed e-con e-parent\" data-id=\"6dacd92\" data-element_type=\"container\" data-e-type=\"container\">\n\t\t\t\t\t<div class=\"e-con-inner\">\n\t\t<div class=\"elementor-element elementor-element-e5927a3 e-con-full e-flex e-con e-child\" data-id=\"e5927a3\" data-element_type=\"container\" data-e-type=\"container\">\n\t\t\t\t<div class=\"elementor-element elementor-element-498128e elementor-widget elementor-widget-heading\" data-id=\"498128e\" data-element_type=\"widget\" data-e-type=\"widget\" data-widget_type=\"heading.default\">\n\t\t\t\t<div class=\"elementor-widget-container\">\n\t\t\t\t\t<h2 class=\"elementor-heading-title elementor-size-default\">Fa\u00e7ons de faire un don<\/h2>\t\t\t\t<\/div>\n\t\t\t\t<\/div>\n\t\t\t\t<div class=\"elementor-element elementor-element-9f396a2 elementor-widget elementor-widget-text-editor\" data-id=\"9f396a2\" data-element_type=\"widget\" data-e-type=\"widget\" data-widget_type=\"text-editor.default\">\n\t\t\t\t<div class=\"elementor-widget-container\">\n\t\t\t\t\t\t\t\t\t<ol>\n<li><strong>En ligne (carte de d\u00e9bit ou de cr\u00e9dit)<\/strong><br \/>Faites un don s\u00e9curis\u00e9 en utilisant votre carte de d\u00e9bit ou de cr\u00e9dit via notre formulaire en ligne.<br \/><br \/><\/li>\n<li><strong>Virement \u00e9lectronique<\/strong><br \/>Envoyez un virement \u00e9lectronique directement \u00e0 : <span style=\"color: #339966;\"><strong>info@thevoiceofourseniors.ca<\/strong><\/span> | Veuillez inclure votre nom et votre adresse e-mail dans le champ de message afin que nous puissions reconna\u00eetre votre contribution.<\/li>\n<\/ol>\t\t\t\t\t\t\t\t<\/div>\n\t\t\t\t<\/div>\n\t\t\t\t<\/div>\n\t\t\t\t\t<\/div>\n\t\t\t\t<\/div>\n\t\t<div class=\"elementor-element elementor-element-5f8f634 e-flex e-con-boxed e-con e-parent\" data-id=\"5f8f634\" data-element_type=\"container\" data-e-type=\"container\">\n\t\t\t\t\t<div class=\"e-con-inner\">\n\t\t\t\t<div class=\"elementor-element elementor-element-ced2422 elementor-widget elementor-widget-shortcode\" data-id=\"ced2422\" data-element_type=\"widget\" data-e-type=\"widget\" data-widget_type=\"shortcode.default\">\n\t\t\t\t<div class=\"elementor-widget-container\">\n\t\t\t\t\t\t\t<div class=\"elementor-shortcode\"><div class='root-data-givewp-embed' data-form-locale='fr_FR' data-form-url='https:\/\/thevoiceofourseniors.ca\/?post_type=give_forms&amp;p=1619' data-form-view-url='https:\/\/thevoiceofourseniors.ca\/fr\/?givewp-route=donation-form-view&amp;form-id=1619' data-src='https:\/\/thevoiceofourseniors.ca\/fr\/?givewp-route=donation-form-view&amp;form-id=1619' data-givewp-embed-id='give-form-shortcode-1' data-form-format='' data-open-form-button='Faire un don maintenant' style='--givewp-primary-color: #27ae60; --givewp-secondary-color: #cc1818;'><\/div><\/div>\n\t\t\t\t\t\t<\/div>\n\t\t\t\t<\/div>\n\t\t\t\t\t<\/div>\n\t\t\t\t<\/div>\n\t\t<div class=\"elementor-element elementor-element-d8aa23d e-flex e-con-boxed e-con e-parent\" data-id=\"d8aa23d\" data-element_type=\"container\" data-e-type=\"container\">\n\t\t\t\t\t<div class=\"e-con-inner\">\n\t\t<div class=\"elementor-element elementor-element-09db111 e-con-full e-flex e-con e-child\" data-id=\"09db111\" data-element_type=\"container\" data-e-type=\"container\">\n\t\t\t\t<div class=\"elementor-element elementor-element-de11c81 elementor-widget elementor-widget-text-editor\" data-id=\"de11c81\" data-element_type=\"widget\" data-e-type=\"widget\" data-widget_type=\"text-editor.default\">\n\t\t\t\t<div class=\"elementor-widget-container\">\n\t\t\t\t\t\t\t\t\t <h2>Informations importantes<\/h2>\n  <div style=\"background-color: #f9f9f9; padding: 15px; border-left: 4px solid #d32f2f;\">\n    <p><strong>Veuillez noter:<\/strong><br>\n    La Voix de nos a\u00een\u00e9s est une organisation \u00e0 but non lucratif enregistr\u00e9e, mais nous sommes <strong>pas encore un organisme de bienfaisance enregistr\u00e9<\/strong>Cela signifie que nous ne sommes actuellement pas en mesure d\u2019\u00e9mettre des re\u00e7us fiscaux pour les dons.<\/p><br>\n    <p>Nous sommes <strong>strictement non partisan<\/strong> et maintenir <strong>aucune affiliation politique ou religieuse<\/strong>Notre seule mission est de servir, de soutenir et d\u2019amplifier la voix des a\u00een\u00e9s, en particulier ceux qui ont historiquement \u00e9t\u00e9 laiss\u00e9s pour compte.<\/p>\n  <\/div>\t\t\t\t\t\t\t\t<\/div>\n\t\t\t\t<\/div>\n\t\t\t\t<\/div>\n\t\t\t\t\t<\/div>\n\t\t\t\t<\/div>\n\t\t\t\t<\/div>","protected":false},"excerpt":{"rendered":"<p>Your Gift Empowers Change. Your Support Builds Community. Support The Voice of Our Seniors Ways to Donate Online ( Debit or Credit Card)Make a secure donation using your debit or credit card through our online form. E-TransferSend an e-transfer directly to: info@thevoiceofourseniors.ca | Please include your name and email in the message field so we<\/p>","protected":false},"author":1,"featured_media":0,"parent":0,"menu_order":0,"comment_status":"closed","ping_status":"closed","template":"elementor_header_footer","meta":{"_acf_changed":false,"give_campaign_id":1,"_monsterinsights_skip_tracking":false,"_monsterinsights_sitenote_active":false,"_monsterinsights_sitenote_note":"","_monsterinsights_sitenote_category":0,"footnotes":""},"class_list":["post-1620","page","type-page","status-publish","hentry"],"acf":[],"aioseo_notices":[],"campaignId":"1","_links":{"self":[{"href":"https:\/\/thevoiceofourseniors.ca\/fr\/wp-json\/wp\/v2\/pages\/1620","targetHints":{"allow":["GET"]}}],"collection":[{"href":"https:\/\/thevoiceofourseniors.ca\/fr\/wp-json\/wp\/v2\/pages"}],"about":[{"href":"https:\/\/thevoiceofourseniors.ca\/fr\/wp-json\/wp\/v2\/types\/page"}],"author":[{"embeddable":true,"href":"https:\/\/thevoiceofourseniors.ca\/fr\/wp-json\/wp\/v2\/users\/1"}],"replies":[{"embeddable":true,"href":"https:\/\/thevoiceofourseniors.ca\/fr\/wp-json\/wp\/v2\/comments?post=1620"}],"version-history":[{"count":14,"href":"https:\/\/thevoiceofourseniors.ca\/fr\/wp-json\/wp\/v2\/pages\/1620\/revisions"}],"predecessor-version":[{"id":1940,"href":"https:\/\/thevoiceofourseniors.ca\/fr\/wp-json\/wp\/v2\/pages\/1620\/revisions\/1940"}],"wp:attachment":[{"href":"https:\/\/thevoiceofourseniors.ca\/fr\/wp-json\/wp\/v2\/media?parent=1620"}],"curies":[{"name":"wp","href":"https:\/\/api.w.org\/{rel}","templated":true}]}}