{"id":1796,"date":"2025-04-23T17:09:27","date_gmt":"2025-04-23T17:09:27","guid":{"rendered":"https:\/\/thevoiceofourseniors.ca\/?page_id=1796"},"modified":"2025-04-24T21:25:51","modified_gmt":"2025-04-24T21:25:51","slug":"search-directory","status":"publish","type":"page","link":"https:\/\/thevoiceofourseniors.ca\/fr\/search-directory\/","title":{"rendered":"Annuaire de recherche"},"content":{"rendered":"<div data-elementor-type=\"wp-page\" data-elementor-id=\"1796\" class=\"elementor elementor-1796\">\n\t\t\t\t<div class=\"elementor-element elementor-element-c42cfc8 e-flex e-con-boxed e-con e-parent\" data-id=\"c42cfc8\" data-element_type=\"container\" data-e-type=\"container\" data-settings=\"{&quot;background_background&quot;:&quot;classic&quot;}\">\n\t\t\t\t\t<div class=\"e-con-inner\">\n\t\t\t\t<div class=\"elementor-element elementor-element-5270ec9 elementor-widget elementor-widget-image\" data-id=\"5270ec9\" data-element_type=\"widget\" data-e-type=\"widget\" data-widget_type=\"image.default\">\n\t\t\t\t<div class=\"elementor-widget-container\">\n\t\t\t\t\t\t\t\t\t\t\t\t\t\t\t<img decoding=\"async\" src=\"https:\/\/thevoiceofourseniors.ca\/wp-content\/uploads\/elementor\/thumbs\/Screenshot-2025-04-24-at-4.07.07\u202fPM-r4ugfvfotx0s2acp5vimssjk91s2dytz0g9zpr4kt2.png\" title=\"Capture d&#039;\u00e9cran du 24\/04\/2025 \u00e0 16h07\" alt=\"small logo\" loading=\"lazy\" \/>\t\t\t\t\t\t\t\t\t\t\t\t\t\t\t<\/div>\n\t\t\t\t<\/div>\n\t\t\t\t\t<\/div>\n\t\t\t\t<\/div>\n\t\t<div class=\"elementor-element elementor-element-610ddad e-flex e-con-boxed e-con e-parent\" data-id=\"610ddad\" data-element_type=\"container\" data-e-type=\"container\">\n\t\t\t\t\t<div class=\"e-con-inner\">\n\t\t\t\t<div class=\"elementor-element elementor-element-b673a6f elementor-widget elementor-widget-heading\" data-id=\"b673a6f\" data-element_type=\"widget\" data-e-type=\"widget\" data-widget_type=\"heading.default\">\n\t\t\t\t<div class=\"elementor-widget-container\">\n\t\t\t\t\t<h5 class=\"elementor-heading-title elementor-size-default\">Trouvez le soutien adapt\u00e9 \u00e0 vous ou \u00e0 un proche<\/h5>\t\t\t\t<\/div>\n\t\t\t\t<\/div>\n\t\t\t\t<div class=\"elementor-element elementor-element-6e2c2b2 elementor-widget elementor-widget-heading\" data-id=\"6e2c2b2\" data-element_type=\"widget\" data-e-type=\"widget\" data-widget_type=\"heading.default\">\n\t\t\t\t<div class=\"elementor-widget-container\">\n\t\t\t\t\t<h2 class=\"elementor-heading-title elementor-size-default\">R\u00e9pertoire de soutien communautaire<\/h2>\t\t\t\t<\/div>\n\t\t\t\t<\/div>\n\t\t\t\t<div class=\"elementor-element elementor-element-de3ea3e elementor-widget elementor-widget-text-editor\" data-id=\"de3ea3e\" data-element_type=\"widget\" data-e-type=\"widget\" data-widget_type=\"text-editor.default\">\n\t\t\t\t<div class=\"elementor-widget-container\">\n\t\t\t\t\t\t\t\t\t<p class=\"\" data-start=\"418\" data-end=\"814\">Que vous soyez une personne \u00e2g\u00e9e \u00e0 la recherche de services fiables, un aidant en qu\u00eate d&#039;aide ou un membre de la communaut\u00e9 souhaitant orienter une personne dans le besoin, vous \u00eates au bon endroit. Notre r\u00e9pertoire pr\u00e9sente des organismes soigneusement s\u00e9lectionn\u00e9s qui proposent des services. <strong data-start=\"673\" data-end=\"733\">un soutien culturellement respectueux, accessible et efficace<\/strong> partout en Ontario et au-del\u00e0, avec un accent particulier sur les personnes \u00e2g\u00e9es noires et racialis\u00e9es.<\/p><p class=\"\" data-start=\"816\" data-end=\"993\">Des soins de sant\u00e9 mentale et de l\u2019aide juridique au transport et au soutien en fin de vie, nous construisons un centre qui relie nos a\u00een\u00e9s aux ressources ax\u00e9es sur la dignit\u00e9 qu\u2019ils m\u00e9ritent.<\/p>\t\t\t\t\t\t\t\t<\/div>\n\t\t\t\t<\/div>\n\t\t\t\t\t<\/div>\n\t\t\t\t<\/div>\n\t\t<div class=\"elementor-element elementor-element-29c8665 e-flex e-con-boxed e-con e-parent\" data-id=\"29c8665\" data-element_type=\"container\" data-e-type=\"container\">\n\t\t\t\t\t<div class=\"e-con-inner\">\n\t\t\t\t<div class=\"elementor-element elementor-element-0a43530 elementor-widget elementor-widget-text-editor\" data-id=\"0a43530\" data-element_type=\"widget\" data-e-type=\"widget\" data-widget_type=\"text-editor.default\">\n\t\t\t\t<div class=\"elementor-widget-container\">\n\t\t\t\t\t\t\t\t\t<p style=\"text-align: center;\">Cet annuaire ne constitue en aucun cas une recommandation d&#039;entreprise, d&#039;agence ou d&#039;organisation. Nous nous excusons pour toute erreur ou omission.<\/p>\t\t\t\t\t\t\t\t<\/div>\n\t\t\t\t<\/div>\n\t\t\t\t\t<\/div>\n\t\t\t\t<\/div>\n\t\t<div class=\"elementor-element elementor-element-281357b e-flex e-con-boxed e-con e-parent\" data-id=\"281357b\" data-element_type=\"container\" data-e-type=\"container\">\n\t\t\t\t\t<div class=\"e-con-inner\">\n\t\t\t\t<div class=\"elementor-element elementor-element-80b2e64 elementor-widget elementor-widget-shortcode\" data-id=\"80b2e64\" data-element_type=\"widget\" data-e-type=\"widget\" data-widget_type=\"shortcode.default\">\n\t\t\t\t<div class=\"elementor-widget-container\">\n\t\t\t\t\t\t\t<div class=\"elementor-shortcode\">\n<\/div>\n\t\t\t\t\t\t<\/div>\n\t\t\t\t<\/div>\n\t\t\t\t\t<\/div>\n\t\t\t\t<\/div>\n\t\t\t\t<\/div>","protected":false},"excerpt":{"rendered":"<p>Find the Right Support for You or a Loved One Community Support Directory Whether you&#8217;re a senior looking for trusted services, a caregiver seeking help, or a community member wanting to refer someone in need\u2014this is the place to start. Our directory features carefully selected organizations that provide culturally respectful, accessible, and impactful support across<\/p>","protected":false},"author":1,"featured_media":0,"parent":0,"menu_order":0,"comment_status":"closed","ping_status":"open","template":"elementor_header_footer","meta":{"_acf_changed":false,"give_campaign_id":0,"_monsterinsights_skip_tracking":false,"_monsterinsights_sitenote_active":false,"_monsterinsights_sitenote_note":"","_monsterinsights_sitenote_category":0,"footnotes":""},"class_list":["post-1796","page","type-page","status-publish","hentry"],"acf":[],"aioseo_notices":[],"campaignId":"","_links":{"self":[{"href":"https:\/\/thevoiceofourseniors.ca\/fr\/wp-json\/wp\/v2\/pages\/1796","targetHints":{"allow":["GET"]}}],"collection":[{"href":"https:\/\/thevoiceofourseniors.ca\/fr\/wp-json\/wp\/v2\/pages"}],"about":[{"href":"https:\/\/thevoiceofourseniors.ca\/fr\/wp-json\/wp\/v2\/types\/page"}],"author":[{"embeddable":true,"href":"https:\/\/thevoiceofourseniors.ca\/fr\/wp-json\/wp\/v2\/users\/1"}],"replies":[{"embeddable":true,"href":"https:\/\/thevoiceofourseniors.ca\/fr\/wp-json\/wp\/v2\/comments?post=1796"}],"version-history":[{"count":20,"href":"https:\/\/thevoiceofourseniors.ca\/fr\/wp-json\/wp\/v2\/pages\/1796\/revisions"}],"predecessor-version":[{"id":1948,"href":"https:\/\/thevoiceofourseniors.ca\/fr\/wp-json\/wp\/v2\/pages\/1796\/revisions\/1948"}],"wp:attachment":[{"href":"https:\/\/thevoiceofourseniors.ca\/fr\/wp-json\/wp\/v2\/media?parent=1796"}],"curies":[{"name":"wp","href":"https:\/\/api.w.org\/{rel}","templated":true}]}}