{"id":1909,"date":"2025-04-24T20:15:25","date_gmt":"2025-04-24T20:15:25","guid":{"rendered":"https:\/\/thevoiceofourseniors.ca\/?page_id=1909"},"modified":"2025-09-18T23:43:15","modified_gmt":"2025-09-18T23:43:15","slug":"become-a-supporter-or-partner","status":"publish","type":"page","link":"https:\/\/thevoiceofourseniors.ca\/fr\/become-a-supporter-or-partner\/","title":{"rendered":"Devenez un supporter ou un partenaire"},"content":{"rendered":"<div data-elementor-type=\"wp-page\" data-elementor-id=\"1909\" class=\"elementor elementor-1909\">\n\t\t\t\t\t\t<section class=\"elementor-section elementor-top-section elementor-element elementor-element-22ddacc elementor-section-stretched elementor-section-full_width elementor-section-height-default elementor-section-height-default\" data-id=\"22ddacc\" data-element_type=\"section\" data-e-type=\"section\" data-settings=\"{&quot;stretch_section&quot;:&quot;section-stretched&quot;}\">\n\t\t\t\t\t\t\t<div class=\"elementor-background-overlay\"><\/div>\n\t\t\t\t\t\t\t<div class=\"elementor-container elementor-column-gap-no\">\n\t\t\t\t\t<div class=\"elementor-column elementor-col-100 elementor-top-column elementor-element elementor-element-fb865d5\" data-id=\"fb865d5\" data-element_type=\"column\" data-e-type=\"column\">\n\t\t\t<div class=\"elementor-widget-wrap elementor-element-populated\">\n\t\t\t\t\t\t<div class=\"elementor-element elementor-element-de5b760 el-align-left elementor-widget elementor-widget-dl_page_header\" data-id=\"de5b760\" data-element_type=\"widget\" data-e-type=\"widget\" data-widget_type=\"dl_page_header.default\">\n\t\t\t\t<div class=\"elementor-widget-container\">\n\t\t\t\t\t\t\t<div class=\"el-page-header\">\r\n\t\t\t<div class=\"overlay\"><\/div>\t\t\t<div class=\"container\">\r\n\t\t\t\t<div class=\"el-ph-content\">\r\n\t\t\t\t\t<h2 >Devenez un supporter ou un partenaire<\/h2>\t\t\t\t\t\t\t\t\t\t\t\t\t\t\t<ol class=\"breadcrumb-wrap\">\r\n\t\t\t\t\t\t<li><a href=\"https:\/\/thevoiceofourseniors.ca\/fr\/\">\r\n\t\t\t\t\t\t<i class=\"ti-home\"><\/i>Maison\t\t\t\t\t\t<\/a><\/li>\r\n\t\t\t\t\t\t<li class=\"active\">\r\n\t\t\t\t\t\tDevenez un supporter ou un partenaire\t\t\t\t\t\t<\/li>\r\n\t\t\t\t\t<\/ol>\r\n\t\t\t\t\t\t\t\t\t<\/div>\r\n\t\t\t<\/div>\r\n\t\t<\/div>\r\n\t\t\t\t\t\t<\/div>\n\t\t\t\t<\/div>\n\t\t\t\t\t<\/div>\n\t\t<\/div>\n\t\t\t\t\t<\/div>\n\t\t<\/section>\n\t\t<div class=\"elementor-element elementor-element-3a85622 e-flex e-con-boxed e-con e-parent\" data-id=\"3a85622\" data-element_type=\"container\" data-e-type=\"container\">\n\t\t\t\t\t<div class=\"e-con-inner\">\n\t\t\t\t<div class=\"elementor-element elementor-element-16e60cd elementor-widget elementor-widget-heading\" data-id=\"16e60cd\" data-element_type=\"widget\" data-e-type=\"widget\" data-widget_type=\"heading.default\">\n\t\t\t\t<div class=\"elementor-widget-container\">\n\t\t\t\t\t<h2 class=\"elementor-heading-title elementor-size-default\">Rejoignez-nous pour b\u00e2tir un avenir plus compatissant et inclusif pour les a\u00een\u00e9s<\/h2>\t\t\t\t<\/div>\n\t\t\t\t<\/div>\n\t\t\t\t\t<\/div>\n\t\t\t\t<\/div>\n\t\t<div class=\"elementor-element elementor-element-184c0b1 e-flex e-con-boxed e-con e-parent\" data-id=\"184c0b1\" data-element_type=\"container\" data-e-type=\"container\">\n\t\t\t\t\t<div class=\"e-con-inner\">\n\t\t\t\t<div class=\"elementor-element elementor-element-0175e94 elementor-widget elementor-widget-text-editor\" data-id=\"0175e94\" data-element_type=\"widget\" data-e-type=\"widget\" data-widget_type=\"text-editor.default\">\n\t\t\t\t<div class=\"elementor-widget-container\">\n\t\t\t\t\t\t\t\t\t<p class=\"p1\">\u00c0 <span style=\"color: #ff0000;\"><em><span class=\"s1\"><b>La voix de nos a\u00een\u00e9s<\/b><\/span><\/em><\/span>Nous croyons que des changements significatifs se produisent lorsque les communaut\u00e9s se rassemblent. En tant qu&#039;initiative citoyenne vou\u00e9e au bien-\u00eatre, \u00e0 la dignit\u00e9 et \u00e0 l&#039;autonomisation des personnes \u00e2g\u00e9es, en particulier celles issues des communaut\u00e9s noires et racialis\u00e9es, nous comptons sur la force de nos partenariats et la g\u00e9n\u00e9rosit\u00e9 de donateurs comme vous.<\/p>\t\t\t\t\t\t\t\t<\/div>\n\t\t\t\t<\/div>\n\t\t\t\t<div class=\"elementor-element elementor-element-11aff9f elementor-widget elementor-widget-text-editor\" data-id=\"11aff9f\" data-element_type=\"widget\" data-e-type=\"widget\" data-widget_type=\"text-editor.default\">\n\t\t\t\t<div class=\"elementor-widget-container\">\n\t\t\t\t\t\t\t\t\t<p class=\"p1\">Nous b\u00e2tissons un avenir o\u00f9 chaque a\u00een\u00e9, en particulier les a\u00een\u00e9s noirs et d\u00e9favoris\u00e9s, est connect\u00e9, pris en charge et soutenu. Votre partenariat nous aide \u00e0 \u00e9tendre nos programmes, \u00e0 atteindre davantage d&#039;a\u00een\u00e9s et \u00e0 continuer de fournir des ressources essentielles.<\/p><p class=\"p1\">Que vous soyez une entreprise, une fondation ou un particulier souhaitant redonner, nous vous invitons \u00e0 nous soutenir.<\/p>\t\t\t\t\t\t\t\t<\/div>\n\t\t\t\t<\/div>\n\t\t\t\t\t<\/div>\n\t\t\t\t<\/div>\n\t\t<div class=\"elementor-element elementor-element-b6b2fd1 e-flex e-con-boxed e-con e-parent\" data-id=\"b6b2fd1\" data-element_type=\"container\" data-e-type=\"container\" data-settings=\"{&quot;background_background&quot;:&quot;classic&quot;}\">\n\t\t\t\t\t<div class=\"e-con-inner\">\n\t\t<div class=\"elementor-element elementor-element-b3966c2 e-con-full e-flex e-con e-child\" data-id=\"b3966c2\" data-element_type=\"container\" data-e-type=\"container\">\n\t\t\t\t<div class=\"elementor-element elementor-element-5cd7d1c elementor-widget elementor-widget-heading\" data-id=\"5cd7d1c\" data-element_type=\"widget\" data-e-type=\"widget\" data-widget_type=\"heading.default\">\n\t\t\t\t<div class=\"elementor-widget-container\">\n\t\t\t\t\t<h2 class=\"elementor-heading-title elementor-size-default\"><h2 data-pm-slice=\"1 1 []\" style=\"letter-spacing: normal\">Travaillons ensemble<span style=\"font-family: Roboto, sans-serif;letter-spacing: 0px\"><\/span><\/h2><\/h2>\t\t\t\t<\/div>\n\t\t\t\t<\/div>\n\t\t\t\t<\/div>\n\t\t\t\t\t<\/div>\n\t\t\t\t<\/div>\n\t\t<div class=\"elementor-element elementor-element-46c49ab e-flex e-con-boxed e-con e-parent\" data-id=\"46c49ab\" data-element_type=\"container\" data-e-type=\"container\">\n\t\t\t\t\t<div class=\"e-con-inner\">\n\t\t\t\t<div class=\"elementor-element elementor-element-9fd8cab elementor-widget elementor-widget-sc_contact_form\" data-id=\"9fd8cab\" data-element_type=\"widget\" data-e-type=\"widget\" data-widget_type=\"sc_contact_form.default\">\n\t\t\t\t<div class=\"elementor-widget-container\">\n\t\t\t\t\t<div class=\"wt-cf7-form\">\n<div class=\"wpcf7 no-js\" id=\"wpcf7-f1922-o1\" lang=\"en-US\" dir=\"ltr\" data-wpcf7-id=\"1922\">\n<div class=\"screen-reader-response\"><p role=\"status\" aria-live=\"polite\" aria-atomic=\"true\"><\/p> <ul><\/ul><\/div>\n<form action=\"\/fr\/wp-json\/wp\/v2\/pages\/1909#wpcf7-f1922-o1\" method=\"post\" class=\"wpcf7-form init\" aria-label=\"Contact form\" novalidate=\"novalidate\" data-status=\"init\" data-trp-original-action=\"\/fr\/wp-json\/wp\/v2\/pages\/1909#wpcf7-f1922-o1\">\n<fieldset class=\"hidden-fields-container\"><input type=\"hidden\" name=\"_wpcf7\" value=\"1922\" \/><input type=\"hidden\" name=\"_wpcf7_version\" value=\"6.1.5\" \/><input type=\"hidden\" name=\"_wpcf7_locale\" value=\"en_US\" \/><input type=\"hidden\" name=\"_wpcf7_unit_tag\" value=\"wpcf7-f1922-o1\" \/><input type=\"hidden\" name=\"_wpcf7_container_post\" value=\"0\" \/><input type=\"hidden\" name=\"_wpcf7_posted_data_hash\" value=\"\" \/>\n<\/fieldset>\n<p>Remplissez le formulaire ci-dessous pour exprimer votre int\u00e9r\u00eat \u00e0 devenir supporter ou partenaire.\n<\/p>\n<p><label>Nom de l&#039;entreprise<br \/>\n<span class=\"wpcf7-form-control-wrap\" data-name=\"company-name\"><input size=\"40\" maxlength=\"400\" class=\"wpcf7-form-control wpcf7-text wpcf7-validates-as-required\" aria-required=\"true\" aria-invalid=\"false\" value=\"\" type=\"text\" name=\"company-name\" \/><\/span> <\/label>\n<\/p>\n<div class=\"wpcf7-row\">\n\t<div class=\"wpcf7-col wpcf7-half\">\n\t\t<p><label>Pr\u00e9nom<br \/>\n<span class=\"wpcf7-form-control-wrap\" data-name=\"first-name\"><input size=\"40\" maxlength=\"400\" class=\"wpcf7-form-control wpcf7-text wpcf7-validates-as-required\" aria-required=\"true\" aria-invalid=\"false\" value=\"\" type=\"text\" name=\"first-name\" \/><\/span> <\/label>\n\t\t<\/p>\n\t<\/div>\n\t<div class=\"wpcf7-col wpcf7-half\">\n\t\t<p><label>Nom de famille<br \/>\n<span class=\"wpcf7-form-control-wrap\" data-name=\"last-name\"><input size=\"40\" maxlength=\"400\" class=\"wpcf7-form-control wpcf7-text wpcf7-validates-as-required\" aria-required=\"true\" aria-invalid=\"false\" value=\"\" type=\"text\" name=\"last-name\" \/><\/span> <\/label>\n\t\t<\/p>\n\t<\/div>\n<\/div>\n<div class=\"wpcf7-row\">\n\t<div class=\"wpcf7-col wpcf7-half\">\n\t\t<p><label>Num\u00e9ro de t\u00e9l\u00e9phone<br \/>\n<span class=\"wpcf7-form-control-wrap\" data-name=\"phone\"><input size=\"40\" maxlength=\"400\" class=\"wpcf7-form-control wpcf7-tel wpcf7-validates-as-required wpcf7-text wpcf7-validates-as-tel\" aria-required=\"true\" aria-invalid=\"false\" value=\"\" type=\"tel\" name=\"phone\" \/><\/span> <\/label>\n\t\t<\/p>\n\t<\/div>\n\t<div class=\"wpcf7-col wpcf7-half\">\n\t\t<p><label>Adresse email<br \/>\n<span class=\"wpcf7-form-control-wrap\" data-name=\"email\"><input size=\"40\" maxlength=\"400\" class=\"wpcf7-form-control wpcf7-email wpcf7-validates-as-required wpcf7-text wpcf7-validates-as-email\" aria-required=\"true\" aria-invalid=\"false\" value=\"\" type=\"email\" name=\"email\" \/><\/span> <\/label>\n\t\t<\/p>\n\t<\/div>\n<\/div>\n<hr \/>\n<p><label>Comment souhaitez-vous apporter votre soutien\u00a0? (S\u00e9lectionnez une ou plusieurs options)<br \/>\n<span class=\"wpcf7-form-control-wrap\" data-name=\"support-options\"><span class=\"wpcf7-form-control wpcf7-checkbox wpcf7-validates-as-required\"><span class=\"wpcf7-list-item first\"><label><input type=\"checkbox\" name=\"support-options[]\" value=\"I\u2019d like to contribute to sustaining your core programs\" \/><span class=\"wpcf7-list-item-label\">J&#039;aimerais contribuer \u00e0 soutenir vos programmes de base<\/span><\/label><\/span><span class=\"wpcf7-list-item\"><label><input type=\"checkbox\" name=\"support-options[]\" value=\"I want to help launch new senior wellness or education initiatives\" \/><span class=\"wpcf7-list-item-label\">Je souhaite contribuer au lancement de nouvelles initiatives en mati\u00e8re de bien-\u00eatre ou d&#039;\u00e9ducation des a\u00een\u00e9s<\/span><\/label><\/span><span class=\"wpcf7-list-item\"><label><input type=\"checkbox\" name=\"support-options[]\" value=\"I\u2019m interested in becoming a supporter\" \/><span class=\"wpcf7-list-item-label\">Je suis int\u00e9ress\u00e9 \u00e0 devenir un supporter<\/span><\/label><\/span><span class=\"wpcf7-list-item\"><label><input type=\"checkbox\" name=\"support-options[]\" value=\"I\u2019d like to fund technology or accessibility improvements\" \/><span class=\"wpcf7-list-item-label\">Je souhaite financer des am\u00e9liorations technologiques ou d&#039;accessibilit\u00e9<\/span><\/label><\/span><span class=\"wpcf7-list-item\"><label><input type=\"checkbox\" name=\"support-options[]\" value=\"I\u2019d like to offer in-kind services or products\" \/><span class=\"wpcf7-list-item-label\">Je souhaite offrir des services ou des produits en nature<\/span><\/label><\/span><span class=\"wpcf7-list-item last\"><label><input type=\"checkbox\" name=\"support-options[]\" value=\"I have another idea and would love to share it\" \/><span class=\"wpcf7-list-item-label\">J&#039;ai une autre id\u00e9e et j&#039;aimerais la partager<\/span><\/label><\/span><\/span><\/span><br \/>\n<\/label>\n<\/p>\n<p><span class=\"wpcf7-form-control-wrap\" data-name=\"privacy-policy\"><span class=\"wpcf7-form-control wpcf7-acceptance\"><span class=\"wpcf7-list-item\"><input type=\"checkbox\" name=\"privacy-policy\" value=\"1\" aria-invalid=\"false\" \/><\/span><\/span><\/span> J&#039;accepte de recevoir des communications et j&#039;ai lu et accept\u00e9 <a href=\"https:\/\/thevoiceofourseniors.ca\/fr\/privacy-policy\/\" target=\"_blank\">Politique de confidentialit\u00e9 de La Voix de nos a\u00een\u00e9s<\/a>.\n<\/p>\n<p><input class=\"wpcf7-form-control wpcf7-submit has-spinner volunteer-submit-button\" type=\"submit\" value=\"Soumettre un int\u00e9r\u00eat\" \/>\n<\/p><div class=\"wpcf7-response-output\" aria-hidden=\"true\"><\/div>\n<input type=\"hidden\" name=\"trp-form-language\" value=\"fr\"\/><\/form>\n<\/div>\n<\/div>\t\t\t\t<\/div>\n\t\t\t\t<\/div>\n\t\t\t\t\t<\/div>\n\t\t\t\t<\/div>\n\t\t\t\t<section class=\"elementor-section elementor-top-section elementor-element elementor-element-5b73c73 elementor-section-boxed elementor-section-height-default elementor-section-height-default\" data-id=\"5b73c73\" data-element_type=\"section\" data-e-type=\"section\">\n\t\t\t\t\t\t<div class=\"elementor-container elementor-column-gap-default\">\n\t\t\t\t\t<div class=\"elementor-column elementor-col-100 elementor-top-column elementor-element elementor-element-abb1f5b\" data-id=\"abb1f5b\" data-element_type=\"column\" data-e-type=\"column\">\n\t\t\t<div class=\"elementor-widget-wrap elementor-element-populated\">\n\t\t\t\t\t\t<div class=\"elementor-element elementor-element-7087530 elementor-widget elementor-widget-heading\" data-id=\"7087530\" data-element_type=\"widget\" data-e-type=\"widget\" data-widget_type=\"heading.default\">\n\t\t\t\t<div class=\"elementor-widget-container\">\n\t\t\t\t\t<h2 class=\"elementor-heading-title elementor-size-default\">Partenaires<\/h2>\t\t\t\t<\/div>\n\t\t\t\t<\/div>\n\t\t\t\t\t<\/div>\n\t\t<\/div>\n\t\t\t\t\t<\/div>\n\t\t<\/section>\n\t\t<div class=\"elementor-element elementor-element-11a6e2c e-flex e-con-boxed e-con e-parent\" data-id=\"11a6e2c\" data-element_type=\"container\" data-e-type=\"container\">\n\t\t\t\t\t<div class=\"e-con-inner\">\n\t\t<div class=\"elementor-element elementor-element-a93c502 e-con-full e-flex e-con e-child\" data-id=\"a93c502\" data-element_type=\"container\" data-e-type=\"container\">\n\t\t\t\t<\/div>\n\t\t<div class=\"elementor-element elementor-element-47f17ff e-con-full e-flex e-con e-child\" data-id=\"47f17ff\" data-element_type=\"container\" data-e-type=\"container\">\n\t\t\t\t<div class=\"elementor-element elementor-element-511b6f7 elementor-widget elementor-widget-image\" data-id=\"511b6f7\" data-element_type=\"widget\" data-e-type=\"widget\" data-widget_type=\"image.default\">\n\t\t\t\t<div class=\"elementor-widget-container\">\n\t\t\t\t\t\t\t\t\t\t\t\t\t\t\t<img decoding=\"async\" width=\"300\" height=\"157\" src=\"https:\/\/thevoiceofourseniors.ca\/wp-content\/uploads\/2025\/04\/ATEHO-fullcolour-vertical-300x157.png\" class=\"attachment-medium size-medium wp-image-1668\" alt=\"ATEHO\" srcset=\"https:\/\/thevoiceofourseniors.ca\/wp-content\/uploads\/2025\/04\/ATEHO-fullcolour-vertical-300x157.png 300w, https:\/\/thevoiceofourseniors.ca\/wp-content\/uploads\/2025\/04\/ATEHO-fullcolour-vertical-1024x535.png 1024w, https:\/\/thevoiceofourseniors.ca\/wp-content\/uploads\/2025\/04\/ATEHO-fullcolour-vertical-768x401.png 768w, https:\/\/thevoiceofourseniors.ca\/wp-content\/uploads\/2025\/04\/ATEHO-fullcolour-vertical.png 1244w\" sizes=\"(max-width: 300px) 100vw, 300px\" \/>\t\t\t\t\t\t\t\t\t\t\t\t\t\t\t<\/div>\n\t\t\t\t<\/div>\n\t\t\t\t<\/div>\n\t\t<div class=\"elementor-element elementor-element-42e4a8a e-con-full e-flex e-con e-child\" data-id=\"42e4a8a\" data-element_type=\"container\" data-e-type=\"container\">\n\t\t\t\t<div class=\"elementor-element elementor-element-d515118 elementor-widget elementor-widget-image\" data-id=\"d515118\" data-element_type=\"widget\" data-e-type=\"widget\" data-widget_type=\"image.default\">\n\t\t\t\t<div class=\"elementor-widget-container\">\n\t\t\t\t\t\t\t\t\t\t\t\t\t\t\t<img decoding=\"async\" width=\"300\" height=\"129\" src=\"https:\/\/thevoiceofourseniors.ca\/wp-content\/uploads\/2025\/09\/unnamed-e1758237230585-300x129.png\" class=\"attachment-medium size-medium wp-image-2174\" alt=\"RTO\" srcset=\"https:\/\/thevoiceofourseniors.ca\/wp-content\/uploads\/2025\/09\/unnamed-e1758237230585-300x130.png 300w, https:\/\/thevoiceofourseniors.ca\/wp-content\/uploads\/2025\/09\/unnamed-e1758237230585-18x8.png 18w, https:\/\/thevoiceofourseniors.ca\/wp-content\/uploads\/2025\/09\/unnamed-e1758237230585.png 303w\" sizes=\"(max-width: 300px) 100vw, 300px\" \/>\t\t\t\t\t\t\t\t\t\t\t\t\t\t\t<\/div>\n\t\t\t\t<\/div>\n\t\t\t\t<\/div>\n\t\t<div class=\"elementor-element elementor-element-8b00063 e-con-full e-flex e-con e-child\" data-id=\"8b00063\" data-element_type=\"container\" data-e-type=\"container\">\n\t\t\t\t<\/div>\n\t\t\t\t\t<\/div>\n\t\t\t\t<\/div>\n\t\t\t\t<\/div>","protected":false},"excerpt":{"rendered":"<p>Become a Supporter or Partner Home Become a Supporter or Partner Join Us in Building a More Compassionate and Inclusive Future for Seniors At The Voice of Our Seniors, we believe meaningful change happens when communities come together. As a grassroots initiative dedicated to the well-being, dignity, and empowerment of older adults\u2014especially those from Black<\/p>","protected":false},"author":1,"featured_media":0,"parent":0,"menu_order":0,"comment_status":"closed","ping_status":"closed","template":"empty-template.php","meta":{"_acf_changed":false,"give_campaign_id":0,"_monsterinsights_skip_tracking":false,"_monsterinsights_sitenote_active":false,"_monsterinsights_sitenote_note":"","_monsterinsights_sitenote_category":0,"footnotes":""},"class_list":["post-1909","page","type-page","status-publish","hentry"],"acf":[],"aioseo_notices":[],"campaignId":"","_links":{"self":[{"href":"https:\/\/thevoiceofourseniors.ca\/fr\/wp-json\/wp\/v2\/pages\/1909","targetHints":{"allow":["GET"]}}],"collection":[{"href":"https:\/\/thevoiceofourseniors.ca\/fr\/wp-json\/wp\/v2\/pages"}],"about":[{"href":"https:\/\/thevoiceofourseniors.ca\/fr\/wp-json\/wp\/v2\/types\/page"}],"author":[{"embeddable":true,"href":"https:\/\/thevoiceofourseniors.ca\/fr\/wp-json\/wp\/v2\/users\/1"}],"replies":[{"embeddable":true,"href":"https:\/\/thevoiceofourseniors.ca\/fr\/wp-json\/wp\/v2\/comments?post=1909"}],"version-history":[{"count":19,"href":"https:\/\/thevoiceofourseniors.ca\/fr\/wp-json\/wp\/v2\/pages\/1909\/revisions"}],"predecessor-version":[{"id":2210,"href":"https:\/\/thevoiceofourseniors.ca\/fr\/wp-json\/wp\/v2\/pages\/1909\/revisions\/2210"}],"wp:attachment":[{"href":"https:\/\/thevoiceofourseniors.ca\/fr\/wp-json\/wp\/v2\/media?parent=1909"}],"curies":[{"name":"wp","href":"https:\/\/api.w.org\/{rel}","templated":true}]}}