{"id":1927,"date":"2025-04-24T20:35:53","date_gmt":"2025-04-24T20:35:53","guid":{"rendered":"https:\/\/thevoiceofourseniors.ca\/?page_id=1927"},"modified":"2025-04-24T20:42:17","modified_gmt":"2025-04-24T20:42:17","slug":"podcast","status":"publish","type":"page","link":"https:\/\/thevoiceofourseniors.ca\/fr\/podcast\/","title":{"rendered":"Podcast"},"content":{"rendered":"<div data-elementor-type=\"wp-page\" data-elementor-id=\"1927\" class=\"elementor elementor-1927\">\n\t\t\t\t\t\t<section class=\"elementor-section elementor-top-section elementor-element elementor-element-b8fc7d1 elementor-section-stretched elementor-section-full_width elementor-section-height-default elementor-section-height-default\" data-id=\"b8fc7d1\" data-element_type=\"section\" data-e-type=\"section\" data-settings=\"{&quot;stretch_section&quot;:&quot;section-stretched&quot;}\">\n\t\t\t\t\t\t<div class=\"elementor-container elementor-column-gap-no\">\n\t\t\t\t\t<div class=\"elementor-column elementor-col-100 elementor-top-column elementor-element elementor-element-085065d\" data-id=\"085065d\" data-element_type=\"column\" data-e-type=\"column\">\n\t\t\t<div class=\"elementor-widget-wrap elementor-element-populated\">\n\t\t\t\t\t\t<div class=\"elementor-element elementor-element-ea86a2b el-align-center elementor-widget elementor-widget-dl_page_header\" data-id=\"ea86a2b\" data-element_type=\"widget\" data-e-type=\"widget\" data-widget_type=\"dl_page_header.default\">\n\t\t\t\t<div class=\"elementor-widget-container\">\n\t\t\t\t\t\t\t<div class=\"el-page-header\">\r\n\t\t\t<div class=\"overlay\"><\/div>\t\t\t<div class=\"container\">\r\n\t\t\t\t<div class=\"el-ph-content\">\r\n\t\t\t\t\t<h2 >Podcast La Voix de nos a\u00een\u00e9s<\/h2>\t\t\t\t\t<p >Le podcast \u00ab\u00a0La Voix de nos a\u00een\u00e9s\u00a0\u00bb est une plateforme d\u00e9di\u00e9e \u00e0 la diffusion des exp\u00e9riences, des points de vue et des histoires des a\u00een\u00e9s, en particulier des a\u00een\u00e9s noirs de notre communaut\u00e9. Notre objectif est de cr\u00e9er un espace o\u00f9 l&#039;exp\u00e9rience v\u00e9cue se conjugue \u00e0 l&#039;apprentissage, o\u00f9 le dialogue interg\u00e9n\u00e9rationnel s&#039;\u00e9panouit et o\u00f9 les a\u00een\u00e9s sont reconnus comme de puissants conteurs et acteurs du changement.<\/p>\t\t\t\t\t\t\t\t\t\t<ol class=\"breadcrumb-wrap\">\r\n\t\t\t\t\t\t<li><a href=\"https:\/\/thevoiceofourseniors.ca\/fr\/\">\r\n\t\t\t\t\t\t<i class=\"ti-home\"><\/i>Maison\t\t\t\t\t\t<\/a><\/li>\r\n\t\t\t\t\t\t<li class=\"active\">\r\n\t\t\t\t\t\tPodcast La Voix de nos a\u00een\u00e9s\t\t\t\t\t\t<\/li>\r\n\t\t\t\t\t<\/ol>\r\n\t\t\t\t\t\t\t\t\t<\/div>\r\n\t\t\t<\/div>\r\n\t\t<\/div>\r\n\t\t\t\t\t\t<\/div>\n\t\t\t\t<\/div>\n\t\t\t\t\t<\/div>\n\t\t<\/div>\n\t\t\t\t\t<\/div>\n\t\t<\/section>\n\t\t<div class=\"elementor-element elementor-element-c0c13c1 e-flex e-con-boxed e-con e-parent\" data-id=\"c0c13c1\" data-element_type=\"container\" data-e-type=\"container\">\n\t\t\t\t\t<div class=\"e-con-inner\">\n\t\t\t\t<div class=\"elementor-element elementor-element-0cb8753 elementor-widget elementor-widget-text-editor\" data-id=\"0cb8753\" data-element_type=\"widget\" data-e-type=\"widget\" data-widget_type=\"text-editor.default\">\n\t\t\t\t<div class=\"elementor-widget-container\">\n\t\t\t\t\t\t\t\t\t<p style=\"text-align: center;\"><strong data-start=\"208\" data-end=\"243\">Des choses passionnantes sont en route\u00a0!<\/strong><\/p><p class=\"p1\" style=\"text-align: center;\">Nous enregistrons actuellement nos premiers \u00e9pisodes. De nouveaux podcasts seront bient\u00f4t disponibles ici, avec des conversations r\u00e9elles avec des personnes \u00e2g\u00e9es, des aidants et des leaders communautaires.<\/p><p class=\"p1\" style=\"text-align: center;\"><span class=\"Apple-converted-space\">\u00a0 <\/span>Restez \u00e0 l\u2019\u00e9coute et merci de soutenir les voix qui ont construit notre avenir.<\/p>\t\t\t\t\t\t\t\t<\/div>\n\t\t\t\t<\/div>\n\t\t\t\t\t<\/div>\n\t\t\t\t<\/div>\n\t\t\t\t<section class=\"elementor-section elementor-top-section elementor-element elementor-element-2bb0199 elementor-section-boxed elementor-section-height-default elementor-section-height-default\" data-id=\"2bb0199\" data-element_type=\"section\" data-e-type=\"section\" data-settings=\"{&quot;background_background&quot;:&quot;classic&quot;}\">\n\t\t\t\t\t\t<div class=\"elementor-container elementor-column-gap-default\">\n\t\t\t\t\t<div class=\"elementor-column elementor-col-100 elementor-top-column elementor-element elementor-element-48b8b5d\" data-id=\"48b8b5d\" data-element_type=\"column\" data-e-type=\"column\">\n\t\t\t<div class=\"elementor-widget-wrap elementor-element-populated\">\n\t\t\t\t\t\t<section class=\"elementor-section elementor-inner-section elementor-element elementor-element-1b13cac elementor-hidden-desktop elementor-hidden-tablet elementor-hidden-mobile elementor-section-boxed elementor-section-height-default elementor-section-height-default\" data-id=\"1b13cac\" data-element_type=\"section\" data-e-type=\"section\">\n\t\t\t\t\t\t<div class=\"elementor-container elementor-column-gap-default\">\n\t\t\t\t\t<div class=\"elementor-column elementor-col-100 elementor-inner-column elementor-element elementor-element-d2a68f3\" data-id=\"d2a68f3\" data-element_type=\"column\" data-e-type=\"column\">\n\t\t\t<div class=\"elementor-widget-wrap elementor-element-populated\">\n\t\t\t\t\t\t<div class=\"elementor-element elementor-element-09ef4d8 elementor-widget elementor-widget-dl-event\" data-id=\"09ef4d8\" data-element_type=\"widget\" data-e-type=\"widget\" data-settings=\"{&quot;dl_col_desktop&quot;:&quot;3&quot;,&quot;dl_col_tablet&quot;:&quot;2&quot;,&quot;dl_col_mobile&quot;:&quot;2&quot;}\" data-widget_type=\"dl-event.default\">\n\t\t\t\t<div class=\"elementor-widget-container\">\n\t\t\t\t\t\r\n\t\t\r\n\t\t<div class=\"events-items wt-row  wt-column-desktop-3 wt-column-tablet-2 wt-column-mobile-2\" data-carousel=\"false\">\r\n\r\n\t\t\t\t\t<article class=\"events-item wt-col post-497 dl-event type-dl-event status-publish has-post-thumbnail hentry event-cat-food\" id=\"post-497\">\r\n\t\t\t\t<div class=\"dl-event-inner\">\r\n\t\t\t\t\t<div class=\"event-thumb\">\r\n\t\t\t\t\t\t<img fetchpriority=\"high\" decoding=\"async\" width=\"450\" height=\"420\" src=\"https:\/\/thevoiceofourseniors.ca\/wp-content\/uploads\/2020\/02\/event-placeholder-450x420.png\" class=\"attachment-charitian_450x420 size-charitian_450x420 wp-post-image\" alt=\"\" \/>\t\t\t\t\t\t\t\t\t\t\t\t<div class=\"date pos-right\" style=\"background-color: #ed008c\"><span>26<\/span>Juin<\/div>\r\n\t\t\t\t\t\t\t\t\t\t\t\t<div class=\"event-details\">\r\n\t\t\t\t\t\t\t<h3><a href=\"https:\/\/thevoiceofourseniors.ca\/fr\/events\/help-for-rohingya-people\/\" class=\"hover-line\">Aide pour le peuple Rohingya.<\/a><\/h3>\r\n\t\t\t\t\t\t\t\t\t\t\t\t\t\t<ul class=\"event-meta\">\r\n\t\t\t\t\t\t\t\t\t\t\t\t\t\t\t\t<li><i class=\"fas fa-clock\"><\/i>11h00<\/li>\r\n\t\t\t\t\t\t\t\t\t\t\t\t\t\t\t\t\t\t\t\t\t\t\t\t<li><i class=\"fas fa-map-marker-alt\"><\/i>New York<\/li>\r\n\t\t\t\t\t\t\t\t\t\t\t\t\t\t\t<\/ul>\r\n\t\t\t\t\t\t\t\t\t\t\t\t\t<\/div>\r\n\t\t\t\t\t<\/div>\r\n\t\t\t\t<\/div>\r\n\t\t\t<\/article>\r\n\t\t\t\t\t\t<article class=\"events-item wt-col post-495 dl-event type-dl-event status-publish has-post-thumbnail hentry event-cat-food\" id=\"post-495\">\r\n\t\t\t\t<div class=\"dl-event-inner\">\r\n\t\t\t\t\t<div class=\"event-thumb\">\r\n\t\t\t\t\t\t<img fetchpriority=\"high\" decoding=\"async\" width=\"450\" height=\"420\" src=\"https:\/\/thevoiceofourseniors.ca\/wp-content\/uploads\/2020\/02\/event-placeholder-450x420.png\" class=\"attachment-charitian_450x420 size-charitian_450x420 wp-post-image\" alt=\"\" \/>\t\t\t\t\t\t\t\t\t\t\t\t<div class=\"date pos-right\" style=\"background-color: #9064bf\"><span>30<\/span>Peut<\/div>\r\n\t\t\t\t\t\t\t\t\t\t\t\t<div class=\"event-details\">\r\n\t\t\t\t\t\t\t<h3><a href=\"https:\/\/thevoiceofourseniors.ca\/fr\/events\/protect-the-eco-system\/\" class=\"hover-line\">Prot\u00e9ger l&#039;\u00e9cosyst\u00e8me.<\/a><\/h3>\r\n\t\t\t\t\t\t\t\t\t\t\t\t\t\t<ul class=\"event-meta\">\r\n\t\t\t\t\t\t\t\t\t\t\t\t\t\t\t\t<li><i class=\"fas fa-clock\"><\/i>9h00<\/li>\r\n\t\t\t\t\t\t\t\t\t\t\t\t\t\t\t\t\t\t\t\t\t\t\t\t<li><i class=\"fas fa-map-marker-alt\"><\/i>New York<\/li>\r\n\t\t\t\t\t\t\t\t\t\t\t\t\t\t\t<\/ul>\r\n\t\t\t\t\t\t\t\t\t\t\t\t\t<\/div>\r\n\t\t\t\t\t<\/div>\r\n\t\t\t\t<\/div>\r\n\t\t\t<\/article>\r\n\t\t\t\t\t\t<article class=\"events-item wt-col post-492 dl-event type-dl-event status-publish has-post-thumbnail hentry event-cat-lifesaving\" id=\"post-492\">\r\n\t\t\t\t<div class=\"dl-event-inner\">\r\n\t\t\t\t\t<div class=\"event-thumb\">\r\n\t\t\t\t\t\t<img fetchpriority=\"high\" decoding=\"async\" width=\"450\" height=\"420\" src=\"https:\/\/thevoiceofourseniors.ca\/wp-content\/uploads\/2020\/02\/event-placeholder-450x420.png\" class=\"attachment-charitian_450x420 size-charitian_450x420 wp-post-image\" alt=\"\" \/>\t\t\t\t\t\t\t\t\t\t\t\t<div class=\"date pos-right\" style=\"background-color: #379ff4\"><span>20<\/span>Avr<\/div>\r\n\t\t\t\t\t\t\t\t\t\t\t\t<div class=\"event-details\">\r\n\t\t\t\t\t\t\t<h3><a href=\"https:\/\/thevoiceofourseniors.ca\/fr\/events\/water-for-children\/\" class=\"hover-line\">De l&#039;eau pour les enfants.<\/a><\/h3>\r\n\t\t\t\t\t\t\t\t\t\t\t\t\t\t<ul class=\"event-meta\">\r\n\t\t\t\t\t\t\t\t\t\t\t\t\t\t\t\t<li><i class=\"fas fa-clock\"><\/i>10h00<\/li>\r\n\t\t\t\t\t\t\t\t\t\t\t\t\t\t\t\t\t\t\t\t\t\t\t\t<li><i class=\"fas fa-map-marker-alt\"><\/i>New York<\/li>\r\n\t\t\t\t\t\t\t\t\t\t\t\t\t\t\t<\/ul>\r\n\t\t\t\t\t\t\t\t\t\t\t\t\t<\/div>\r\n\t\t\t\t\t<\/div>\r\n\t\t\t\t<\/div>\r\n\t\t\t<\/article>\r\n\t\t\t\t\t\t<article class=\"events-item wt-col post-490 dl-event type-dl-event status-publish has-post-thumbnail hentry event-cat-health\" id=\"post-490\">\r\n\t\t\t\t<div class=\"dl-event-inner\">\r\n\t\t\t\t\t<div class=\"event-thumb\">\r\n\t\t\t\t\t\t<img fetchpriority=\"high\" decoding=\"async\" width=\"450\" height=\"420\" src=\"https:\/\/thevoiceofourseniors.ca\/wp-content\/uploads\/2020\/02\/event-placeholder-450x420.png\" class=\"attachment-charitian_450x420 size-charitian_450x420 wp-post-image\" alt=\"\" \/>\t\t\t\t\t\t\t\t\t\t\t\t<div class=\"date pos-right\" style=\"background-color: #2cc391\"><span>22<\/span>Mar<\/div>\r\n\t\t\t\t\t\t\t\t\t\t\t\t<div class=\"event-details\">\r\n\t\t\t\t\t\t\t<h3><a href=\"https:\/\/thevoiceofourseniors.ca\/fr\/events\/help-for-education\/\" class=\"hover-line\">Aide \u00e0 l&#039;\u00e9ducation.<\/a><\/h3>\r\n\t\t\t\t\t\t\t\t\t\t\t\t\t\t<ul class=\"event-meta\">\r\n\t\t\t\t\t\t\t\t\t\t\t\t\t\t\t\t<li><i class=\"fas fa-clock\"><\/i>10h00<\/li>\r\n\t\t\t\t\t\t\t\t\t\t\t\t\t\t\t\t\t\t\t\t\t\t\t\t<li><i class=\"fas fa-map-marker-alt\"><\/i>New York<\/li>\r\n\t\t\t\t\t\t\t\t\t\t\t\t\t\t\t<\/ul>\r\n\t\t\t\t\t\t\t\t\t\t\t\t\t<\/div>\r\n\t\t\t\t\t<\/div>\r\n\t\t\t\t<\/div>\r\n\t\t\t<\/article>\r\n\t\t\t\t\t\t<article class=\"events-item wt-col post-488 dl-event type-dl-event status-publish has-post-thumbnail hentry event-cat-education\" id=\"post-488\">\r\n\t\t\t\t<div class=\"dl-event-inner\">\r\n\t\t\t\t\t<div class=\"event-thumb\">\r\n\t\t\t\t\t\t<img fetchpriority=\"high\" decoding=\"async\" width=\"450\" height=\"420\" src=\"https:\/\/thevoiceofourseniors.ca\/wp-content\/uploads\/2020\/02\/event-placeholder-450x420.png\" class=\"attachment-charitian_450x420 size-charitian_450x420 wp-post-image\" alt=\"\" \/>\t\t\t\t\t\t\t\t\t\t\t\t<div class=\"date pos-right\" style=\"background-color: #f7a900\"><span>25<\/span>F\u00e9v<\/div>\r\n\t\t\t\t\t\t\t\t\t\t\t\t<div class=\"event-details\">\r\n\t\t\t\t\t\t\t<h3><a href=\"https:\/\/thevoiceofourseniors.ca\/fr\/events\/education-for-kids\/\" class=\"hover-line\">\u00c9ducation pour les enfants.<\/a><\/h3>\r\n\t\t\t\t\t\t\t\t\t\t\t\t\t\t<ul class=\"event-meta\">\r\n\t\t\t\t\t\t\t\t\t\t\t\t\t\t\t\t<li><i class=\"fas fa-clock\"><\/i>10h00<\/li>\r\n\t\t\t\t\t\t\t\t\t\t\t\t\t\t\t\t\t\t\t\t\t\t\t\t<li><i class=\"fas fa-map-marker-alt\"><\/i>New York<\/li>\r\n\t\t\t\t\t\t\t\t\t\t\t\t\t\t\t<\/ul>\r\n\t\t\t\t\t\t\t\t\t\t\t\t\t<\/div>\r\n\t\t\t\t\t<\/div>\r\n\t\t\t\t<\/div>\r\n\t\t\t<\/article>\r\n\t\t\t\t\t\t<article class=\"events-item wt-col post-484 dl-event type-dl-event status-publish has-post-thumbnail hentry event-cat-awareness\" id=\"post-484\">\r\n\t\t\t\t<div class=\"dl-event-inner\">\r\n\t\t\t\t\t<div class=\"event-thumb\">\r\n\t\t\t\t\t\t<img fetchpriority=\"high\" decoding=\"async\" width=\"450\" height=\"420\" src=\"https:\/\/thevoiceofourseniors.ca\/wp-content\/uploads\/2020\/02\/event-placeholder-450x420.png\" class=\"attachment-charitian_450x420 size-charitian_450x420 wp-post-image\" alt=\"\" \/>\t\t\t\t\t\t\t\t\t\t\t\t<div class=\"date pos-right\" style=\"background-color: #fa575d\"><span>28<\/span>Jan<\/div>\r\n\t\t\t\t\t\t\t\t\t\t\t\t<div class=\"event-details\">\r\n\t\t\t\t\t\t\t<h3><a href=\"https:\/\/thevoiceofourseniors.ca\/fr\/events\/fight-for-right-cause\/\" class=\"hover-line\">Combattez pour la bonne cause.<\/a><\/h3>\r\n\t\t\t\t\t\t\t\t\t\t\t\t\t\t<ul class=\"event-meta\">\r\n\t\t\t\t\t\t\t\t\t\t\t\t\t\t\t\t<li><i class=\"fas fa-clock\"><\/i>8h00<\/li>\r\n\t\t\t\t\t\t\t\t\t\t\t\t\t\t\t\t\t\t\t\t\t\t\t\t<li><i class=\"fas fa-map-marker-alt\"><\/i>New York<\/li>\r\n\t\t\t\t\t\t\t\t\t\t\t\t\t\t\t<\/ul>\r\n\t\t\t\t\t\t\t\t\t\t\t\t\t<\/div>\r\n\t\t\t\t\t<\/div>\r\n\t\t\t\t<\/div>\r\n\t\t\t<\/article>\r\n\t\t\t<div class=\"clearfix\"><\/div>\t\t<\/div>\r\n\t\t\t\t\t\t<\/div>\n\t\t\t\t<\/div>\n\t\t\t\t\t<\/div>\n\t\t<\/div>\n\t\t\t\t\t<\/div>\n\t\t<\/section>\n\t\t\t\t\t<\/div>\n\t\t<\/div>\n\t\t\t\t\t<\/div>\n\t\t<\/section>\n\t\t\t\t<\/div>","protected":false},"excerpt":{"rendered":"<p>The Voice of Our Seniors Podcast The Voice of Our Seniors Podcast is a platform dedicated to centering the experiences, insights, and stories of seniors\u2014especially Black older adults in our community. Our goal is to create a space where lived experience meets learning, where intergenerational dialogue thrives, and where elders are recognized as the powerful<\/p>","protected":false},"author":1,"featured_media":0,"parent":0,"menu_order":0,"comment_status":"closed","ping_status":"closed","template":"empty-template.php","meta":{"_acf_changed":false,"give_campaign_id":0,"_monsterinsights_skip_tracking":false,"_monsterinsights_sitenote_active":false,"_monsterinsights_sitenote_note":"","_monsterinsights_sitenote_category":0,"footnotes":""},"class_list":["post-1927","page","type-page","status-publish","hentry"],"acf":[],"aioseo_notices":[],"campaignId":"","_links":{"self":[{"href":"https:\/\/thevoiceofourseniors.ca\/fr\/wp-json\/wp\/v2\/pages\/1927","targetHints":{"allow":["GET"]}}],"collection":[{"href":"https:\/\/thevoiceofourseniors.ca\/fr\/wp-json\/wp\/v2\/pages"}],"about":[{"href":"https:\/\/thevoiceofourseniors.ca\/fr\/wp-json\/wp\/v2\/types\/page"}],"author":[{"embeddable":true,"href":"https:\/\/thevoiceofourseniors.ca\/fr\/wp-json\/wp\/v2\/users\/1"}],"replies":[{"embeddable":true,"href":"https:\/\/thevoiceofourseniors.ca\/fr\/wp-json\/wp\/v2\/comments?post=1927"}],"version-history":[{"count":4,"href":"https:\/\/thevoiceofourseniors.ca\/fr\/wp-json\/wp\/v2\/pages\/1927\/revisions"}],"predecessor-version":[{"id":1933,"href":"https:\/\/thevoiceofourseniors.ca\/fr\/wp-json\/wp\/v2\/pages\/1927\/revisions\/1933"}],"wp:attachment":[{"href":"https:\/\/thevoiceofourseniors.ca\/fr\/wp-json\/wp\/v2\/media?parent=1927"}],"curies":[{"name":"wp","href":"https:\/\/api.w.org\/{rel}","templated":true}]}}