{"id":2007,"date":"2025-04-25T16:36:11","date_gmt":"2025-04-25T16:36:11","guid":{"rendered":"https:\/\/thevoiceofourseniors.ca\/?page_id=2007"},"modified":"2025-04-25T16:48:32","modified_gmt":"2025-04-25T16:48:32","slug":"board-of-directors","status":"publish","type":"page","link":"https:\/\/thevoiceofourseniors.ca\/fr\/board-of-directors\/","title":{"rendered":"Conseil d&#039;administration"},"content":{"rendered":"<div data-elementor-type=\"wp-page\" data-elementor-id=\"2007\" class=\"elementor elementor-2007\">\n\t\t\t\t<div class=\"elementor-element elementor-element-0edfadb e-flex e-con-boxed e-con e-parent\" data-id=\"0edfadb\" data-element_type=\"container\" data-e-type=\"container\" data-settings=\"{&quot;background_background&quot;:&quot;classic&quot;}\">\n\t\t\t\t\t<div class=\"e-con-inner\">\n\t\t\t\t<div class=\"elementor-element elementor-element-76c9f72 elementor-widget elementor-widget-heading\" data-id=\"76c9f72\" data-element_type=\"widget\" data-e-type=\"widget\" data-widget_type=\"heading.default\">\n\t\t\t\t<div class=\"elementor-widget-container\">\n\t\t\t\t\t<h1 class=\"elementor-heading-title elementor-size-default\">Conseil d&#039;administration<\/h1>\t\t\t\t<\/div>\n\t\t\t\t<\/div>\n\t\t\t\t<div class=\"elementor-element elementor-element-4a10ac2 elementor-widget elementor-widget-text-editor\" data-id=\"4a10ac2\" data-element_type=\"widget\" data-e-type=\"widget\" data-widget_type=\"text-editor.default\">\n\t\t\t\t<div class=\"elementor-widget-container\">\n\t\t\t\t\t\t\t\t\t<p class=\"p1\">Notre conseil d\u2019administration joue un r\u00f4le cl\u00e9 dans l\u2019\u00e9laboration de l\u2019orientation, des valeurs et de la vision \u00e0 long terme de <i>La voix de nos a\u00een\u00e9s<\/i>Ils apportent leur leadership, leur exp\u00e9rience v\u00e9cue et leur profond engagement pour garantir que chaque personne \u00e2g\u00e9e, en particulier dans les communaut\u00e9s noires et mal desservies, puisse vieillir dans la dignit\u00e9, avec des liens et des soins.<\/p>\t\t\t\t\t\t\t\t<\/div>\n\t\t\t\t<\/div>\n\t\t\t\t\t<\/div>\n\t\t\t\t<\/div>\n\t\t<div class=\"elementor-element elementor-element-c0c13c1 e-flex e-con-boxed e-con e-parent\" data-id=\"c0c13c1\" data-element_type=\"container\" data-e-type=\"container\">\n\t\t\t\t\t<div class=\"e-con-inner\">\n\t\t\t\t<div class=\"elementor-element elementor-element-0cb8753 elementor-widget elementor-widget-text-editor\" data-id=\"0cb8753\" data-element_type=\"widget\" data-e-type=\"widget\" data-widget_type=\"text-editor.default\">\n\t\t\t\t<div class=\"elementor-widget-container\">\n\t\t\t\t\t\t\t\t\t<h3 class=\"p1\">Plus de d\u00e9tails \u00e0 venir<\/h3><p class=\"p1\">Les profils et informations concernant les membres de notre conseil d&#039;administration seront bient\u00f4t publi\u00e9s ici. Nous vous remercions de votre patience pendant que nous continuons \u00e0 constituer et \u00e0 renforcer notre \u00e9quipe de direction.<\/p><p class=\"p1\" style=\"text-align: center;\">\u00a0<\/p>\t\t\t\t\t\t\t\t<\/div>\n\t\t\t\t<\/div>\n\t\t\t\t\t<\/div>\n\t\t\t\t<\/div>\n\t\t\t\t<section class=\"elementor-section elementor-top-section elementor-element elementor-element-2bb0199 elementor-hidden-desktop elementor-hidden-tablet elementor-hidden-mobile elementor-section-boxed elementor-section-height-default elementor-section-height-default\" data-id=\"2bb0199\" data-element_type=\"section\" data-e-type=\"section\" data-settings=\"{&quot;background_background&quot;:&quot;classic&quot;}\">\n\t\t\t\t\t\t<div class=\"elementor-container elementor-column-gap-default\">\n\t\t\t\t\t<div class=\"elementor-column elementor-col-100 elementor-top-column elementor-element elementor-element-48b8b5d\" data-id=\"48b8b5d\" data-element_type=\"column\" data-e-type=\"column\">\n\t\t\t<div class=\"elementor-widget-wrap elementor-element-populated\">\n\t\t\t\t\t\t<section class=\"elementor-section elementor-inner-section elementor-element elementor-element-1b13cac elementor-hidden-desktop elementor-hidden-tablet elementor-hidden-mobile elementor-section-boxed elementor-section-height-default elementor-section-height-default\" data-id=\"1b13cac\" data-element_type=\"section\" data-e-type=\"section\">\n\t\t\t\t\t\t<div class=\"elementor-container elementor-column-gap-default\">\n\t\t\t\t\t<div class=\"elementor-column elementor-col-100 elementor-inner-column elementor-element elementor-element-d2a68f3\" data-id=\"d2a68f3\" data-element_type=\"column\" data-e-type=\"column\">\n\t\t\t<div class=\"elementor-widget-wrap elementor-element-populated\">\n\t\t\t\t\t\t<div class=\"elementor-element elementor-element-09ef4d8 elementor-widget elementor-widget-dl-event\" data-id=\"09ef4d8\" data-element_type=\"widget\" data-e-type=\"widget\" data-settings=\"{&quot;dl_col_desktop&quot;:&quot;3&quot;,&quot;dl_col_tablet&quot;:&quot;2&quot;,&quot;dl_col_mobile&quot;:&quot;2&quot;}\" data-widget_type=\"dl-event.default\">\n\t\t\t\t<div class=\"elementor-widget-container\">\n\t\t\t\t\t\r\n\t\t\r\n\t\t<div class=\"events-items wt-row  wt-column-desktop-3 wt-column-tablet-2 wt-column-mobile-2\" data-carousel=\"false\">\r\n\r\n\t\t\t\t\t<article class=\"events-item wt-col post-497 dl-event type-dl-event status-publish has-post-thumbnail hentry event-cat-food\" id=\"post-497\">\r\n\t\t\t\t<div class=\"dl-event-inner\">\r\n\t\t\t\t\t<div class=\"event-thumb\">\r\n\t\t\t\t\t\t<img fetchpriority=\"high\" decoding=\"async\" width=\"450\" height=\"420\" src=\"https:\/\/thevoiceofourseniors.ca\/wp-content\/uploads\/2020\/02\/event-placeholder-450x420.png\" class=\"attachment-charitian_450x420 size-charitian_450x420 wp-post-image\" alt=\"\" \/>\t\t\t\t\t\t\t\t\t\t\t\t<div class=\"date pos-right\" style=\"background-color: #ed008c\"><span>26<\/span>Juin<\/div>\r\n\t\t\t\t\t\t\t\t\t\t\t\t<div class=\"event-details\">\r\n\t\t\t\t\t\t\t<h3><a href=\"https:\/\/thevoiceofourseniors.ca\/fr\/events\/help-for-rohingya-people\/\" class=\"hover-line\">Aide pour le peuple Rohingya.<\/a><\/h3>\r\n\t\t\t\t\t\t\t\t\t\t\t\t\t\t<ul class=\"event-meta\">\r\n\t\t\t\t\t\t\t\t\t\t\t\t\t\t\t\t<li><i class=\"fas fa-clock\"><\/i>11h00<\/li>\r\n\t\t\t\t\t\t\t\t\t\t\t\t\t\t\t\t\t\t\t\t\t\t\t\t<li><i class=\"fas fa-map-marker-alt\"><\/i>New York<\/li>\r\n\t\t\t\t\t\t\t\t\t\t\t\t\t\t\t<\/ul>\r\n\t\t\t\t\t\t\t\t\t\t\t\t\t<\/div>\r\n\t\t\t\t\t<\/div>\r\n\t\t\t\t<\/div>\r\n\t\t\t<\/article>\r\n\t\t\t\t\t\t<article class=\"events-item wt-col post-495 dl-event type-dl-event status-publish has-post-thumbnail hentry event-cat-food\" id=\"post-495\">\r\n\t\t\t\t<div class=\"dl-event-inner\">\r\n\t\t\t\t\t<div class=\"event-thumb\">\r\n\t\t\t\t\t\t<img fetchpriority=\"high\" decoding=\"async\" width=\"450\" height=\"420\" src=\"https:\/\/thevoiceofourseniors.ca\/wp-content\/uploads\/2020\/02\/event-placeholder-450x420.png\" class=\"attachment-charitian_450x420 size-charitian_450x420 wp-post-image\" alt=\"\" \/>\t\t\t\t\t\t\t\t\t\t\t\t<div class=\"date pos-right\" style=\"background-color: #9064bf\"><span>30<\/span>Peut<\/div>\r\n\t\t\t\t\t\t\t\t\t\t\t\t<div class=\"event-details\">\r\n\t\t\t\t\t\t\t<h3><a href=\"https:\/\/thevoiceofourseniors.ca\/fr\/events\/protect-the-eco-system\/\" class=\"hover-line\">Prot\u00e9ger l&#039;\u00e9cosyst\u00e8me.<\/a><\/h3>\r\n\t\t\t\t\t\t\t\t\t\t\t\t\t\t<ul class=\"event-meta\">\r\n\t\t\t\t\t\t\t\t\t\t\t\t\t\t\t\t<li><i class=\"fas fa-clock\"><\/i>9h00<\/li>\r\n\t\t\t\t\t\t\t\t\t\t\t\t\t\t\t\t\t\t\t\t\t\t\t\t<li><i class=\"fas fa-map-marker-alt\"><\/i>New York<\/li>\r\n\t\t\t\t\t\t\t\t\t\t\t\t\t\t\t<\/ul>\r\n\t\t\t\t\t\t\t\t\t\t\t\t\t<\/div>\r\n\t\t\t\t\t<\/div>\r\n\t\t\t\t<\/div>\r\n\t\t\t<\/article>\r\n\t\t\t\t\t\t<article class=\"events-item wt-col post-492 dl-event type-dl-event status-publish has-post-thumbnail hentry event-cat-lifesaving\" id=\"post-492\">\r\n\t\t\t\t<div class=\"dl-event-inner\">\r\n\t\t\t\t\t<div class=\"event-thumb\">\r\n\t\t\t\t\t\t<img fetchpriority=\"high\" decoding=\"async\" width=\"450\" height=\"420\" src=\"https:\/\/thevoiceofourseniors.ca\/wp-content\/uploads\/2020\/02\/event-placeholder-450x420.png\" class=\"attachment-charitian_450x420 size-charitian_450x420 wp-post-image\" alt=\"\" \/>\t\t\t\t\t\t\t\t\t\t\t\t<div class=\"date pos-right\" style=\"background-color: #379ff4\"><span>20<\/span>Avr<\/div>\r\n\t\t\t\t\t\t\t\t\t\t\t\t<div class=\"event-details\">\r\n\t\t\t\t\t\t\t<h3><a href=\"https:\/\/thevoiceofourseniors.ca\/fr\/events\/water-for-children\/\" class=\"hover-line\">De l&#039;eau pour les enfants.<\/a><\/h3>\r\n\t\t\t\t\t\t\t\t\t\t\t\t\t\t<ul class=\"event-meta\">\r\n\t\t\t\t\t\t\t\t\t\t\t\t\t\t\t\t<li><i class=\"fas fa-clock\"><\/i>10h00<\/li>\r\n\t\t\t\t\t\t\t\t\t\t\t\t\t\t\t\t\t\t\t\t\t\t\t\t<li><i class=\"fas fa-map-marker-alt\"><\/i>New York<\/li>\r\n\t\t\t\t\t\t\t\t\t\t\t\t\t\t\t<\/ul>\r\n\t\t\t\t\t\t\t\t\t\t\t\t\t<\/div>\r\n\t\t\t\t\t<\/div>\r\n\t\t\t\t<\/div>\r\n\t\t\t<\/article>\r\n\t\t\t\t\t\t<article class=\"events-item wt-col post-490 dl-event type-dl-event status-publish has-post-thumbnail hentry event-cat-health\" id=\"post-490\">\r\n\t\t\t\t<div class=\"dl-event-inner\">\r\n\t\t\t\t\t<div class=\"event-thumb\">\r\n\t\t\t\t\t\t<img fetchpriority=\"high\" decoding=\"async\" width=\"450\" height=\"420\" src=\"https:\/\/thevoiceofourseniors.ca\/wp-content\/uploads\/2020\/02\/event-placeholder-450x420.png\" class=\"attachment-charitian_450x420 size-charitian_450x420 wp-post-image\" alt=\"\" \/>\t\t\t\t\t\t\t\t\t\t\t\t<div class=\"date pos-right\" style=\"background-color: #2cc391\"><span>22<\/span>Mar<\/div>\r\n\t\t\t\t\t\t\t\t\t\t\t\t<div class=\"event-details\">\r\n\t\t\t\t\t\t\t<h3><a href=\"https:\/\/thevoiceofourseniors.ca\/fr\/events\/help-for-education\/\" class=\"hover-line\">Aide \u00e0 l&#039;\u00e9ducation.<\/a><\/h3>\r\n\t\t\t\t\t\t\t\t\t\t\t\t\t\t<ul class=\"event-meta\">\r\n\t\t\t\t\t\t\t\t\t\t\t\t\t\t\t\t<li><i class=\"fas fa-clock\"><\/i>10h00<\/li>\r\n\t\t\t\t\t\t\t\t\t\t\t\t\t\t\t\t\t\t\t\t\t\t\t\t<li><i class=\"fas fa-map-marker-alt\"><\/i>New York<\/li>\r\n\t\t\t\t\t\t\t\t\t\t\t\t\t\t\t<\/ul>\r\n\t\t\t\t\t\t\t\t\t\t\t\t\t<\/div>\r\n\t\t\t\t\t<\/div>\r\n\t\t\t\t<\/div>\r\n\t\t\t<\/article>\r\n\t\t\t\t\t\t<article class=\"events-item wt-col post-488 dl-event type-dl-event status-publish has-post-thumbnail hentry event-cat-education\" id=\"post-488\">\r\n\t\t\t\t<div class=\"dl-event-inner\">\r\n\t\t\t\t\t<div class=\"event-thumb\">\r\n\t\t\t\t\t\t<img fetchpriority=\"high\" decoding=\"async\" width=\"450\" height=\"420\" src=\"https:\/\/thevoiceofourseniors.ca\/wp-content\/uploads\/2020\/02\/event-placeholder-450x420.png\" class=\"attachment-charitian_450x420 size-charitian_450x420 wp-post-image\" alt=\"\" \/>\t\t\t\t\t\t\t\t\t\t\t\t<div class=\"date pos-right\" style=\"background-color: #f7a900\"><span>25<\/span>F\u00e9v<\/div>\r\n\t\t\t\t\t\t\t\t\t\t\t\t<div class=\"event-details\">\r\n\t\t\t\t\t\t\t<h3><a href=\"https:\/\/thevoiceofourseniors.ca\/fr\/events\/education-for-kids\/\" class=\"hover-line\">\u00c9ducation pour les enfants.<\/a><\/h3>\r\n\t\t\t\t\t\t\t\t\t\t\t\t\t\t<ul class=\"event-meta\">\r\n\t\t\t\t\t\t\t\t\t\t\t\t\t\t\t\t<li><i class=\"fas fa-clock\"><\/i>10h00<\/li>\r\n\t\t\t\t\t\t\t\t\t\t\t\t\t\t\t\t\t\t\t\t\t\t\t\t<li><i class=\"fas fa-map-marker-alt\"><\/i>New York<\/li>\r\n\t\t\t\t\t\t\t\t\t\t\t\t\t\t\t<\/ul>\r\n\t\t\t\t\t\t\t\t\t\t\t\t\t<\/div>\r\n\t\t\t\t\t<\/div>\r\n\t\t\t\t<\/div>\r\n\t\t\t<\/article>\r\n\t\t\t\t\t\t<article class=\"events-item wt-col post-484 dl-event type-dl-event status-publish has-post-thumbnail hentry event-cat-awareness\" id=\"post-484\">\r\n\t\t\t\t<div class=\"dl-event-inner\">\r\n\t\t\t\t\t<div class=\"event-thumb\">\r\n\t\t\t\t\t\t<img fetchpriority=\"high\" decoding=\"async\" width=\"450\" height=\"420\" src=\"https:\/\/thevoiceofourseniors.ca\/wp-content\/uploads\/2020\/02\/event-placeholder-450x420.png\" class=\"attachment-charitian_450x420 size-charitian_450x420 wp-post-image\" alt=\"\" \/>\t\t\t\t\t\t\t\t\t\t\t\t<div class=\"date pos-right\" style=\"background-color: #fa575d\"><span>28<\/span>Jan<\/div>\r\n\t\t\t\t\t\t\t\t\t\t\t\t<div class=\"event-details\">\r\n\t\t\t\t\t\t\t<h3><a href=\"https:\/\/thevoiceofourseniors.ca\/fr\/events\/fight-for-right-cause\/\" class=\"hover-line\">Combattez pour la bonne cause.<\/a><\/h3>\r\n\t\t\t\t\t\t\t\t\t\t\t\t\t\t<ul class=\"event-meta\">\r\n\t\t\t\t\t\t\t\t\t\t\t\t\t\t\t\t<li><i class=\"fas fa-clock\"><\/i>8h00<\/li>\r\n\t\t\t\t\t\t\t\t\t\t\t\t\t\t\t\t\t\t\t\t\t\t\t\t<li><i class=\"fas fa-map-marker-alt\"><\/i>New York<\/li>\r\n\t\t\t\t\t\t\t\t\t\t\t\t\t\t\t<\/ul>\r\n\t\t\t\t\t\t\t\t\t\t\t\t\t<\/div>\r\n\t\t\t\t\t<\/div>\r\n\t\t\t\t<\/div>\r\n\t\t\t<\/article>\r\n\t\t\t<div class=\"clearfix\"><\/div>\t\t<\/div>\r\n\t\t\t\t\t\t<\/div>\n\t\t\t\t<\/div>\n\t\t\t\t\t<\/div>\n\t\t<\/div>\n\t\t\t\t\t<\/div>\n\t\t<\/section>\n\t\t\t\t\t<\/div>\n\t\t<\/div>\n\t\t\t\t\t<\/div>\n\t\t<\/section>\n\t\t\t\t<\/div>","protected":false},"excerpt":{"rendered":"<p>Board of Directors Our Board of Directors plays a key role in shaping the direction, values, and long-term vision of The Voice of Our Seniors. They bring leadership, lived experience, and deep commitment to ensuring that every senior\u2014especially in Black and underserved communities\u2014can age with dignity, connection, and care. More Details Coming Soon Profiles and<\/p>","protected":false},"author":1,"featured_media":0,"parent":0,"menu_order":0,"comment_status":"closed","ping_status":"closed","template":"empty-template.php","meta":{"_acf_changed":false,"give_campaign_id":0,"_monsterinsights_skip_tracking":false,"_monsterinsights_sitenote_active":false,"_monsterinsights_sitenote_note":"","_monsterinsights_sitenote_category":0,"footnotes":""},"class_list":["post-2007","page","type-page","status-publish","hentry"],"acf":[],"aioseo_notices":[],"campaignId":"","_links":{"self":[{"href":"https:\/\/thevoiceofourseniors.ca\/fr\/wp-json\/wp\/v2\/pages\/2007","targetHints":{"allow":["GET"]}}],"collection":[{"href":"https:\/\/thevoiceofourseniors.ca\/fr\/wp-json\/wp\/v2\/pages"}],"about":[{"href":"https:\/\/thevoiceofourseniors.ca\/fr\/wp-json\/wp\/v2\/types\/page"}],"author":[{"embeddable":true,"href":"https:\/\/thevoiceofourseniors.ca\/fr\/wp-json\/wp\/v2\/users\/1"}],"replies":[{"embeddable":true,"href":"https:\/\/thevoiceofourseniors.ca\/fr\/wp-json\/wp\/v2\/comments?post=2007"}],"version-history":[{"count":4,"href":"https:\/\/thevoiceofourseniors.ca\/fr\/wp-json\/wp\/v2\/pages\/2007\/revisions"}],"predecessor-version":[{"id":2011,"href":"https:\/\/thevoiceofourseniors.ca\/fr\/wp-json\/wp\/v2\/pages\/2007\/revisions\/2011"}],"wp:attachment":[{"href":"https:\/\/thevoiceofourseniors.ca\/fr\/wp-json\/wp\/v2\/media?parent=2007"}],"curies":[{"name":"wp","href":"https:\/\/api.w.org\/{rel}","templated":true}]}}