{"id":3,"date":"2025-04-07T22:41:12","date_gmt":"2025-04-07T22:41:12","guid":{"rendered":"https:\/\/thevoiceofourseniors.ca\/?page_id=3"},"modified":"2025-04-23T20:20:49","modified_gmt":"2025-04-23T20:20:49","slug":"privacy-policy","status":"publish","type":"page","link":"https:\/\/thevoiceofourseniors.ca\/fr\/privacy-policy\/","title":{"rendered":"politique de confidentialit\u00e9"},"content":{"rendered":"<div data-elementor-type=\"wp-page\" data-elementor-id=\"3\" class=\"elementor elementor-3\">\n\t\t\t\t<div class=\"elementor-element elementor-element-6197e6d e-flex e-con-boxed e-con e-parent\" data-id=\"6197e6d\" data-element_type=\"container\" data-e-type=\"container\">\n\t\t\t\t\t<div class=\"e-con-inner\">\n\t\t\t\t<div class=\"elementor-element elementor-element-6eea953d elementor-widget elementor-widget-text-editor\" data-id=\"6eea953d\" data-element_type=\"widget\" data-e-type=\"widget\" data-widget_type=\"text-editor.default\">\n\t\t\t\t<div class=\"elementor-widget-container\">\n\t\t\t\t\t\t\t\t\t<p><strong>politique de confidentialit\u00e9<\/strong><br \/>Derni\u00e8re mise \u00e0 jour\u00a0: 23 avril 2025<\/p><p><br \/>Chez La Voix de nos a\u00een\u00e9s, nous valorisons et respectons votre vie priv\u00e9e. Cette politique de confidentialit\u00e9 explique comment nous recueillons, utilisons et prot\u00e9geons vos renseignements personnels lorsque vous interagissez avec notre site web \u00e0 l&#039;adresse lavoixdenosain\u00e9s.ca.<br \/><br \/><strong>1. Informations que nous collectons<\/strong><br \/>Nous pouvons collecter les types d\u2019informations suivants :<\/p><hr \/><p><span style=\"color: #ff0000;\"><strong>Informations personnelles<\/strong><\/span> \u2013 comme votre nom, votre adresse e-mail et votre num\u00e9ro de t\u00e9l\u00e9phone lorsque vous remplissez des formulaires, rejoignez nos programmes ou nous contactez.<br \/><br \/><strong><span style=\"color: #ff0000;\">Informations sur les dons<\/span><\/strong> \u2013 y compris les informations de facturation lorsque vous faites un don par carte de d\u00e9bit ou de cr\u00e9dit. Nous ne conservons pas les informations de votre carte\u00a0; les paiements sont trait\u00e9s en toute s\u00e9curit\u00e9 via GiveWP.<\/p><p><strong><span style=\"color: #ff0000;\"><br \/>Soumissions d&#039;inscriptions dans les annuaires<\/span><\/strong> \u2013 pour les utilisateurs soumettant des services \u00e0 notre annuaire de recherche, nous collectons des informations sur l\u2019organisation et les contacts.<\/p><p>\u00a0<\/p><p><span style=\"color: #ff0000;\"><strong>Donn\u00e9es d&#039;utilisation du site Web<\/strong><\/span> \u2013 y compris votre type de navigateur, les pages visit\u00e9es, les informations sur l\u2019appareil et l\u2019adresse IP via des outils d\u2019analyse.<\/p><hr \/><p><strong><br \/>2. Comment nous utilisons vos informations<\/strong><br \/><strong>Nous utilisons vos informations pour :<\/strong><\/p><ul><li>R\u00e9pondre aux demandes et aux messages<\/li><li>Traiter les dons et envoyer des remerciements<\/li><li>Maintenir et g\u00e9rer l&#039;annuaire de recherche<\/li><li>Partagez des mises \u00e0 jour, des newsletters ou des invitations \u00e0 des \u00e9v\u00e9nements (uniquement si vous y consentez)<\/li><li>Am\u00e9liorer le site Web et l&#039;exp\u00e9rience utilisateur<\/li><\/ul><p><strong>3. Protection des donn\u00e9es<\/strong><br \/><br \/>Nous utilisons des mesures de s\u00e9curit\u00e9 conformes aux normes du secteur pour prot\u00e9ger vos informations personnelles. Notre site web est s\u00e9curis\u00e9 via SSL (HTTPS) et seuls les membres de notre \u00e9quipe autoris\u00e9s ont acc\u00e8s aux donn\u00e9es sensibles.<\/p><p><br \/>4. <strong>Partage d&#039;informations<\/strong><br \/>Nous ne vendons, ne louons ni n&#039;\u00e9changeons vos informations personnelles. Dans certains cas, nous pouvons partager vos informations avec des prestataires de services de confiance (comme des processeurs de paiement), uniquement \u00e0 des fins op\u00e9rationnelles.<\/p><p><br \/>5. <strong>Votre consentement<\/strong><br \/>En utilisant notre site web, vous acceptez la pr\u00e9sente Politique de confidentialit\u00e9 et nos pratiques. Si vous n&#039;\u00eates pas d&#039;accord, veuillez cesser d&#039;utiliser notre site.<\/p><p><br \/>6. <strong>Liens externes<\/strong><br \/>Notre site web peut inclure des liens vers des sites ou services externes. Nous ne sommes pas responsables des pratiques de confidentialit\u00e9 ni du contenu des sites web tiers.<\/p><p><br \/>7. <strong>Avis de non-responsabilit\u00e9 du r\u00e9pertoire<\/strong><br \/>Les services r\u00e9pertori\u00e9s dans notre r\u00e9pertoire sont fournis \u00e0 titre informatif uniquement. Leur inclusion ne constitue pas une approbation. Nous d\u00e9clinons toute responsabilit\u00e9 quant aux erreurs, omissions ou actions de prestataires tiers.<\/p><p><br \/>8. <strong>Pas un organisme de bienfaisance enregistr\u00e9<\/strong><br \/>La Voix de nos a\u00een\u00e9s n\u2019est pas un organisme de bienfaisance enregistr\u00e9 et ne d\u00e9livre pas de re\u00e7us fiscaux pour les dons.<br \/>Nous sommes une organisation non partisane et n\u2019avons aucune affiliation politique d\u2019aucune sorte.<\/p><p><br \/>9. <strong>Vos droits<\/strong><br \/>Vous avez le droit de demander l&#039;acc\u00e8s \u00e0 vos informations personnelles, leur mise \u00e0 jour ou leur suppression. Veuillez nous contacter pour consulter ou modifier vos donn\u00e9es.<br \/><br \/><\/p><p>10. <strong>Modifications de cette politique<\/strong><br \/>Cette politique de confidentialit\u00e9 peut \u00eatre mise \u00e0 jour p\u00e9riodiquement. Toute modification sera publi\u00e9e sur cette page, la nouvelle date \u00e9tant indiqu\u00e9e en haut.<br \/><br \/><\/p><p>11. <strong>Contactez-nous<\/strong><br \/>Si vous avez des questions ou des pr\u00e9occupations concernant cette politique de confidentialit\u00e9, veuillez nous contacter :<\/p><p>Courriel : info@thevoiceofourseniors.ca<\/p>\t\t\t\t\t\t\t\t<\/div>\n\t\t\t\t<\/div>\n\t\t\t\t\t<\/div>\n\t\t\t\t<\/div>\n\t\t\t\t<\/div>","protected":false},"excerpt":{"rendered":"<p>Privacy Policy Last updated: April 23, 2025 At The Voice of Our Seniors, we value and respect your privacy. This Privacy Policy explains how we collect, use, and protect your personal information when you interact with our website at thevoiceofourseniors.ca. 1. Information We Collect We may collect the following types of information: Personal Information \u2013<\/p>","protected":false},"author":1,"featured_media":0,"parent":0,"menu_order":0,"comment_status":"closed","ping_status":"open","template":"","meta":{"_acf_changed":false,"give_campaign_id":0,"_monsterinsights_skip_tracking":false,"_monsterinsights_sitenote_active":false,"_monsterinsights_sitenote_note":"","_monsterinsights_sitenote_category":0,"footnotes":""},"class_list":["post-3","page","type-page","status-publish","hentry"],"acf":[],"aioseo_notices":[],"campaignId":"","_links":{"self":[{"href":"https:\/\/thevoiceofourseniors.ca\/fr\/wp-json\/wp\/v2\/pages\/3","targetHints":{"allow":["GET"]}}],"collection":[{"href":"https:\/\/thevoiceofourseniors.ca\/fr\/wp-json\/wp\/v2\/pages"}],"about":[{"href":"https:\/\/thevoiceofourseniors.ca\/fr\/wp-json\/wp\/v2\/types\/page"}],"author":[{"embeddable":true,"href":"https:\/\/thevoiceofourseniors.ca\/fr\/wp-json\/wp\/v2\/users\/1"}],"replies":[{"embeddable":true,"href":"https:\/\/thevoiceofourseniors.ca\/fr\/wp-json\/wp\/v2\/comments?post=3"}],"version-history":[{"count":5,"href":"https:\/\/thevoiceofourseniors.ca\/fr\/wp-json\/wp\/v2\/pages\/3\/revisions"}],"predecessor-version":[{"id":1884,"href":"https:\/\/thevoiceofourseniors.ca\/fr\/wp-json\/wp\/v2\/pages\/3\/revisions\/1884"}],"wp:attachment":[{"href":"https:\/\/thevoiceofourseniors.ca\/fr\/wp-json\/wp\/v2\/media?parent=3"}],"curies":[{"name":"wp","href":"https:\/\/api.w.org\/{rel}","templated":true}]}}