{"id":675,"date":"2020-02-25T07:55:39","date_gmt":"2020-02-25T07:55:39","guid":{"rendered":"http:\/\/wp.dynamiclayers.net\/charitian\/gallery-copy\/"},"modified":"2025-09-18T23:22:37","modified_gmt":"2025-09-18T23:22:37","slug":"who-we-are","status":"publish","type":"page","link":"https:\/\/thevoiceofourseniors.ca\/fr\/who-we-are\/","title":{"rendered":"Who We Are"},"content":{"rendered":"<div data-elementor-type=\"wp-page\" data-elementor-id=\"675\" class=\"elementor elementor-675\">\n\t\t\t\t<div class=\"elementor-element elementor-element-696a40d e-flex e-con-boxed e-con e-parent\" data-id=\"696a40d\" data-element_type=\"container\" data-e-type=\"container\" data-settings=\"{&quot;background_background&quot;:&quot;classic&quot;}\">\n\t\t\t\t\t<div class=\"e-con-inner\">\n\t\t\t\t<div class=\"elementor-element elementor-element-a7c001f elementor-widget elementor-widget-image\" data-id=\"a7c001f\" data-element_type=\"widget\" data-e-type=\"widget\" data-widget_type=\"image.default\">\n\t\t\t\t<div class=\"elementor-widget-container\">\n\t\t\t\t\t\t\t\t\t\t\t\t\t\t\t<img decoding=\"async\" src=\"https:\/\/thevoiceofourseniors.ca\/wp-content\/uploads\/elementor\/thumbs\/Screenshot-2025-04-24-at-4.07.07\u202fPM-r4ugfvfotx0s2acp5vimssjk91s2dytz0g9zpr4kt2.png\" title=\"Capture d&#039;\u00e9cran du 24\/04\/2025 \u00e0 16h07\" alt=\"small logo\" loading=\"lazy\" \/>\t\t\t\t\t\t\t\t\t\t\t\t\t\t\t<\/div>\n\t\t\t\t<\/div>\n\t\t\t\t\t<\/div>\n\t\t\t\t<\/div>\n\t\t\t\t<section class=\"elementor-section elementor-top-section elementor-element elementor-element-e0d50ad elementor-section-content-middle elementor-section-boxed elementor-section-height-default elementor-section-height-default\" data-id=\"e0d50ad\" data-element_type=\"section\" data-e-type=\"section\">\n\t\t\t\t\t\t<div class=\"elementor-container elementor-column-gap-default\">\n\t\t\t\t\t<div class=\"elementor-column elementor-col-50 elementor-top-column elementor-element elementor-element-9900794\" data-id=\"9900794\" data-element_type=\"column\" data-e-type=\"column\">\n\t\t\t<div class=\"elementor-widget-wrap elementor-element-populated\">\n\t\t\t\t\t\t<div class=\"elementor-element elementor-element-2e06d42 elementor-widget elementor-widget-image\" data-id=\"2e06d42\" data-element_type=\"widget\" data-e-type=\"widget\" data-widget_type=\"image.default\">\n\t\t\t\t<div class=\"elementor-widget-container\">\n\t\t\t\t\t\t\t\t\t\t\t\t\t\t\t<img fetchpriority=\"high\" decoding=\"async\" width=\"825\" height=\"387\" src=\"https:\/\/thevoiceofourseniors.ca\/wp-content\/uploads\/2025\/04\/Untitled-design-74-1024x480.png\" class=\"attachment-large size-large wp-image-1662\" alt=\"Seniors\" srcset=\"https:\/\/thevoiceofourseniors.ca\/wp-content\/uploads\/2025\/04\/Untitled-design-74-1024x480.png 1024w, https:\/\/thevoiceofourseniors.ca\/wp-content\/uploads\/2025\/04\/Untitled-design-74-300x141.png 300w, https:\/\/thevoiceofourseniors.ca\/wp-content\/uploads\/2025\/04\/Untitled-design-74-768x360.png 768w, https:\/\/thevoiceofourseniors.ca\/wp-content\/uploads\/2025\/04\/Untitled-design-74-1536x720.png 1536w, https:\/\/thevoiceofourseniors.ca\/wp-content\/uploads\/2025\/04\/Untitled-design-74.png 1920w\" sizes=\"(max-width: 825px) 100vw, 825px\" \/>\t\t\t\t\t\t\t\t\t\t\t\t\t\t\t<\/div>\n\t\t\t\t<\/div>\n\t\t\t\t\t<\/div>\n\t\t<\/div>\n\t\t\t\t<div class=\"elementor-column elementor-col-50 elementor-top-column elementor-element elementor-element-fcda632\" data-id=\"fcda632\" data-element_type=\"column\" data-e-type=\"column\">\n\t\t\t<div class=\"elementor-widget-wrap elementor-element-populated\">\n\t\t\t\t\t\t<div class=\"elementor-element elementor-element-987c2f0 elementor-widget elementor-widget-sc-heading\" data-id=\"987c2f0\" data-element_type=\"widget\" data-e-type=\"widget\" data-widget_type=\"sc-heading.default\">\n\t\t\t\t<div class=\"elementor-widget-container\">\n\t\t\t\t\t\t\t<div id=\"wt-at-987c2f0\" class=\"headng-wrap right\">\r\n\t\t\t<div class=\"section-heading\">\r\n\t\t\t\t\t\t\t<h4\r\n\t\t\t\t \t\t\t\t>Notre vision<\/h4>\r\n\t\t\t\t\t\t\t\t\t\t\t\t<h2\r\n\t\t\t\t \t\t\t\t>Nous envisageons un Canada o\u00f9 <br>chaque personne \u00e2g\u00e9e est valoris\u00e9e, connect\u00e9e et prosp\u00e8re.<\/h2>\r\n\t\t\t\t\t\t\t\t\t\t\t\t<p\r\n\t\t\t\t \t\t\t\t><p style=\"text-align: right;\">\n  Un avenir o\u00f9 les a\u00een\u00e9s ne sont pas laiss\u00e9s seuls face \u00e0 l&#039;isolement. O\u00f9 les communaut\u00e9s \u0153uvrent de mani\u00e8re interg\u00e9n\u00e9rationnelle pour pr\u00e9server la sagesse et renforcer la r\u00e9silience. O\u00f9 les besoins culturels sont respect\u00e9s \u00e0 chaque \u00e9tape des soins, du transport \u00e0 l&#039;accompagnement en fin de vie. O\u00f9 les a\u00een\u00e9s atteints de d\u00e9mence ou de handicap sont d\u00e9fendus, et non n\u00e9glig\u00e9s. Et o\u00f9 le vieillissement n&#039;est plus craint, mais accueilli comme un chapitre de force, de communaut\u00e9 et de voix.\n<\/p><\/p>\r\n\t\t\t\t\t\t\t<\/div>\r\n\t\t<\/div>\r\n\r\n\t\t\t\t\t<\/div>\n\t\t\t\t<\/div>\n\t\t\t\t<div class=\"elementor-element elementor-element-a4509b8 wt-align-right elementor-widget elementor-widget-sc_button\" data-id=\"a4509b8\" data-element_type=\"widget\" data-e-type=\"widget\" data-settings=\"{&quot;btn_style&quot;:&quot;2&quot;}\" data-widget_type=\"sc_button.default\">\n\t\t\t\t<div class=\"elementor-widget-container\">\n\t\t\t\t\t\t\t<div id=\"wt-at-a4509b8\" class=\"wt-button-wrap\">\r\n\t\t\t<a class=\"wt-btn\" href=\"https:\/\/thevoiceofourseniors.ca\/fr\/fundraising-campaign\/\" rel=\"nofollow\"><span >Faire un don<\/span><\/a>\t\t<\/div>\r\n\r\n\t\t\t\t\t<\/div>\n\t\t\t\t<\/div>\n\t\t\t\t\t<\/div>\n\t\t<\/div>\n\t\t\t\t\t<\/div>\n\t\t<\/section>\n\t\t\t\t<section class=\"elementor-section elementor-top-section elementor-element elementor-element-8456688 elementor-section-content-middle elementor-section-boxed elementor-section-height-default elementor-section-height-default\" data-id=\"8456688\" data-element_type=\"section\" data-e-type=\"section\">\n\t\t\t\t\t\t<div class=\"elementor-container elementor-column-gap-default\">\n\t\t\t\t\t<div class=\"elementor-column elementor-col-50 elementor-top-column elementor-element elementor-element-0eb55dc\" data-id=\"0eb55dc\" data-element_type=\"column\" data-e-type=\"column\">\n\t\t\t<div class=\"elementor-widget-wrap elementor-element-populated\">\n\t\t\t\t\t\t<div class=\"elementor-element elementor-element-823d761 elementor-widget elementor-widget-sc-heading\" data-id=\"823d761\" data-element_type=\"widget\" data-e-type=\"widget\" data-widget_type=\"sc-heading.default\">\n\t\t\t\t<div class=\"elementor-widget-container\">\n\t\t\t\t\t\t\t<div id=\"wt-at-823d761\" class=\"headng-wrap left\">\r\n\t\t\t<div class=\"section-heading\">\r\n\t\t\t\t\t\t\t<h4\r\n\t\t\t\t \t\t\t\t>Notre mission<\/h4>\r\n\t\t\t\t\t\t\t\t\t\t\t\t<h2\r\n\t\t\t\t \t\t\t\t>Autonomiser les a\u00een\u00e9s. Am\u00e9liorer les communaut\u00e9s.<\/h2>\r\n\t\t\t\t\t\t\t\t\t\t\t\t<p\r\n\t\t\t\t \t\t\t\t>Notre mission est d\u2019am\u00e9liorer la qualit\u00e9 de vie des personnes \u00e2g\u00e9es en r\u00e9duisant l\u2019isolement, en faisant progresser l\u2019\u00e9ducation et en cr\u00e9ant des syst\u00e8mes de soutien inclusifs ancr\u00e9s dans la compassion, la dignit\u00e9 et la compr\u00e9hension culturelle.<\/p>\r\n\t\t\t\t\t\t\t<\/div>\r\n\t\t<\/div>\r\n\r\n\t\t\t\t\t<\/div>\n\t\t\t\t<\/div>\n\t\t\t\t<div class=\"elementor-element elementor-element-ca145e8 wt-align-left elementor-widget elementor-widget-sc_button\" data-id=\"ca145e8\" data-element_type=\"widget\" data-e-type=\"widget\" data-settings=\"{&quot;btn_style&quot;:&quot;1&quot;}\" data-widget_type=\"sc_button.default\">\n\t\t\t\t<div class=\"elementor-widget-container\">\n\t\t\t\t\t\t\t<div id=\"wt-at-ca145e8\" class=\"wt-button-wrap\">\r\n\t\t\t<a href=\"https:\/\/thevoiceofourseniors.ca\/fr\/fundraising-campaign\/\" class=\"dl-btn-2\">Faire un don<span><\/span><\/a>\t\t<\/div>\r\n\r\n\t\t\t\t\t<\/div>\n\t\t\t\t<\/div>\n\t\t\t\t\t<\/div>\n\t\t<\/div>\n\t\t\t\t<div class=\"elementor-column elementor-col-50 elementor-top-column elementor-element elementor-element-234cdcd\" data-id=\"234cdcd\" data-element_type=\"column\" data-e-type=\"column\">\n\t\t\t<div class=\"elementor-widget-wrap elementor-element-populated\">\n\t\t\t\t\t\t<div class=\"elementor-element elementor-element-19fb31e elementor-widget elementor-widget-image\" data-id=\"19fb31e\" data-element_type=\"widget\" data-e-type=\"widget\" data-widget_type=\"image.default\">\n\t\t\t\t<div class=\"elementor-widget-container\">\n\t\t\t\t\t\t\t\t\t\t\t\t\t\t\t<img decoding=\"async\" width=\"825\" height=\"387\" src=\"https:\/\/thevoiceofourseniors.ca\/wp-content\/uploads\/2025\/04\/2-3-1024x480.png\" class=\"attachment-large size-large wp-image-1413\" alt=\"Seniors Support\" srcset=\"https:\/\/thevoiceofourseniors.ca\/wp-content\/uploads\/2025\/04\/2-3-1024x480.png 1024w, https:\/\/thevoiceofourseniors.ca\/wp-content\/uploads\/2025\/04\/2-3-300x141.png 300w, https:\/\/thevoiceofourseniors.ca\/wp-content\/uploads\/2025\/04\/2-3-768x360.png 768w, https:\/\/thevoiceofourseniors.ca\/wp-content\/uploads\/2025\/04\/2-3-1536x720.png 1536w, https:\/\/thevoiceofourseniors.ca\/wp-content\/uploads\/2025\/04\/2-3.png 1920w\" sizes=\"(max-width: 825px) 100vw, 825px\" \/>\t\t\t\t\t\t\t\t\t\t\t\t\t\t\t<\/div>\n\t\t\t\t<\/div>\n\t\t\t\t\t<\/div>\n\t\t<\/div>\n\t\t\t\t\t<\/div>\n\t\t<\/section>\n\t\t\t\t<section class=\"elementor-section elementor-top-section elementor-element elementor-element-e2991c9 elementor-section-boxed elementor-section-height-default elementor-section-height-default\" data-id=\"e2991c9\" data-element_type=\"section\" data-e-type=\"section\" data-settings=\"{&quot;background_background&quot;:&quot;classic&quot;}\">\n\t\t\t\t\t\t<div class=\"elementor-container elementor-column-gap-default\">\n\t\t\t\t\t<div class=\"elementor-column elementor-col-100 elementor-top-column elementor-element elementor-element-318ab5f\" data-id=\"318ab5f\" data-element_type=\"column\" data-e-type=\"column\">\n\t\t\t<div class=\"elementor-widget-wrap elementor-element-populated\">\n\t\t\t\t\t\t<section class=\"elementor-section elementor-inner-section elementor-element elementor-element-0c10a7b elementor-section-boxed elementor-section-height-default elementor-section-height-default\" data-id=\"0c10a7b\" data-element_type=\"section\" data-e-type=\"section\">\n\t\t\t\t\t\t<div class=\"elementor-container elementor-column-gap-default\">\n\t\t\t\t\t<div class=\"elementor-column elementor-col-100 elementor-inner-column elementor-element elementor-element-0754ae7\" data-id=\"0754ae7\" data-element_type=\"column\" data-e-type=\"column\">\n\t\t\t<div class=\"elementor-widget-wrap elementor-element-populated\">\n\t\t\t\t\t\t<div class=\"elementor-element elementor-element-06f6461 elementor-widget elementor-widget-sc-heading\" data-id=\"06f6461\" data-element_type=\"widget\" data-e-type=\"widget\" data-widget_type=\"sc-heading.default\">\n\t\t\t\t<div class=\"elementor-widget-container\">\n\t\t\t\t\t\t\t<div id=\"wt-at-06f6461\" class=\"headng-wrap center\">\r\n\t\t\t<div class=\"section-heading\">\r\n\t\t\t\t\t\t\t\t\t\t\t<h2\r\n\t\t\t\t \t\t\t\t>Notre histoire<\/h2>\r\n\t\t\t\t\t\t\t\t\t\t\t<\/div>\r\n\t\t<\/div>\r\n\r\n\t\t\t\t\t<\/div>\n\t\t\t\t<\/div>\n\t\t\t\t\t<\/div>\n\t\t<\/div>\n\t\t\t\t\t<\/div>\n\t\t<\/section>\n\t\t\t\t<div class=\"elementor-element elementor-element-7f5b5fe elementor-widget elementor-widget-text-editor\" data-id=\"7f5b5fe\" data-element_type=\"widget\" data-e-type=\"widget\" data-widget_type=\"text-editor.default\">\n\t\t\t\t<div class=\"elementor-widget-container\">\n\t\t\t\t\t\t\t\t\t<p class=\"p1\"><i>Le <span style=\"color: #ff0000;\"><strong>La voix de nos a\u00een\u00e9s<\/strong><\/span><\/i> a \u00e9t\u00e9 fond\u00e9e en r\u00e9ponse \u00e0 un besoin croissant : un besoin de soutien culturellement inclusif et ancr\u00e9 dans la communaut\u00e9 pour les personnes \u00e2g\u00e9es, en particulier au sein des communaut\u00e9s canadiennes mal desservies et noires.<\/p><p class=\"p1\">Gr\u00e2ce \u00e0 des ann\u00e9es d\u2019exp\u00e9rience dans le domaine des soins aux personnes \u00e2g\u00e9es, notamment en travaillant avec des organisations nationales comme HelpAge Canada, notre \u00e9quipe fondatrice a \u00e9t\u00e9 t\u00e9moin directe des lacunes dans les syst\u00e8mes de soutien aux personnes \u00e2g\u00e9es : la solitude, le manque de soins culturellement adapt\u00e9s et l\u2019absence de plateformes qui mettent v\u00e9ritablement la voix des personnes \u00e2g\u00e9es au centre de leurs pr\u00e9occupations.<\/p><p>\u00a0<\/p><p class=\"p1\"><i>Le <span style=\"color: #ff0000;\"><strong>La voix de nos a\u00een\u00e9s<\/strong><\/span><\/i> a \u00e9t\u00e9 cr\u00e9\u00e9 pour combler ces lacunes. Nous pensons que vieillir ne doit pas \u00eatre synonyme de disparition. Il doit \u00eatre c\u00e9l\u00e9br\u00e9, soutenu et entour\u00e9 de soins qui refl\u00e8tent sa culture, sa dignit\u00e9 et sa communaut\u00e9.<\/p><p class=\"p1\">Aujourd\u2019hui, nous construisons un mouvement qui relie les g\u00e9n\u00e9rations, d\u00e9fend les personnes n\u00e9glig\u00e9es et garantit que chaque personne \u00e2g\u00e9e est vue, entendue et valoris\u00e9e.<\/p>\t\t\t\t\t\t\t\t<\/div>\n\t\t\t\t<\/div>\n\t\t\t\t<div class=\"elementor-element elementor-element-c422f3b elementor-widget elementor-widget-sc-heading\" data-id=\"c422f3b\" data-element_type=\"widget\" data-e-type=\"widget\" data-widget_type=\"sc-heading.default\">\n\t\t\t\t<div class=\"elementor-widget-container\">\n\t\t\t\t\t\t\t<div id=\"wt-at-c422f3b\" class=\"headng-wrap center\">\r\n\t\t\t<div class=\"section-heading\">\r\n\t\t\t\t\t\t\t<h4\r\n\t\t\t\t \t\t\t\t>Ce qui nous guide<\/h4>\r\n\t\t\t\t\t\t\t\t\t\t\t\t<h2\r\n\t\t\t\t \t\t\t\t>Nos valeurs<\/h2>\r\n\t\t\t\t\t\t\t\t\t\t\t\t<p\r\n\t\t\t\t \t\t\t\t>Nos valeurs sont plus que des mots\u00a0: ce sont des promesses faites \u00e0 chaque a\u00een\u00e9 que nous accompagnons. De notre \u00e9coute \u00e0 notre leadership, la compassion et le respect culturel fa\u00e7onnent chacune de nos actions.<\/p>\r\n\t\t\t\t\t\t\t<\/div>\r\n\t\t<\/div>\r\n\r\n\t\t\t\t\t<\/div>\n\t\t\t\t<\/div>\n\t\t\t\t<section class=\"elementor-section elementor-inner-section elementor-element elementor-element-31bb087 elementor-section-boxed elementor-section-height-default elementor-section-height-default\" data-id=\"31bb087\" data-element_type=\"section\" data-e-type=\"section\">\n\t\t\t\t\t\t<div class=\"elementor-container elementor-column-gap-default\">\n\t\t\t\t\t<div class=\"elementor-column elementor-col-25 elementor-inner-column elementor-element elementor-element-080741e\" data-id=\"080741e\" data-element_type=\"column\" data-e-type=\"column\">\n\t\t\t<div class=\"elementor-widget-wrap elementor-element-populated\">\n\t\t\t\t\t\t<div class=\"elementor-element elementor-element-5a1ee4c dl-align-center elementor-widget elementor-widget-sc_promo_box\" data-id=\"5a1ee4c\" data-element_type=\"widget\" data-e-type=\"widget\" data-settings=\"{&quot;dl_content_align&quot;:&quot;center&quot;}\" data-widget_type=\"sc_promo_box.default\">\n\t\t\t\t<div class=\"elementor-widget-container\">\n\t\t\t\t\t\t\t<div class=\"dl-promo-item\">\r\n\t\t\t<div class=\"promo-icon\"><i class=\"cht cht-donation-4\"><\/i><\/div>\t\t\t<h3 >La compassion d&#039;abord<\/h3>\t\t\t<p >Nous faisons preuve d&#039;empathie et d&#039;humanit\u00e9 dans tout ce que nous faisons. Chaque interaction est une occasion de t\u00e9moigner notre bienveillance, d&#039;\u00e9couter attentivement et de soutenir les a\u00een\u00e9s que nous accompagnons.<\/p>\t\t\t\t\t\t<div class=\"overlay-icon\"><i class=\"cht cht-donation-4\"><\/i><\/div>\t\t\t<span><\/span>\r\n\t\t<\/div>\r\n\t\t\t\t\t<\/div>\n\t\t\t\t<\/div>\n\t\t\t\t\t<\/div>\n\t\t<\/div>\n\t\t\t\t<div class=\"elementor-column elementor-col-25 elementor-inner-column elementor-element elementor-element-be954fd\" data-id=\"be954fd\" data-element_type=\"column\" data-e-type=\"column\">\n\t\t\t<div class=\"elementor-widget-wrap elementor-element-populated\">\n\t\t\t\t\t\t<div class=\"elementor-element elementor-element-17369fe dl-align-center elementor-widget elementor-widget-sc_promo_box\" data-id=\"17369fe\" data-element_type=\"widget\" data-e-type=\"widget\" data-settings=\"{&quot;dl_content_align&quot;:&quot;center&quot;}\" data-widget_type=\"sc_promo_box.default\">\n\t\t\t\t<div class=\"elementor-widget-container\">\n\t\t\t\t\t\t\t<div class=\"dl-promo-item\">\r\n\t\t\t<div class=\"promo-icon\"><i class=\"cht cht-charity-8\"><\/i><\/div>\t\t\t<h3 >Dignit\u00e9 toujours<\/h3>\t\t\t<p >La vie, l&#039;histoire et l&#039;identit\u00e9 culturelle de chaque a\u00een\u00e9 comptent. Nous d\u00e9fendons le droit de tous les a\u00een\u00e9s \u00e0 vieillir avec respect, reconnaissance et sens.<\/p>\t\t\t\t\t\t<div class=\"overlay-icon\"><i class=\"cht cht-charity-8\"><\/i><\/div>\t\t\t<span><\/span>\r\n\t\t<\/div>\r\n\t\t\t\t\t<\/div>\n\t\t\t\t<\/div>\n\t\t\t\t\t<\/div>\n\t\t<\/div>\n\t\t\t\t<div class=\"elementor-column elementor-col-25 elementor-inner-column elementor-element elementor-element-d1dba8f\" data-id=\"d1dba8f\" data-element_type=\"column\" data-e-type=\"column\">\n\t\t\t<div class=\"elementor-widget-wrap elementor-element-populated\">\n\t\t\t\t\t\t<div class=\"elementor-element elementor-element-8d725e9 dl-align-center elementor-widget elementor-widget-sc_promo_box\" data-id=\"8d725e9\" data-element_type=\"widget\" data-e-type=\"widget\" data-settings=\"{&quot;dl_content_align&quot;:&quot;center&quot;}\" data-widget_type=\"sc_promo_box.default\">\n\t\t\t\t<div class=\"elementor-widget-container\">\n\t\t\t\t\t\t\t<div class=\"dl-promo-item\">\r\n\t\t\t<div class=\"promo-icon\"><i class=\"cht cht-charity-14\"><\/i><\/div>\t\t\t<h3 >Respect culturel<\/h3>\t\t\t<p >Nous centrons intentionnellement les exp\u00e9riences des communaut\u00e9s noires et racialis\u00e9es dans notre approche des soins, en reconnaissant les besoins, les histoires et les voix uniques de ceux qui sont souvent exclus des syst\u00e8mes de soutien traditionnels.<\/p>\t\t\t\t\t\t<div class=\"overlay-icon\"><i class=\"cht cht-charity-14\"><\/i><\/div>\t\t\t<span><\/span>\r\n\t\t<\/div>\r\n\t\t\t\t\t<\/div>\n\t\t\t\t<\/div>\n\t\t\t\t\t<\/div>\n\t\t<\/div>\n\t\t\t\t<div class=\"elementor-column elementor-col-25 elementor-inner-column elementor-element elementor-element-de45710\" data-id=\"de45710\" data-element_type=\"column\" data-e-type=\"column\">\n\t\t\t<div class=\"elementor-widget-wrap elementor-element-populated\">\n\t\t\t\t\t\t<div class=\"elementor-element elementor-element-6957447 dl-align-center elementor-widget elementor-widget-sc_promo_box\" data-id=\"6957447\" data-element_type=\"widget\" data-e-type=\"widget\" data-settings=\"{&quot;dl_content_align&quot;:&quot;center&quot;}\" data-widget_type=\"sc_promo_box.default\">\n\t\t\t\t<div class=\"elementor-widget-container\">\n\t\t\t\t\t\t\t<div class=\"dl-promo-item\">\r\n\t\t\t<div class=\"promo-icon\"><i class=\"cht cht-charity-12\"><\/i><\/div>\t\t\t<h3 >Unit\u00e9 interg\u00e9n\u00e9rationnelle<\/h3>\t\t\t<p >Nous croyons au pouvoir des liens entre les g\u00e9n\u00e9rations. En favorisant les relations entre jeunes et a\u00een\u00e9s, nous favorisons l&#039;apprentissage mutuel, la gu\u00e9rison et la joie partag\u00e9e.<\/p>\t\t\t\t\t\t<div class=\"overlay-icon\"><i class=\"cht cht-charity-12\"><\/i><\/div>\t\t\t<span><\/span>\r\n\t\t<\/div>\r\n\t\t\t\t\t<\/div>\n\t\t\t\t<\/div>\n\t\t\t\t\t<\/div>\n\t\t<\/div>\n\t\t\t\t\t<\/div>\n\t\t<\/section>\n\t\t\t\t\t<\/div>\n\t\t<\/div>\n\t\t\t\t\t<\/div>\n\t\t<\/section>\n\t\t<div class=\"elementor-element elementor-element-35e9fff e-flex e-con-boxed e-con e-parent\" data-id=\"35e9fff\" data-element_type=\"container\" data-e-type=\"container\">\n\t\t\t\t\t<div class=\"e-con-inner\">\n\t\t\t\t<div class=\"elementor-element elementor-element-70d1639 elementor-widget elementor-widget-text-editor\" data-id=\"70d1639\" data-element_type=\"widget\" data-e-type=\"widget\" data-widget_type=\"text-editor.default\">\n\t\t\t\t<div class=\"elementor-widget-container\">\n\t\t\t\t\t\t\t\t\t<div style=\"text-align: center; margin: 50px 0;\">\n  <h3 style=\"font-size: 28px; font-weight: bold; color: #000;\">\n    Nous servons diverses communaut\u00e9s au Canada\n  <\/h3>\n  <div style=\"display: flex; justify-content: center; flex-wrap: wrap; gap: 20px; margin-top: 30px;\">\n    <img decoding=\"async\" style=\"height: 100px; border: 2px solid #ddd;\" src=\"https:\/\/upload.wikimedia.org\/wikipedia\/commons\/5\/50\/Flag_of_Burundi.svg\" alt=\"Burundi Flag\" \/>\n    <img decoding=\"async\" style=\"height: 100px; border: 2px solid #ddd;\" src=\"https:\/\/upload.wikimedia.org\/wikipedia\/commons\/1\/17\/Flag_of_Rwanda.svg\" alt=\"Rwanda Flag\" \/>\n    <img decoding=\"async\" style=\"height: 100px; border: 2px solid #ddd;\" src=\"https:\/\/upload.wikimedia.org\/wikipedia\/commons\/3\/38\/Flag_of_Tanzania.svg\" alt=\"Tanzania Flag\" \/>\n    <img decoding=\"async\" style=\"height: 100px; border: 2px solid #ddd;\" src=\"https:\/\/upload.wikimedia.org\/wikipedia\/commons\/6\/6f\/Flag_of_the_Democratic_Republic_of_the_Congo.svg\" alt=\"DR Congo Flag\" \/>\n    <img decoding=\"async\" style=\"height: 100px; border: 2px solid #ddd;\" src=\"https:\/\/upload.wikimedia.org\/wikipedia\/commons\/4\/49\/Flag_of_Kenya.svg\" alt=\"Kenya Flag\" \/>\n    <img decoding=\"async\" style=\"height: 100px; border: 2px solid #ddd;\" src=\"https:\/\/upload.wikimedia.org\/wikipedia\/commons\/c\/cf\/Flag_of_Canada.svg\" alt=\"Canada Flag\" \/>\n  <\/div>\n<\/div>\t\t\t\t\t\t\t\t<\/div>\n\t\t\t\t<\/div>\n\t\t\t\t\t<\/div>\n\t\t\t\t<\/div>\n\t\t\t\t<section class=\"elementor-section elementor-top-section elementor-element elementor-element-8465501 elementor-section-boxed elementor-section-height-default elementor-section-height-default\" data-id=\"8465501\" data-element_type=\"section\" data-e-type=\"section\">\n\t\t\t\t\t\t<div class=\"elementor-container elementor-column-gap-default\">\n\t\t\t\t\t<div class=\"elementor-column elementor-col-100 elementor-top-column elementor-element elementor-element-ed5ba9e\" data-id=\"ed5ba9e\" data-element_type=\"column\" data-e-type=\"column\">\n\t\t\t<div class=\"elementor-widget-wrap elementor-element-populated\">\n\t\t\t\t\t\t<div class=\"elementor-element elementor-element-fdfdbf2 elementor-widget elementor-widget-heading\" data-id=\"fdfdbf2\" data-element_type=\"widget\" data-e-type=\"widget\" data-widget_type=\"heading.default\">\n\t\t\t\t<div class=\"elementor-widget-container\">\n\t\t\t\t\t<h2 class=\"elementor-heading-title elementor-size-default\">Partenaires<\/h2>\t\t\t\t<\/div>\n\t\t\t\t<\/div>\n\t\t\t\t\t<\/div>\n\t\t<\/div>\n\t\t\t\t\t<\/div>\n\t\t<\/section>\n\t\t<div class=\"elementor-element elementor-element-357c37d e-flex e-con-boxed e-con e-parent\" data-id=\"357c37d\" data-element_type=\"container\" data-e-type=\"container\">\n\t\t\t\t\t<div class=\"e-con-inner\">\n\t\t<div class=\"elementor-element elementor-element-0e1fcac e-con-full e-flex e-con e-child\" data-id=\"0e1fcac\" data-element_type=\"container\" data-e-type=\"container\">\n\t\t\t\t<\/div>\n\t\t<div class=\"elementor-element elementor-element-75bc8e9 e-con-full e-flex e-con e-child\" data-id=\"75bc8e9\" data-element_type=\"container\" data-e-type=\"container\">\n\t\t\t\t<div class=\"elementor-element elementor-element-3c2fa5f elementor-widget elementor-widget-image\" data-id=\"3c2fa5f\" data-element_type=\"widget\" data-e-type=\"widget\" data-widget_type=\"image.default\">\n\t\t\t\t<div class=\"elementor-widget-container\">\n\t\t\t\t\t\t\t\t\t\t\t\t\t\t\t<img decoding=\"async\" width=\"300\" height=\"157\" src=\"https:\/\/thevoiceofourseniors.ca\/wp-content\/uploads\/2025\/04\/ATEHO-fullcolour-vertical-300x157.png\" class=\"attachment-medium size-medium wp-image-1668\" alt=\"ATEHO\" srcset=\"https:\/\/thevoiceofourseniors.ca\/wp-content\/uploads\/2025\/04\/ATEHO-fullcolour-vertical-300x157.png 300w, https:\/\/thevoiceofourseniors.ca\/wp-content\/uploads\/2025\/04\/ATEHO-fullcolour-vertical-1024x535.png 1024w, https:\/\/thevoiceofourseniors.ca\/wp-content\/uploads\/2025\/04\/ATEHO-fullcolour-vertical-768x401.png 768w, https:\/\/thevoiceofourseniors.ca\/wp-content\/uploads\/2025\/04\/ATEHO-fullcolour-vertical.png 1244w\" sizes=\"(max-width: 300px) 100vw, 300px\" \/>\t\t\t\t\t\t\t\t\t\t\t\t\t\t\t<\/div>\n\t\t\t\t<\/div>\n\t\t\t\t<\/div>\n\t\t<div class=\"elementor-element elementor-element-9bcca3c e-con-full e-flex e-con e-child\" data-id=\"9bcca3c\" data-element_type=\"container\" data-e-type=\"container\">\n\t\t\t\t<div class=\"elementor-element elementor-element-262c25d elementor-widget elementor-widget-image\" data-id=\"262c25d\" data-element_type=\"widget\" data-e-type=\"widget\" data-widget_type=\"image.default\">\n\t\t\t\t<div class=\"elementor-widget-container\">\n\t\t\t\t\t\t\t\t\t\t\t\t\t\t\t<img loading=\"lazy\" decoding=\"async\" width=\"300\" height=\"129\" src=\"https:\/\/thevoiceofourseniors.ca\/wp-content\/uploads\/2025\/09\/unnamed-e1758237230585-300x129.png\" class=\"attachment-medium size-medium wp-image-2174\" alt=\"RTO\" srcset=\"https:\/\/thevoiceofourseniors.ca\/wp-content\/uploads\/2025\/09\/unnamed-e1758237230585-300x130.png 300w, https:\/\/thevoiceofourseniors.ca\/wp-content\/uploads\/2025\/09\/unnamed-e1758237230585-18x8.png 18w, https:\/\/thevoiceofourseniors.ca\/wp-content\/uploads\/2025\/09\/unnamed-e1758237230585.png 303w\" sizes=\"(max-width: 300px) 100vw, 300px\" \/>\t\t\t\t\t\t\t\t\t\t\t\t\t\t\t<\/div>\n\t\t\t\t<\/div>\n\t\t\t\t<\/div>\n\t\t<div class=\"elementor-element elementor-element-b7992ab e-con-full e-flex e-con e-child\" data-id=\"b7992ab\" data-element_type=\"container\" data-e-type=\"container\">\n\t\t\t\t<\/div>\n\t\t\t\t\t<\/div>\n\t\t\t\t<\/div>\n\t\t\t\t<\/div>","protected":false},"excerpt":{"rendered":"<p>Our Vision We envision a Canada where every senior is valued, connected, and thriving. A future where elders are not left to navigate isolation alone. Where communities work intergenerationally to preserve wisdom and build resilience. Where cultural needs are respected in every layer of care \u2014 from transportation to end-of-life support. Where seniors with dementia<\/p>","protected":false},"author":1,"featured_media":0,"parent":0,"menu_order":0,"comment_status":"closed","ping_status":"closed","template":"empty-template.php","meta":{"_acf_changed":false,"give_campaign_id":0,"_monsterinsights_skip_tracking":false,"_monsterinsights_sitenote_active":false,"_monsterinsights_sitenote_note":"","_monsterinsights_sitenote_category":0,"footnotes":""},"class_list":["post-675","page","type-page","status-publish","hentry"],"acf":[],"aioseo_notices":[],"campaignId":"","_links":{"self":[{"href":"https:\/\/thevoiceofourseniors.ca\/fr\/wp-json\/wp\/v2\/pages\/675","targetHints":{"allow":["GET"]}}],"collection":[{"href":"https:\/\/thevoiceofourseniors.ca\/fr\/wp-json\/wp\/v2\/pages"}],"about":[{"href":"https:\/\/thevoiceofourseniors.ca\/fr\/wp-json\/wp\/v2\/types\/page"}],"author":[{"embeddable":true,"href":"https:\/\/thevoiceofourseniors.ca\/fr\/wp-json\/wp\/v2\/users\/1"}],"replies":[{"embeddable":true,"href":"https:\/\/thevoiceofourseniors.ca\/fr\/wp-json\/wp\/v2\/comments?post=675"}],"version-history":[{"count":55,"href":"https:\/\/thevoiceofourseniors.ca\/fr\/wp-json\/wp\/v2\/pages\/675\/revisions"}],"predecessor-version":[{"id":2186,"href":"https:\/\/thevoiceofourseniors.ca\/fr\/wp-json\/wp\/v2\/pages\/675\/revisions\/2186"}],"wp:attachment":[{"href":"https:\/\/thevoiceofourseniors.ca\/fr\/wp-json\/wp\/v2\/media?parent=675"}],"curies":[{"name":"wp","href":"https:\/\/api.w.org\/{rel}","templated":true}]}}