{"id":708,"date":"2020-02-26T05:19:38","date_gmt":"2020-02-26T05:19:38","guid":{"rendered":"http:\/\/wp.dynamiclayers.net\/charitian\/our-causes-copy\/"},"modified":"2025-04-25T16:24:08","modified_gmt":"2025-04-25T16:24:08","slug":"volunteer","status":"publish","type":"page","link":"https:\/\/thevoiceofourseniors.ca\/fr\/volunteer\/","title":{"rendered":"B\u00e9n\u00e9vole"},"content":{"rendered":"<div data-elementor-type=\"wp-page\" data-elementor-id=\"708\" class=\"elementor elementor-708\">\n\t\t\t\t\t\t<section class=\"elementor-section elementor-top-section elementor-element elementor-element-ec88237 elementor-section-stretched elementor-section-full_width elementor-section-height-default elementor-section-height-default\" data-id=\"ec88237\" data-element_type=\"section\" data-e-type=\"section\" data-settings=\"{&quot;stretch_section&quot;:&quot;section-stretched&quot;}\">\n\t\t\t\t\t\t<div class=\"elementor-container elementor-column-gap-no\">\n\t\t\t\t\t<div class=\"elementor-column elementor-col-100 elementor-top-column elementor-element elementor-element-54480be\" data-id=\"54480be\" data-element_type=\"column\" data-e-type=\"column\">\n\t\t\t<div class=\"elementor-widget-wrap elementor-element-populated\">\n\t\t\t\t\t\t<div class=\"elementor-element elementor-element-647f43b el-align-center elementor-widget elementor-widget-dl_page_header\" data-id=\"647f43b\" data-element_type=\"widget\" data-e-type=\"widget\" data-widget_type=\"dl_page_header.default\">\n\t\t\t\t<div class=\"elementor-widget-container\">\n\t\t\t\t\t\t\t<div class=\"el-page-header\">\r\n\t\t\t<div class=\"overlay\"><\/div>\t\t\t<div class=\"container\">\r\n\t\t\t\t<div class=\"el-ph-content\">\r\n\t\t\t\t\t<h2 >Nos b\u00e9n\u00e9voles<\/h2>\t\t\t\t\t<p >Nos b\u00e9n\u00e9voles sont l&#039;\u00e2me de La Voix de nos a\u00een\u00e9s. Ils offrent leur temps, leur compassion et leurs talents pour aider les a\u00een\u00e9s \u00e0 se sentir vus, entendus et soutenus. <br>Bient\u00f4t, vous d\u00e9couvrirez les personnes inspirantes qui nous accompagnent dans cette \u0153uvre. Leurs histoires seront bient\u00f4t disponibles, et l&#039;attente en vaudra la peine.<\/p>\t\t\t\t\t\t\t\t\t\t<ol class=\"breadcrumb-wrap\">\r\n\t\t\t\t\t\t<li><a href=\"https:\/\/thevoiceofourseniors.ca\/fr\/\">\r\n\t\t\t\t\t\t<i class=\"ti-home\"><\/i>Maison\t\t\t\t\t\t<\/a><\/li>\r\n\t\t\t\t\t\t<li class=\"active\">\r\n\t\t\t\t\t\tNos b\u00e9n\u00e9voles\t\t\t\t\t\t<\/li>\r\n\t\t\t\t\t<\/ol>\r\n\t\t\t\t\t\t\t\t\t<\/div>\r\n\t\t\t<\/div>\r\n\t\t<\/div>\r\n\t\t\t\t\t\t<\/div>\n\t\t\t\t<\/div>\n\t\t\t\t\t<\/div>\n\t\t<\/div>\n\t\t\t\t\t<\/div>\n\t\t<\/section>\n\t\t<div class=\"elementor-element elementor-element-c08cfa7 e-flex e-con-boxed e-con e-parent\" data-id=\"c08cfa7\" data-element_type=\"container\" data-e-type=\"container\">\n\t\t\t\t\t<div class=\"e-con-inner\">\n\t\t\t\t<div class=\"elementor-element elementor-element-60cc076 elementor-widget elementor-widget-text-editor\" data-id=\"60cc076\" data-element_type=\"widget\" data-e-type=\"widget\" data-widget_type=\"text-editor.default\">\n\t\t\t\t<div class=\"elementor-widget-container\">\n\t\t\t\t\t\t\t\t\t<p class=\"\" style=\"text-align: center;\" data-start=\"481\" data-end=\"666\"><strong data-start=\"481\" data-end=\"522\">Nos b\u00e9n\u00e9voles font que la magie op\u00e8re.&nbsp;<\/strong><br data-start=\"522\" data-end=\"525\">Nous sommes en train de mettre en lumi\u00e8re les personnes extraordinaires qui contribuent \u00e0 alimenter notre mission.&nbsp;<br data-start=\"613\" data-end=\"616\">Revenez bient\u00f4t rencontrer le c\u0153ur de notre communaut\u00e9 !<\/p>\t\t\t\t\t\t\t\t<\/div>\n\t\t\t\t<\/div>\n\t\t\t\t\t<\/div>\n\t\t\t\t<\/div>\n\t\t\t\t<section class=\"elementor-section elementor-top-section elementor-element elementor-element-70960a8 elementor-section-boxed elementor-section-height-default elementor-section-height-default\" data-id=\"70960a8\" data-element_type=\"section\" data-e-type=\"section\" data-settings=\"{&quot;background_background&quot;:&quot;classic&quot;}\">\n\t\t\t\t\t\t<div class=\"elementor-container elementor-column-gap-default\">\n\t\t\t\t\t<div class=\"elementor-column elementor-col-100 elementor-top-column elementor-element elementor-element-2381d52 elementor-hidden-desktop elementor-hidden-tablet elementor-hidden-mobile\" data-id=\"2381d52\" data-element_type=\"column\" data-e-type=\"column\">\n\t\t\t<div class=\"elementor-widget-wrap elementor-element-populated\">\n\t\t\t\t\t\t<section class=\"elementor-section elementor-inner-section elementor-element elementor-element-b09901f elementor-section-boxed elementor-section-height-default elementor-section-height-default\" data-id=\"b09901f\" data-element_type=\"section\" data-e-type=\"section\">\n\t\t\t\t\t\t<div class=\"elementor-container elementor-column-gap-default\">\n\t\t\t\t\t<div class=\"elementor-column elementor-col-25 elementor-inner-column elementor-element elementor-element-f74b065\" data-id=\"f74b065\" data-element_type=\"column\" data-e-type=\"column\">\n\t\t\t<div class=\"elementor-widget-wrap elementor-element-populated\">\n\t\t\t\t\t\t<div class=\"elementor-element elementor-element-13dfaea elementor-widget elementor-widget-charitian_team\" data-id=\"13dfaea\" data-element_type=\"widget\" data-e-type=\"widget\" data-widget_type=\"charitian_team.default\">\n\t\t\t\t<div class=\"elementor-widget-container\">\n\t\t\t\t\t\t\t\t\t\t<div class=\"team-3 style-3\">\r\n\t\t\t\t\t\t\t\t<div class=\"team-thumb\">\r\n\t\t\t\t\t<img fetchpriority=\"high\" decoding=\"async\" width=\"768\" height=\"1096\" src=\"https:\/\/thevoiceofourseniors.ca\/wp-content\/uploads\/2020\/03\/team-placeholder-768x1096.png\" class=\"attachment-medium_large size-medium_large wp-image-1088\" alt=\"\" srcset=\"https:\/\/thevoiceofourseniors.ca\/wp-content\/uploads\/2020\/03\/team-placeholder-768x1096.png 768w, https:\/\/thevoiceofourseniors.ca\/wp-content\/uploads\/2020\/03\/team-placeholder-210x300.png 210w, https:\/\/thevoiceofourseniors.ca\/wp-content\/uploads\/2020\/03\/team-placeholder-717x1024.png 717w, https:\/\/thevoiceofourseniors.ca\/wp-content\/uploads\/2020\/03\/team-placeholder.png 800w\" sizes=\"(max-width: 768px) 100vw, 768px\" \/>\t\t\t\t\t\t\t\t\t\t<ul class=\"team-social\">\r\n\t\t\t\t\t\t<li><a class=\"fb\" href=\"#\" target=\"_blank\"><i class=\"fab fa-facebook-f\"><\/i><\/a><\/li><li><a class=\"twitter\" href=\"#\" target=\"_blank\"><i class=\"fab fa-twitter\"><\/i><\/a><\/li><li><a class=\"insta\" href=\"#\" target=\"_blank\"><i class=\"fab fa-instagram\"><\/i><\/a><\/li><li><a class=\"linkedin\" href=\"#\" target=\"_blank\"><i class=\"fab fa-linkedin\"><\/i><\/a><\/li>\t\t\t\t\t<\/ul>\r\n\t\t\t\t\t\t\t\t\t<\/div>\r\n\t\t\t\t\t\t\t\t\t\t\t\t<div class=\"team-details\">\r\n\t\t\t\t\t<h3>\r\n\t\t\t\t\t<span class=\"m-title\" > \u00c9lisabeth H\u00e9l\u00e8ne<\/span><b class=\"pos\" >B\u00e9n\u00e9vole<\/b>\t\t\t\t\t<\/h3>\r\n\t\t\t\t<\/div>\r\n\t\t\t\t\t\t\t<\/div>\r\n\t\t\t\t\t\t<\/div>\n\t\t\t\t<\/div>\n\t\t\t\t\t<\/div>\n\t\t<\/div>\n\t\t\t\t<div class=\"elementor-column elementor-col-25 elementor-inner-column elementor-element elementor-element-e6711a0\" data-id=\"e6711a0\" data-element_type=\"column\" data-e-type=\"column\">\n\t\t\t<div class=\"elementor-widget-wrap elementor-element-populated\">\n\t\t\t\t\t\t<div class=\"elementor-element elementor-element-2737f7a elementor-widget elementor-widget-charitian_team\" data-id=\"2737f7a\" data-element_type=\"widget\" data-e-type=\"widget\" data-widget_type=\"charitian_team.default\">\n\t\t\t\t<div class=\"elementor-widget-container\">\n\t\t\t\t\t\t\t\t\t\t<div class=\"team-3 style-3\">\r\n\t\t\t\t\t\t\t\t<div class=\"team-thumb\">\r\n\t\t\t\t\t<img fetchpriority=\"high\" decoding=\"async\" width=\"768\" height=\"1096\" src=\"https:\/\/thevoiceofourseniors.ca\/wp-content\/uploads\/2020\/03\/team-placeholder-768x1096.png\" class=\"attachment-medium_large size-medium_large wp-image-1088\" alt=\"\" srcset=\"https:\/\/thevoiceofourseniors.ca\/wp-content\/uploads\/2020\/03\/team-placeholder-768x1096.png 768w, https:\/\/thevoiceofourseniors.ca\/wp-content\/uploads\/2020\/03\/team-placeholder-210x300.png 210w, https:\/\/thevoiceofourseniors.ca\/wp-content\/uploads\/2020\/03\/team-placeholder-717x1024.png 717w, https:\/\/thevoiceofourseniors.ca\/wp-content\/uploads\/2020\/03\/team-placeholder.png 800w\" sizes=\"(max-width: 768px) 100vw, 768px\" \/>\t\t\t\t\t\t\t\t\t\t<ul class=\"team-social\">\r\n\t\t\t\t\t\t<li><a class=\"fb\" href=\"#\" target=\"_blank\"><i class=\"fab fa-facebook-f\"><\/i><\/a><\/li><li><a class=\"twitter\" href=\"#\" target=\"_blank\"><i class=\"fab fa-twitter\"><\/i><\/a><\/li><li><a class=\"insta\" href=\"#\" target=\"_blank\"><i class=\"fab fa-instagram\"><\/i><\/a><\/li><li><a class=\"linkedin\" href=\"#\" target=\"_blank\"><i class=\"fab fa-linkedin\"><\/i><\/a><\/li>\t\t\t\t\t<\/ul>\r\n\t\t\t\t\t\t\t\t\t<\/div>\r\n\t\t\t\t\t\t\t\t\t\t\t\t<div class=\"team-details\">\r\n\t\t\t\t\t<h3>\r\n\t\t\t\t\t<span class=\"m-title\" >J\u00e9r\u00e9mie Ambroise<\/span><b class=\"pos\" >B\u00e9n\u00e9vole<\/b>\t\t\t\t\t<\/h3>\r\n\t\t\t\t<\/div>\r\n\t\t\t\t\t\t\t<\/div>\r\n\t\t\t\t\t\t<\/div>\n\t\t\t\t<\/div>\n\t\t\t\t\t<\/div>\n\t\t<\/div>\n\t\t\t\t<div class=\"elementor-column elementor-col-25 elementor-inner-column elementor-element elementor-element-d934083\" data-id=\"d934083\" data-element_type=\"column\" data-e-type=\"column\">\n\t\t\t<div class=\"elementor-widget-wrap elementor-element-populated\">\n\t\t\t\t\t\t<div class=\"elementor-element elementor-element-092295e elementor-widget elementor-widget-charitian_team\" data-id=\"092295e\" data-element_type=\"widget\" data-e-type=\"widget\" data-widget_type=\"charitian_team.default\">\n\t\t\t\t<div class=\"elementor-widget-container\">\n\t\t\t\t\t\t\t\t\t\t<div class=\"team-3 style-3\">\r\n\t\t\t\t\t\t\t\t<div class=\"team-thumb\">\r\n\t\t\t\t\t<img fetchpriority=\"high\" decoding=\"async\" width=\"768\" height=\"1096\" src=\"https:\/\/thevoiceofourseniors.ca\/wp-content\/uploads\/2020\/03\/team-placeholder-768x1096.png\" class=\"attachment-medium_large size-medium_large wp-image-1088\" alt=\"\" srcset=\"https:\/\/thevoiceofourseniors.ca\/wp-content\/uploads\/2020\/03\/team-placeholder-768x1096.png 768w, https:\/\/thevoiceofourseniors.ca\/wp-content\/uploads\/2020\/03\/team-placeholder-210x300.png 210w, https:\/\/thevoiceofourseniors.ca\/wp-content\/uploads\/2020\/03\/team-placeholder-717x1024.png 717w, https:\/\/thevoiceofourseniors.ca\/wp-content\/uploads\/2020\/03\/team-placeholder.png 800w\" sizes=\"(max-width: 768px) 100vw, 768px\" \/>\t\t\t\t\t\t\t\t\t\t<ul class=\"team-social\">\r\n\t\t\t\t\t\t<li><a class=\"fb\" href=\"#\" target=\"_blank\"><i class=\"fab fa-facebook-f\"><\/i><\/a><\/li><li><a class=\"twitter\" href=\"#\" target=\"_blank\"><i class=\"fab fa-twitter\"><\/i><\/a><\/li><li><a class=\"insta\" href=\"#\" target=\"_blank\"><i class=\"fab fa-instagram\"><\/i><\/a><\/li><li><a class=\"linkedin\" href=\"#\" target=\"_blank\"><i class=\"fab fa-linkedin\"><\/i><\/a><\/li>\t\t\t\t\t<\/ul>\r\n\t\t\t\t\t\t\t\t\t<\/div>\r\n\t\t\t\t\t\t\t\t\t\t\t\t<div class=\"team-details\">\r\n\t\t\t\t\t<h3>\r\n\t\t\t\t\t<span class=\"m-title\" >Ana Luiza Oliveira<\/span><b class=\"pos\" >B\u00e9n\u00e9vole<\/b>\t\t\t\t\t<\/h3>\r\n\t\t\t\t<\/div>\r\n\t\t\t\t\t\t\t<\/div>\r\n\t\t\t\t\t\t<\/div>\n\t\t\t\t<\/div>\n\t\t\t\t\t<\/div>\n\t\t<\/div>\n\t\t\t\t<div class=\"elementor-column elementor-col-25 elementor-inner-column elementor-element elementor-element-acd242f\" data-id=\"acd242f\" data-element_type=\"column\" data-e-type=\"column\">\n\t\t\t<div class=\"elementor-widget-wrap elementor-element-populated\">\n\t\t\t\t\t\t<div class=\"elementor-element elementor-element-ce925ed elementor-widget elementor-widget-charitian_team\" data-id=\"ce925ed\" data-element_type=\"widget\" data-e-type=\"widget\" data-widget_type=\"charitian_team.default\">\n\t\t\t\t<div class=\"elementor-widget-container\">\n\t\t\t\t\t\t\t\t\t\t<div class=\"team-3 style-3\">\r\n\t\t\t\t\t\t\t\t<div class=\"team-thumb\">\r\n\t\t\t\t\t<img fetchpriority=\"high\" decoding=\"async\" width=\"768\" height=\"1096\" src=\"https:\/\/thevoiceofourseniors.ca\/wp-content\/uploads\/2020\/03\/team-placeholder-768x1096.png\" class=\"attachment-medium_large size-medium_large wp-image-1088\" alt=\"\" srcset=\"https:\/\/thevoiceofourseniors.ca\/wp-content\/uploads\/2020\/03\/team-placeholder-768x1096.png 768w, https:\/\/thevoiceofourseniors.ca\/wp-content\/uploads\/2020\/03\/team-placeholder-210x300.png 210w, https:\/\/thevoiceofourseniors.ca\/wp-content\/uploads\/2020\/03\/team-placeholder-717x1024.png 717w, https:\/\/thevoiceofourseniors.ca\/wp-content\/uploads\/2020\/03\/team-placeholder.png 800w\" sizes=\"(max-width: 768px) 100vw, 768px\" \/>\t\t\t\t\t\t\t\t\t\t<ul class=\"team-social\">\r\n\t\t\t\t\t\t<li><a class=\"fb\" href=\"#\" target=\"_blank\"><i class=\"fab fa-facebook-f\"><\/i><\/a><\/li><li><a class=\"twitter\" href=\"#\" target=\"_blank\"><i class=\"fab fa-twitter\"><\/i><\/a><\/li><li><a class=\"insta\" href=\"#\" target=\"_blank\"><i class=\"fab fa-instagram\"><\/i><\/a><\/li><li><a class=\"linkedin\" href=\"#\" target=\"_blank\"><i class=\"fab fa-linkedin\"><\/i><\/a><\/li>\t\t\t\t\t<\/ul>\r\n\t\t\t\t\t\t\t\t\t<\/div>\r\n\t\t\t\t\t\t\t\t\t\t\t\t<div class=\"team-details\">\r\n\t\t\t\t\t<h3>\r\n\t\t\t\t\t<span class=\"m-title\" >Marcos Fernando<\/span><b class=\"pos\" >B\u00e9n\u00e9vole<\/b>\t\t\t\t\t<\/h3>\r\n\t\t\t\t<\/div>\r\n\t\t\t\t\t\t\t<\/div>\r\n\t\t\t\t\t\t<\/div>\n\t\t\t\t<\/div>\n\t\t\t\t\t<\/div>\n\t\t<\/div>\n\t\t\t\t\t<\/div>\n\t\t<\/section>\n\t\t\t\t\t<\/div>\n\t\t<\/div>\n\t\t\t\t\t<\/div>\n\t\t<\/section>\n\t\t\t\t<\/div>","protected":false},"excerpt":{"rendered":"<p>Our Volunteers Our volunteers are the soul of The Voice of Our Seniors. They offer their time, compassion, and talents to help older adults feel seen, heard, and supported. Soon, you&#8217;ll get to know the inspiring individuals who walk alongside us in this work. Their stories are coming soon\u2014and worth the wait. Home Our Volunteers<\/p>","protected":false},"author":1,"featured_media":0,"parent":0,"menu_order":0,"comment_status":"closed","ping_status":"closed","template":"empty-template.php","meta":{"_acf_changed":false,"give_campaign_id":0,"_monsterinsights_skip_tracking":false,"_monsterinsights_sitenote_active":false,"_monsterinsights_sitenote_note":"","_monsterinsights_sitenote_category":0,"footnotes":""},"class_list":["post-708","page","type-page","status-publish","hentry"],"acf":[],"aioseo_notices":[],"campaignId":"","_links":{"self":[{"href":"https:\/\/thevoiceofourseniors.ca\/fr\/wp-json\/wp\/v2\/pages\/708","targetHints":{"allow":["GET"]}}],"collection":[{"href":"https:\/\/thevoiceofourseniors.ca\/fr\/wp-json\/wp\/v2\/pages"}],"about":[{"href":"https:\/\/thevoiceofourseniors.ca\/fr\/wp-json\/wp\/v2\/types\/page"}],"author":[{"embeddable":true,"href":"https:\/\/thevoiceofourseniors.ca\/fr\/wp-json\/wp\/v2\/users\/1"}],"replies":[{"embeddable":true,"href":"https:\/\/thevoiceofourseniors.ca\/fr\/wp-json\/wp\/v2\/comments?post=708"}],"version-history":[{"count":10,"href":"https:\/\/thevoiceofourseniors.ca\/fr\/wp-json\/wp\/v2\/pages\/708\/revisions"}],"predecessor-version":[{"id":2006,"href":"https:\/\/thevoiceofourseniors.ca\/fr\/wp-json\/wp\/v2\/pages\/708\/revisions\/2006"}],"wp:attachment":[{"href":"https:\/\/thevoiceofourseniors.ca\/fr\/wp-json\/wp\/v2\/media?parent=708"}],"curies":[{"name":"wp","href":"https:\/\/api.w.org\/{rel}","templated":true}]}}